{"id":164753,"date":"2026-04-22T15:32:12","date_gmt":"2026-04-22T13:32:12","guid":{"rendered":"https:\/\/secureus.se\/evolis-s10212-kortlamineringsmodul-clm\/"},"modified":"2026-04-23T12:22:46","modified_gmt":"2026-04-23T10:22:46","slug":"evolis-s10212-kortlamineringsmodul-clm","status":"publish","type":"product","link":"https:\/\/secureus.se\/dk\/evolis-s10212-kortlamineringsmodul-clm\/","title":{"rendered":"Evolis S10212 Kortlamineringsmodul (CLM)"},"content":{"rendered":"<p>Evolis S10212 Card Lamination Module (CLM) \u00e4r en innovativ och p\u00e5litlig lamineringsmodul som \u00e4r designad f\u00f6r att f\u00f6rb\u00e4ttra s\u00e4kerheten och h\u00e5llbarheten p\u00e5 dina utskrivna kort. Med enkel installation och anv\u00e4ndarv\u00e4nlig design \u00e4r denna modul perfekt f\u00f6r att skapa professionella och skyddade ID-kort, medlemskort, eller andra tryckta kort. Med Evolis S10212 CLM kan du lamineringsprocesser f\u00f6rb\u00e4ttras och ge dina kort en h\u00f6gkvalitativ finish som skyddar dem mot smuts, vatten och slitage. Ge dina kort en extra dimension av skydd och stil med Evolis S10212 Card Lamination Module.<\/p>","protected":false},"excerpt":{"rendered":"<ul>\n<li>Evolis S10212 kortlamineringsmodul p\u00e5f\u00f8rer overlays og holografiske film p\u00e5 kort<\/li>\n<li>Kan bruges som en selvst\u00e6ndig enhed eller med Evolis Primacy- eller Primacy 2 ID-kortprintere<\/li>\n<li>Inkluderer et dobbeltsidet lamineringsmodul<\/li>\n<li>Tilsluttes direkte til en pc i standalone-tilstand via USB-kabel (medf\u00f8lger ikke)<\/li>\n<li>Produktv\u00e6gt: 8,00 kg<\/li>\n<\/ul>","protected":false},"featured_media":164752,"template":"","meta":{"_acf_changed":false},"product_brand":[],"product_cat":[3205],"product_tag":[],"class_list":{"0":"post-164753","1":"product","2":"type-product","3":"status-publish","4":"has-post-thumbnail","6":"product_cat-evolis","7":"product_shipping_class-tunga-paket","8":"pa_brands-evolis","9":"tm-no-options","11":"first","12":"outofstock","13":"sale","14":"taxable","15":"shipping-taxable","16":"purchasable","17":"product-type-simple"},"acf":[],"_links":{"self":[{"href":"https:\/\/secureus.se\/dk\/wp-json\/wp\/v2\/product\/164753","targetHints":{"allow":["GET"]}}],"collection":[{"href":"https:\/\/secureus.se\/dk\/wp-json\/wp\/v2\/product"}],"about":[{"href":"https:\/\/secureus.se\/dk\/wp-json\/wp\/v2\/types\/product"}],"wp:featuredmedia":[{"embeddable":true,"href":"https:\/\/secureus.se\/dk\/wp-json\/wp\/v2\/media\/164752"}],"wp:attachment":[{"href":"https:\/\/secureus.se\/dk\/wp-json\/wp\/v2\/media?parent=164753"}],"wp:term":[{"taxonomy":"product_brand","embeddable":true,"href":"https:\/\/secureus.se\/dk\/wp-json\/wp\/v2\/product_brand?post=164753"},{"taxonomy":"product_cat","embeddable":true,"href":"https:\/\/secureus.se\/dk\/wp-json\/wp\/v2\/product_cat?post=164753"},{"taxonomy":"product_tag","embeddable":true,"href":"https:\/\/secureus.se\/dk\/wp-json\/wp\/v2\/product_tag?post=164753"}],"curies":[{"name":"wp","href":"https:\/\/api.w.org\/{rel}","templated":true}]}}