{"id":165236,"date":"2026-05-05T14:27:30","date_gmt":"2026-05-05T12:27:30","guid":{"rendered":"https:\/\/secureus.se\/hid-omnikey-5023-contactless-card-reader-dark-blue\/"},"modified":"2026-05-05T17:44:23","modified_gmt":"2026-05-05T15:44:23","slug":"hid-omnikey-5023-contactless-card-reader-dark-blue","status":"publish","type":"product","link":"https:\/\/secureus.se\/dk\/hid-omnikey-5023-contactless-card-reader-dark-blue\/","title":{"rendered":"HID Omnikey 5023 Kontaktl\u00f8s Kortl\u00e6ser - M\u00f8rkebl\u00e5"},"content":{"rendered":"<p>HID Omnikey 5023 kontaktl\u00f8s smartkortl\u00e6ser anvender flerlags, sikker standardbaseret teknologi baseret p\u00e5 Secure Identity Object (SIO) til at beskytte data og underst\u00f8tte legitimationsoplysninger. Som en del af ActivID Tap Authentication-l\u00f8sningen giver denne l\u00e6ser ogs\u00e5 brugerne mulighed for at s\u00e6tte et kort p\u00e5 enheden og generere en OTP (engangsadgangskode) for et mere sikkert login.<\/p>\n<ul>\n<li>Underst\u00f8tter Seos, iCLASS SE, MIFARE, DESFire og andre SIO-aktiverede legitimationsoplysninger<\/li>\n<li>CCID-underst\u00f8ttelse til Windows-, LINUX- og Mac-operativsystemer<\/li>\n<li>Producentens varenummer: R50230318-DB<\/li>\n<\/ul>\n<p>\n <strong><br \/>\n Produktv\u00e6gt:<br \/>\n 0,00 kg<br \/>\n <\/strong>\n <\/p>","protected":false},"excerpt":{"rendered":"<p>The HID Omnikey 5023 Contactless Smart Card Reader utilises multi-layered, secure standards-based technology based on Secure Identity Object (SIO) to protect data and support credentials. As part of the ActivID<\/p>","protected":false},"featured_media":165235,"template":"","meta":{"_acf_changed":false},"product_brand":[],"product_cat":[5132],"product_tag":[],"class_list":{"0":"post-165236","1":"product","2":"type-product","3":"status-publish","4":"has-post-thumbnail","6":"product_cat-lasare-passersystem","7":"pa_brands-hid","8":"tm-no-options","10":"first","11":"outofstock","12":"sale","13":"taxable","14":"shipping-taxable","15":"purchasable","16":"product-type-simple"},"acf":[],"_links":{"self":[{"href":"https:\/\/secureus.se\/dk\/wp-json\/wp\/v2\/product\/165236","targetHints":{"allow":["GET"]}}],"collection":[{"href":"https:\/\/secureus.se\/dk\/wp-json\/wp\/v2\/product"}],"about":[{"href":"https:\/\/secureus.se\/dk\/wp-json\/wp\/v2\/types\/product"}],"wp:featuredmedia":[{"embeddable":true,"href":"https:\/\/secureus.se\/dk\/wp-json\/wp\/v2\/media\/165235"}],"wp:attachment":[{"href":"https:\/\/secureus.se\/dk\/wp-json\/wp\/v2\/media?parent=165236"}],"wp:term":[{"taxonomy":"product_brand","embeddable":true,"href":"https:\/\/secureus.se\/dk\/wp-json\/wp\/v2\/product_brand?post=165236"},{"taxonomy":"product_cat","embeddable":true,"href":"https:\/\/secureus.se\/dk\/wp-json\/wp\/v2\/product_cat?post=165236"},{"taxonomy":"product_tag","embeddable":true,"href":"https:\/\/secureus.se\/dk\/wp-json\/wp\/v2\/product_tag?post=165236"}],"curies":[{"name":"wp","href":"https:\/\/api.w.org\/{rel}","templated":true}]}}