{"id":165251,"date":"2026-05-05T14:27:21","date_gmt":"2026-05-05T12:27:21","guid":{"rendered":"https:\/\/secureus.se\/pac-20116-black-oneprox-gs3-lf-vandal-resistant-reader\/"},"modified":"2026-05-05T17:11:43","modified_gmt":"2026-05-05T15:11:43","slug":"pac-20116-black-oneprox-gs3-lf-vandal-resistant-reader","status":"publish","type":"product","link":"https:\/\/secureus.se\/dk\/pac-20116-black-oneprox-gs3-lf-vandal-resistant-reader\/","title":{"rendered":"PAC 20116 Sort OneProx GS3 LF H\u00e6rv\u00e6rkssikker L\u00e6ser"},"content":{"rendered":"<p>Den sorte PAC OneProx GS3 lavfrekvente, vandalsikre l\u00e6ser er en robust, ubuden g\u00e6stesikret adgangsl\u00e6ser, der er designet til at fungere i de mest kr\u00e6vende driftsmilj\u00f8er. Denne l\u00e6ser er IP67-klassificeret og leveres med sikkerhedsklasse 3, hvilket g\u00f8r den vandalsikret og yderst sikker.<\/p>\n<ul>\n<li>Kompatibel med PAC, KeyPAC og mange Wiegand-varianter<\/li>\n<li>40 mm l\u00e6seomr\u00e5de<\/li>\n<li>Livstidsgaranti mod elektroniske fejl<\/li>\n<\/ul>\n<p>\n <strong><br \/>\n Produktv\u00e6gt:<br \/>\n 0,50 kg<br \/>\n <\/strong>\n <\/p>\n<p>\n <strong>Pris fra \u20ac399,60<\/strong>\n <\/p>","protected":false},"excerpt":{"rendered":"<p>The PAC black OneProx GS3 low-frequency vandal-resistant reader is a robust, intruder-graded access reader and is designed to work in the most demanding of operating environments. This reader is IP67<\/p>","protected":false},"featured_media":165250,"template":"","meta":{"_acf_changed":false},"product_brand":[],"product_cat":[5132],"product_tag":[],"class_list":{"0":"post-165251","1":"product","2":"type-product","3":"status-publish","4":"has-post-thumbnail","6":"product_cat-lasare-passersystem","7":"tm-no-options","9":"first","10":"outofstock","11":"sale","12":"taxable","13":"shipping-taxable","14":"purchasable","15":"product-type-simple"},"acf":[],"_links":{"self":[{"href":"https:\/\/secureus.se\/dk\/wp-json\/wp\/v2\/product\/165251","targetHints":{"allow":["GET"]}}],"collection":[{"href":"https:\/\/secureus.se\/dk\/wp-json\/wp\/v2\/product"}],"about":[{"href":"https:\/\/secureus.se\/dk\/wp-json\/wp\/v2\/types\/product"}],"wp:featuredmedia":[{"embeddable":true,"href":"https:\/\/secureus.se\/dk\/wp-json\/wp\/v2\/media\/165250"}],"wp:attachment":[{"href":"https:\/\/secureus.se\/dk\/wp-json\/wp\/v2\/media?parent=165251"}],"wp:term":[{"taxonomy":"product_brand","embeddable":true,"href":"https:\/\/secureus.se\/dk\/wp-json\/wp\/v2\/product_brand?post=165251"},{"taxonomy":"product_cat","embeddable":true,"href":"https:\/\/secureus.se\/dk\/wp-json\/wp\/v2\/product_cat?post=165251"},{"taxonomy":"product_tag","embeddable":true,"href":"https:\/\/secureus.se\/dk\/wp-json\/wp\/v2\/product_tag?post=165251"}],"curies":[{"name":"wp","href":"https:\/\/api.w.org\/{rel}","templated":true}]}}