{"id":165257,"date":"2026-05-05T14:27:29","date_gmt":"2026-05-05T12:27:29","guid":{"rendered":"https:\/\/secureus.se\/zebra-li4278-cordless-scanner-usb-kit\/"},"modified":"2026-05-05T17:44:40","modified_gmt":"2026-05-05T15:44:40","slug":"zebra-li4278-cordless-scanner-usb-kit","status":"publish","type":"product","link":"https:\/\/secureus.se\/dk\/zebra-li4278-cordless-scanner-usb-kit\/","title":{"rendered":"Zebra LI4278 tr\u00e5dl\u00f8s scanner USB-s\u00e6t"},"content":{"rendered":"<p>Zebra LI4278 tr\u00e5dl\u00f8s scanner er en line\u00e6r imager, der leverer overlegen 1D-stregkodescanningsydelse med et bredt datafangstomr\u00e5de. Det indbyggede genopladelige batteri giver dine kunder h\u00e5ndholdt, tr\u00e5dl\u00f8s scanning med Bluetooth 2.1-kompatibilitet og forbedret kryptering for \u00f8get sikkerhed og ydeevne. Zebra LI4278 har en scanningshastighed p\u00e5 547 scanninger pr. sekund og et arbejdsomr\u00e5de fra 1,5 til 19 tommer.<\/p>\n<ul>\n<li>S-vugge inkluderet<\/li>\n<li>Kablet multi-interface<\/li>\n<li>USB 7 fods kabel<\/li>\n<li>Producentens varenummer: LI4278<\/li>\n<li>Underst\u00f8ttede gr\u00e6nseflader: USB, RS232, tastaturkile, RS485 (IBM)<\/li>\n<\/ul>\n<p>\n <strong><br \/>\n Produktv\u00e6gt:<br \/>\n 0,55 kg<br \/>\n <\/strong>\n <\/p>","protected":false},"excerpt":{"rendered":"<p>The Zebra LI4278 cordless scanner is a linear imager delivering superior 1D barcode scanning performance with a wide data capture range. The built-in rechargeable battery gives your customers\u00a0handheld, cordless scanning<\/p>","protected":false},"featured_media":165253,"template":"","meta":{"_acf_changed":false},"product_brand":[],"product_cat":[5132],"product_tag":[],"class_list":{"0":"post-165257","1":"product","2":"type-product","3":"status-publish","4":"has-post-thumbnail","6":"product_cat-lasare-passersystem","7":"pa_brands-zebra-2","8":"tm-no-options","10":"first","11":"instock","12":"sale","13":"taxable","14":"shipping-taxable","15":"purchasable","16":"product-type-simple"},"acf":[],"_links":{"self":[{"href":"https:\/\/secureus.se\/dk\/wp-json\/wp\/v2\/product\/165257","targetHints":{"allow":["GET"]}}],"collection":[{"href":"https:\/\/secureus.se\/dk\/wp-json\/wp\/v2\/product"}],"about":[{"href":"https:\/\/secureus.se\/dk\/wp-json\/wp\/v2\/types\/product"}],"wp:featuredmedia":[{"embeddable":true,"href":"https:\/\/secureus.se\/dk\/wp-json\/wp\/v2\/media\/165253"}],"wp:attachment":[{"href":"https:\/\/secureus.se\/dk\/wp-json\/wp\/v2\/media?parent=165257"}],"wp:term":[{"taxonomy":"product_brand","embeddable":true,"href":"https:\/\/secureus.se\/dk\/wp-json\/wp\/v2\/product_brand?post=165257"},{"taxonomy":"product_cat","embeddable":true,"href":"https:\/\/secureus.se\/dk\/wp-json\/wp\/v2\/product_cat?post=165257"},{"taxonomy":"product_tag","embeddable":true,"href":"https:\/\/secureus.se\/dk\/wp-json\/wp\/v2\/product_tag?post=165257"}],"curies":[{"name":"wp","href":"https:\/\/api.w.org\/{rel}","templated":true}]}}