{"id":165264,"date":"2026-05-05T14:27:20","date_gmt":"2026-05-05T12:27:20","guid":{"rendered":"https:\/\/secureus.se\/stid-architect-modular-mifare-desfire-bluetooth-keypad-reader\/"},"modified":"2026-05-05T17:21:39","modified_gmt":"2026-05-05T15:21:39","slug":"stid-architect-modular-mifare-desfire-bluetooth-keypad-reader","status":"publish","type":"product","link":"https:\/\/secureus.se\/dk\/stid-architect-modular-mifare-desfire-bluetooth-keypad-reader\/","title":{"rendered":"STid Architect\u00ae Modul\u00e6r MIFARE\u00ae, DESFire\u00ae &amp; Bluetooth-tastaturl\u00e6ser"},"content":{"rendered":"<p>Architect\u00ae Modular tastaturl\u00e6seren giver brugerne mulighed for at indtaste en kode og f\u00e5 sikker adgang til deres indstillinger. Denne l\u00e6ser er vejrbestandig, yderst modstandsdygtig over for h\u00e6rv\u00e6rk og ideel til b\u00e5de indend\u00f8rs og udend\u00f8rs milj\u00f8er.<\/p>\n<ul>\n<li>Sikker RFID- og NFC HCE-kortl\u00e6ser med tastatur<\/li>\n<li>Designet til at modst\u00e5 barske udend\u00f8rsmilj\u00f8er<\/li>\n<li>L\u00e6seomr\u00e5de p\u00e5 op til 6 cm<\/li>\n<\/ul>\n<p>Producentens varenummer: ARC-R31-B\/PH5-3i\/1<\/p>\n<p>\n <strong><br \/>\n Produktv\u00e6gt:<br \/>\n 1,00 kg<br \/>\n <\/strong>\n <\/p>","protected":false},"excerpt":{"rendered":"<p>The Architect\u00ae Modular keypad reader allows users to enter a code and receive secure access to their setting. This reader is weather-resistant, highly resistant to vandalism and ideal for both<\/p>","protected":false},"featured_media":165259,"template":"","meta":{"_acf_changed":false},"product_brand":[],"product_cat":[5132],"product_tag":[],"class_list":{"0":"post-165264","1":"product","2":"type-product","3":"status-publish","4":"has-post-thumbnail","6":"product_cat-lasare-passersystem","7":"tm-no-options","9":"first","10":"instock","11":"sale","12":"taxable","13":"shipping-taxable","14":"purchasable","15":"product-type-simple"},"acf":[],"_links":{"self":[{"href":"https:\/\/secureus.se\/dk\/wp-json\/wp\/v2\/product\/165264","targetHints":{"allow":["GET"]}}],"collection":[{"href":"https:\/\/secureus.se\/dk\/wp-json\/wp\/v2\/product"}],"about":[{"href":"https:\/\/secureus.se\/dk\/wp-json\/wp\/v2\/types\/product"}],"wp:featuredmedia":[{"embeddable":true,"href":"https:\/\/secureus.se\/dk\/wp-json\/wp\/v2\/media\/165259"}],"wp:attachment":[{"href":"https:\/\/secureus.se\/dk\/wp-json\/wp\/v2\/media?parent=165264"}],"wp:term":[{"taxonomy":"product_brand","embeddable":true,"href":"https:\/\/secureus.se\/dk\/wp-json\/wp\/v2\/product_brand?post=165264"},{"taxonomy":"product_cat","embeddable":true,"href":"https:\/\/secureus.se\/dk\/wp-json\/wp\/v2\/product_cat?post=165264"},{"taxonomy":"product_tag","embeddable":true,"href":"https:\/\/secureus.se\/dk\/wp-json\/wp\/v2\/product_tag?post=165264"}],"curies":[{"name":"wp","href":"https:\/\/api.w.org\/{rel}","templated":true}]}}