{"id":165266,"date":"2026-05-05T14:27:29","date_gmt":"2026-05-05T12:27:29","guid":{"rendered":"https:\/\/secureus.se\/honeywell-eclipse-5145-laser-usb-scanner-kit\/"},"modified":"2026-05-05T17:44:49","modified_gmt":"2026-05-05T15:44:49","slug":"honeywell-eclipse-5145-laser-usb-scanner-kit","status":"publish","type":"product","link":"https:\/\/secureus.se\/dk\/honeywell-eclipse-5145-laser-usb-scanner-kit\/","title":{"rendered":"Honeywell Eclipse 5145 Laser USB Scanner Kit"},"content":{"rendered":"<p>Honeywell Eclipse 5145 USB-scanneren er perfekt til at l\u00e6se 1D-stregkoder og er et laserbaseret alternativ til CCD-scannere. Udstyret med den nyeste scanningsteknologi og Honeywells patenterede CodeGate-teknologi kan din kunde nemt m\u00e5lrette de \u00f8nskede stregkoder, og transmissionen udf\u00f8res med et enkelt tryk p\u00e5 en knap. Med en faldtolerance fra 1,5 m til beton og en enkelt scanningslinje har denne tr\u00e5dl\u00f8se scanner en scanningshastighed p\u00e5 72 scanninger i sekundet.<\/p>\n<ul>\n<li>Stativ inkluderet<\/li>\n<li>Kablet USB 2,9 m type A-kabel<\/li>\n<li>Producentens varenummer: 5145<\/li>\n<li>M\u00e5l: 16,7 x 6,5 x 5,0 cm (H x B x D)<\/li>\n<li>Underst\u00f8ttede gr\u00e6nseflader: USB, RS232, tastaturkile, IBM 46xx (RS485)<\/li>\n<\/ul>\n<p>\n <strong><br \/>\n Produktv\u00e6gt:<br \/>\n 0,00 kg<br \/>\n <\/strong>\n <\/p>","protected":false},"excerpt":{"rendered":"<p>Perfect for reading 1D barcodes, the Honeywell Eclipse 5145 USB scanner is a laser-based alternative to CCD scanners. Equipped with state-of-the-art scanning technology and featuring Honeywell\u2019s patented CodeGate technology, your<\/p>","protected":false},"featured_media":165265,"template":"","meta":{"_acf_changed":false},"product_brand":[],"product_cat":[5132],"product_tag":[],"class_list":{"0":"post-165266","1":"product","2":"type-product","3":"status-publish","4":"has-post-thumbnail","6":"product_cat-lasare-passersystem","7":"pa_brands-honeywell","8":"tm-no-options","10":"first","11":"outofstock","12":"sale","13":"taxable","14":"shipping-taxable","15":"purchasable","16":"product-type-simple"},"acf":[],"_links":{"self":[{"href":"https:\/\/secureus.se\/dk\/wp-json\/wp\/v2\/product\/165266","targetHints":{"allow":["GET"]}}],"collection":[{"href":"https:\/\/secureus.se\/dk\/wp-json\/wp\/v2\/product"}],"about":[{"href":"https:\/\/secureus.se\/dk\/wp-json\/wp\/v2\/types\/product"}],"wp:featuredmedia":[{"embeddable":true,"href":"https:\/\/secureus.se\/dk\/wp-json\/wp\/v2\/media\/165265"}],"wp:attachment":[{"href":"https:\/\/secureus.se\/dk\/wp-json\/wp\/v2\/media?parent=165266"}],"wp:term":[{"taxonomy":"product_brand","embeddable":true,"href":"https:\/\/secureus.se\/dk\/wp-json\/wp\/v2\/product_brand?post=165266"},{"taxonomy":"product_cat","embeddable":true,"href":"https:\/\/secureus.se\/dk\/wp-json\/wp\/v2\/product_cat?post=165266"},{"taxonomy":"product_tag","embeddable":true,"href":"https:\/\/secureus.se\/dk\/wp-json\/wp\/v2\/product_tag?post=165266"}],"curies":[{"name":"wp","href":"https:\/\/api.w.org\/{rel}","templated":true}]}}