{"id":165281,"date":"2026-05-05T14:27:29","date_gmt":"2026-05-05T12:27:29","guid":{"rendered":"https:\/\/secureus.se\/hid-r10-900ntntek00000-iclass-card-reader\/"},"modified":"2026-05-05T17:10:49","modified_gmt":"2026-05-05T15:10:49","slug":"hid-r10-900ntntek00000-iclass-card-reader","status":"publish","type":"product","link":"https:\/\/secureus.se\/dk\/hid-r10-900ntntek00000-iclass-card-reader\/","title":{"rendered":"HID R10 900NTNTEK00000 iCLASS Card Reader"},"content":{"rendered":"<p>F\u00e5 vores brugervenlige HID R10 900NTNTEK00000 iCLASS-KORTL\u00c6SER, som tilbyder en yderst fleksibel l\u00e6serplatform. Dens \u00e5bne arkitekturdesign g\u00f8r den kompatibel med de mest popul\u00e6re kort p\u00e5 markedet.<\/p>\n<ul>\n<li>\u00a0Mullion Smart Card-l\u00e6ser<\/li>\n<li>\u00a0Samme ledningsforbindelser.<\/li>\n<li>\u00a05- eller 12-volts drift som vores Prox-l\u00e6sere.<\/li>\n<\/ul>\n<p>Producentens varenummer: 900NTNTEK00000<\/p>\n<p>\n <strong><br \/>\n Produktv\u00e6gt:<br \/>\n 0,50 kg<br \/>\n <\/strong>\n <\/p>","protected":false},"excerpt":{"rendered":"<p>Get our user-friendly HID R10 900NTNTEK00000 iCLASS CARD READER which offers a highly flexible reader platform. Its open architecture design makes it compatible with the most popular cards in the<\/p>","protected":false},"featured_media":165280,"template":"","meta":{"_acf_changed":false},"product_brand":[],"product_cat":[5132],"product_tag":[],"class_list":{"0":"post-165281","1":"product","2":"type-product","3":"status-publish","4":"has-post-thumbnail","6":"product_cat-lasare-passersystem","7":"tm-no-options","9":"first","10":"outofstock","11":"sale","12":"taxable","13":"shipping-taxable","14":"purchasable","15":"product-type-simple"},"acf":[],"_links":{"self":[{"href":"https:\/\/secureus.se\/dk\/wp-json\/wp\/v2\/product\/165281","targetHints":{"allow":["GET"]}}],"collection":[{"href":"https:\/\/secureus.se\/dk\/wp-json\/wp\/v2\/product"}],"about":[{"href":"https:\/\/secureus.se\/dk\/wp-json\/wp\/v2\/types\/product"}],"wp:featuredmedia":[{"embeddable":true,"href":"https:\/\/secureus.se\/dk\/wp-json\/wp\/v2\/media\/165280"}],"wp:attachment":[{"href":"https:\/\/secureus.se\/dk\/wp-json\/wp\/v2\/media?parent=165281"}],"wp:term":[{"taxonomy":"product_brand","embeddable":true,"href":"https:\/\/secureus.se\/dk\/wp-json\/wp\/v2\/product_brand?post=165281"},{"taxonomy":"product_cat","embeddable":true,"href":"https:\/\/secureus.se\/dk\/wp-json\/wp\/v2\/product_cat?post=165281"},{"taxonomy":"product_tag","embeddable":true,"href":"https:\/\/secureus.se\/dk\/wp-json\/wp\/v2\/product_tag?post=165281"}],"curies":[{"name":"wp","href":"https:\/\/api.w.org\/{rel}","templated":true}]}}