{"id":165316,"date":"2026-05-05T14:27:28","date_gmt":"2026-05-05T12:27:28","guid":{"rendered":"https:\/\/secureus.se\/honeywell-voyager-1202g-cordless-laser-usb-scanner-kit\/"},"modified":"2026-05-05T17:10:54","modified_gmt":"2026-05-05T15:10:54","slug":"honeywell-voyager-1202g-cordless-laser-usb-scanner-kit","status":"publish","type":"product","link":"https:\/\/secureus.se\/dk\/honeywell-voyager-1202g-cordless-laser-usb-scanner-kit\/","title":{"rendered":"Honeywell Voyager 1202G Cordless Laser USB Scanner Kit"},"content":{"rendered":"<p>Honeywell Voyager 1202G USB-enkeltlinjescanneren inkorporerer friheden ved tr\u00e5dl\u00f8s Bluetooth 2.1-teknologi for at tilbyde fuld fleksibilitet til h\u00f8jtydende, h\u00e5ndfri og h\u00e5ndholdt scanning. 1202G kan &#039;aggressivt&#039; scanne stort set alle line\u00e6re stregkoder fra h\u00f8jdensitet ned til 3,5 mil, og det udskiftelige batteri kan hurtigt og nemt udskiftes til fortsat brug.<\/p>\n<ul>\n<li>Stativ inkluderet<\/li>\n<li>Ubegr\u00e6nset bev\u00e6gelse op til 10 m fra basen<\/li>\n<li>M\u00e5l: 18,5 cm x 9,6 cm x 6,6 cm (H x B x D)<\/li>\n<li>Underst\u00f8ttede gr\u00e6nseflader: USB, RS232, tastaturkile, IBM 46xx (RS485)<\/li>\n<li>Scanningshastighed: op til 45.000 scanninger pr. opladning<\/li>\n<\/ul>\n<p>\n <strong><br \/>\n Produktv\u00e6gt:<br \/>\n 1,00 kg<br \/>\n <\/strong>\n <\/p>","protected":false},"excerpt":{"rendered":"<p>The Honeywell Voyager 1202G USB single-line scanner incorporates the freedom of Bluetooth 2.1 wireless technology to offer complete flexibility for high-performance, hands-free and handheld scanning. The 1202G can \u2018aggressively\u2019 scan<\/p>","protected":false},"featured_media":165315,"template":"","meta":{"_acf_changed":false},"product_brand":[],"product_cat":[5132],"product_tag":[],"class_list":{"0":"post-165316","1":"product","2":"type-product","3":"status-publish","4":"has-post-thumbnail","6":"product_cat-lasare-passersystem","7":"tm-no-options","9":"first","10":"outofstock","11":"sale","12":"taxable","13":"shipping-taxable","14":"purchasable","15":"product-type-simple"},"acf":[],"_links":{"self":[{"href":"https:\/\/secureus.se\/dk\/wp-json\/wp\/v2\/product\/165316","targetHints":{"allow":["GET"]}}],"collection":[{"href":"https:\/\/secureus.se\/dk\/wp-json\/wp\/v2\/product"}],"about":[{"href":"https:\/\/secureus.se\/dk\/wp-json\/wp\/v2\/types\/product"}],"wp:featuredmedia":[{"embeddable":true,"href":"https:\/\/secureus.se\/dk\/wp-json\/wp\/v2\/media\/165315"}],"wp:attachment":[{"href":"https:\/\/secureus.se\/dk\/wp-json\/wp\/v2\/media?parent=165316"}],"wp:term":[{"taxonomy":"product_brand","embeddable":true,"href":"https:\/\/secureus.se\/dk\/wp-json\/wp\/v2\/product_brand?post=165316"},{"taxonomy":"product_cat","embeddable":true,"href":"https:\/\/secureus.se\/dk\/wp-json\/wp\/v2\/product_cat?post=165316"},{"taxonomy":"product_tag","embeddable":true,"href":"https:\/\/secureus.se\/dk\/wp-json\/wp\/v2\/product_tag?post=165316"}],"curies":[{"name":"wp","href":"https:\/\/api.w.org\/{rel}","templated":true}]}}