{"id":165326,"date":"2026-05-05T14:27:28","date_gmt":"2026-05-05T12:27:28","guid":{"rendered":"https:\/\/secureus.se\/hid-5375agn00-maxiprox-card-reader\/"},"modified":"2026-05-05T17:10:55","modified_gmt":"2026-05-05T15:10:55","slug":"hid-5375agn00-maxiprox-card-reader","status":"publish","type":"product","link":"https:\/\/secureus.se\/dk\/hid-5375agn00-maxiprox-card-reader\/","title":{"rendered":"HID 5375AGN00 MaxiProx Card Reader"},"content":{"rendered":"<p>Vores HID 5375AGN00 MaxiProx-kortl\u00e6ser er bedst egnet til parkeringskontrol og applikationer med lang l\u00e6ser\u00e6kkevidde. Den er robust og holdbar og leveres i et hus, der er nemt at installere.<\/p>\n<ul>\n<li>Long read range distance (up to 6&#8242; with ProxPass).<\/li>\n<li>Autotune g\u00f8r det muligt at holde en l\u00e6seafstand p\u00e5 inden for ti tommer fra metal.<\/li>\n<li>&#8220;Parking hold&#8221; feature ensures accurate detection of vehicles in parking lanes.<\/li>\n<li>Str\u00f8mkrav: 200 mA gennemsnit \/ 700 mA peak ved 12 VDC; 260 mA gennemsnit \/ 1,2 A peak ved 24 VDC.<\/li>\n<li>Dimensions: 12.0&#8243; x 12.0&#8243; x 1.0&#8243; (30.5 x 30.5 x 2.54 cm).<\/li>\n<\/ul>\n<p>\n <strong><br \/>\n Produktv\u00e6gt:<br \/>\n 1.40 kg<br \/>\n <\/strong>\n <\/p>","protected":false},"excerpt":{"rendered":"<p>Our HID 5375AGN00 MaxiProx Card Reader is best used for parking control and long read range applications. Robust and rugged, it comes in easy-to-install housing. Long read range distance (up<\/p>","protected":false},"featured_media":165325,"template":"","meta":{"_acf_changed":false},"product_brand":[],"product_cat":[5132],"product_tag":[],"class_list":{"0":"post-165326","1":"product","2":"type-product","3":"status-publish","4":"has-post-thumbnail","6":"product_cat-lasare-passersystem","7":"tm-no-options","9":"first","10":"outofstock","11":"sale","12":"taxable","13":"shipping-taxable","14":"purchasable","15":"product-type-simple"},"acf":[],"_links":{"self":[{"href":"https:\/\/secureus.se\/dk\/wp-json\/wp\/v2\/product\/165326","targetHints":{"allow":["GET"]}}],"collection":[{"href":"https:\/\/secureus.se\/dk\/wp-json\/wp\/v2\/product"}],"about":[{"href":"https:\/\/secureus.se\/dk\/wp-json\/wp\/v2\/types\/product"}],"wp:featuredmedia":[{"embeddable":true,"href":"https:\/\/secureus.se\/dk\/wp-json\/wp\/v2\/media\/165325"}],"wp:attachment":[{"href":"https:\/\/secureus.se\/dk\/wp-json\/wp\/v2\/media?parent=165326"}],"wp:term":[{"taxonomy":"product_brand","embeddable":true,"href":"https:\/\/secureus.se\/dk\/wp-json\/wp\/v2\/product_brand?post=165326"},{"taxonomy":"product_cat","embeddable":true,"href":"https:\/\/secureus.se\/dk\/wp-json\/wp\/v2\/product_cat?post=165326"},{"taxonomy":"product_tag","embeddable":true,"href":"https:\/\/secureus.se\/dk\/wp-json\/wp\/v2\/product_tag?post=165326"}],"curies":[{"name":"wp","href":"https:\/\/api.w.org\/{rel}","templated":true}]}}