{"id":165368,"date":"2026-05-05T14:27:25","date_gmt":"2026-05-05T12:27:25","guid":{"rendered":"https:\/\/secureus.se\/wavelynx-apex-ax-10-summit-mullion-access-reader\/"},"modified":"2026-05-05T17:46:37","modified_gmt":"2026-05-05T15:46:37","slug":"wavelynx-apex-ax-10-summit-mullion-access-reader","status":"publish","type":"product","link":"https:\/\/secureus.se\/dk\/wavelynx-apex-ax-10-summit-mullion-access-reader\/","title":{"rendered":"Wavelynx APEX AX-10 Summit Mullion Access Reader"},"content":{"rendered":"<p>AX-10 Summit er en slank, holdbar RFID-l\u00e6ser, der underst\u00f8tter mobil-, kort- og b\u00e6rbare loginoplysninger. Med avanceret kryptering, manipulationsdetektion og OSDP-underst\u00f8ttelse tilbyder den sikker og fremtidssikret adgangskontrol i et kompakt sprossedesign \u2013 ideel til moderne bygninger og systemopgraderinger.<\/p>\n<ul>\n<li>Summit Range underst\u00f8tter legitimationsoplysninger for HF, BLE og Prox, hvilket muligg\u00f8r migreringsprojekter med \u00e6ldre Prox-legitimationsoplysninger.<\/li>\n<li>Fungerer ved en frekvens p\u00e5 13,56 MHz<\/li>\n<li>2 tommer l\u00e6seomr\u00e5de<\/li>\n<li>LED-lysbj\u00e6lke \u00f8verst p\u00e5 l\u00e6seren<\/li>\n<\/ul>\n<p>Producentens varenummer: AX-10-S-ST-CWL1<\/p>\n<p>\n <strong><br \/>\n Produktv\u00e6gt:<br \/>\n 0.38 kg<br \/>\n <\/strong>\n <\/p>","protected":false},"excerpt":{"rendered":"<p>The AX-10 Summit is a slim, durable RFID reader that supports mobile, card, and wearable credentials. With advanced encryption, tamper detection, and OSDP support, it offers secure, future-ready access control<\/p>","protected":false},"featured_media":165367,"template":"","meta":{"_acf_changed":false},"product_brand":[],"product_cat":[5132],"product_tag":[],"class_list":{"0":"post-165368","1":"product","2":"type-product","3":"status-publish","4":"has-post-thumbnail","6":"product_cat-lasare-passersystem","7":"pa_brands-wavelynx","8":"tm-no-options","10":"first","11":"instock","12":"sale","13":"taxable","14":"shipping-taxable","15":"purchasable","16":"product-type-simple"},"acf":[],"_links":{"self":[{"href":"https:\/\/secureus.se\/dk\/wp-json\/wp\/v2\/product\/165368","targetHints":{"allow":["GET"]}}],"collection":[{"href":"https:\/\/secureus.se\/dk\/wp-json\/wp\/v2\/product"}],"about":[{"href":"https:\/\/secureus.se\/dk\/wp-json\/wp\/v2\/types\/product"}],"wp:featuredmedia":[{"embeddable":true,"href":"https:\/\/secureus.se\/dk\/wp-json\/wp\/v2\/media\/165367"}],"wp:attachment":[{"href":"https:\/\/secureus.se\/dk\/wp-json\/wp\/v2\/media?parent=165368"}],"wp:term":[{"taxonomy":"product_brand","embeddable":true,"href":"https:\/\/secureus.se\/dk\/wp-json\/wp\/v2\/product_brand?post=165368"},{"taxonomy":"product_cat","embeddable":true,"href":"https:\/\/secureus.se\/dk\/wp-json\/wp\/v2\/product_cat?post=165368"},{"taxonomy":"product_tag","embeddable":true,"href":"https:\/\/secureus.se\/dk\/wp-json\/wp\/v2\/product_tag?post=165368"}],"curies":[{"name":"wp","href":"https:\/\/api.w.org\/{rel}","templated":true}]}}