{"id":165370,"date":"2026-05-05T14:27:26","date_gmt":"2026-05-05T12:27:26","guid":{"rendered":"https:\/\/secureus.se\/hid-omnikey-5022cl-smart-card-reader-grey\/"},"modified":"2026-05-05T17:12:49","modified_gmt":"2026-05-05T15:12:49","slug":"hid-omnikey-5022cl-smart-card-reader-grey","status":"publish","type":"product","link":"https:\/\/secureus.se\/dk\/hid-omnikey-5022cl-smart-card-reader-grey\/","title":{"rendered":"HID Omnikey 5022CL Smartkortl\u00e6ser - Gr\u00e5"},"content":{"rendered":"<p>HID Omnikey 5022CL Gray Smart Card-l\u00e6seren er en PC-forbundet l\u00e6ser med dobbelt interface og l\u00e6se-\/skrivefunktioner via 13,56 MHz-legitimationsoplysninger s\u00e5som iClass, DESFire og Mifare.<\/p>\n<ul>\n<li>Fungerer ved en frekvens p\u00e5 13,56 MHz<\/li>\n<li>ISO 14443 A\/B, ISO 15693-kompatibel<\/li>\n<li>Producentens varenummer: R50220318-GR<\/li>\n<\/ul>\n<p>\n <strong><br \/>\n Produktv\u00e6gt:<br \/>\n 0,06 kg<br \/>\n <\/strong>\n <\/p>","protected":false},"excerpt":{"rendered":"<p>The HID Omnikey 5022CL Grey Smart Card Reader is a dual interface PC-linked reader with read\/writing capabilities through 13.56 MHz credentials such as iClass, DESFire and Mifare. Operates at 13.56MHz<\/p>","protected":false},"featured_media":165369,"template":"","meta":{"_acf_changed":false},"product_brand":[],"product_cat":[5132],"product_tag":[],"class_list":{"0":"post-165370","1":"product","2":"type-product","3":"status-publish","4":"has-post-thumbnail","6":"product_cat-lasare-passersystem","7":"tm-no-options","9":"first","10":"instock","11":"sale","12":"taxable","13":"shipping-taxable","14":"purchasable","15":"product-type-simple"},"acf":[],"_links":{"self":[{"href":"https:\/\/secureus.se\/dk\/wp-json\/wp\/v2\/product\/165370","targetHints":{"allow":["GET"]}}],"collection":[{"href":"https:\/\/secureus.se\/dk\/wp-json\/wp\/v2\/product"}],"about":[{"href":"https:\/\/secureus.se\/dk\/wp-json\/wp\/v2\/types\/product"}],"wp:featuredmedia":[{"embeddable":true,"href":"https:\/\/secureus.se\/dk\/wp-json\/wp\/v2\/media\/165369"}],"wp:attachment":[{"href":"https:\/\/secureus.se\/dk\/wp-json\/wp\/v2\/media?parent=165370"}],"wp:term":[{"taxonomy":"product_brand","embeddable":true,"href":"https:\/\/secureus.se\/dk\/wp-json\/wp\/v2\/product_brand?post=165370"},{"taxonomy":"product_cat","embeddable":true,"href":"https:\/\/secureus.se\/dk\/wp-json\/wp\/v2\/product_cat?post=165370"},{"taxonomy":"product_tag","embeddable":true,"href":"https:\/\/secureus.se\/dk\/wp-json\/wp\/v2\/product_tag?post=165370"}],"curies":[{"name":"wp","href":"https:\/\/api.w.org\/{rel}","templated":true}]}}