{"id":165372,"date":"2026-05-05T14:27:24","date_gmt":"2026-05-05T12:27:24","guid":{"rendered":"https:\/\/secureus.se\/hid-signo-express-20-reader-x3\/"},"modified":"2026-05-05T17:47:02","modified_gmt":"2026-05-05T15:47:02","slug":"hid-signo-express-20-reader-x3","status":"publish","type":"product","link":"https:\/\/secureus.se\/dk\/hid-signo-express-20-reader-x3\/","title":{"rendered":"HID\u00ae Signo\u2122 Express 20 Reader X3"},"content":{"rendered":"<p>Introduktion af HID\u00ae Signo\u2122 Express 20 X3-l\u00e6seren: din str\u00f8mlinede l\u00f8sning til sikker fysisk adgangskontrol. Den er designet med fleksibilitet og overkommelige priser i tankerne og tilbyder vigtige funktioner, der er skr\u00e6ddersyet til dine behov.<\/p>\n<p>Kom i gang p\u00e5 f\u00e5 minutter med forudkonfigurerede muligheder direkte fra kassen. Drag fordel af bem\u00e6rkelsesv\u00e6rdig Seos\u00ae-ydeevne, der sikrer den bedste brugeroplevelse, uanset om du bruger fysiske kort eller mobiloplysninger.<\/p>\n<p>With support for industry-leading Seos\u00ae credential technology, enjoy robust encryption and unrivaled privacy protection. Seamlessly integrate mobile access via Bluetooth LE and NFC technologies, meeting the demands of today&#8217;s mobile-first world.<\/p>\n<p>Standardiserede Wiegand-udgange og terminalforbindelser forenkler installationen, mens Bluetooth LE-funktion muligg\u00f8r nem opgradering og administration. Kompatibel med HID Reader Manager for nem konfiguration og firmwareopdateringer i felten.<\/p>\n<p>Producentens varenummer: 20XTKK-X3-000000<\/p>\n<p>\n <strong><br \/>\n Produktv\u00e6gt:<br \/>\n 0,50 kg<br \/>\n <\/strong>\n <\/p>\n<p>\n <strong>Pris fra 107,99 \u20ac<\/strong>\n <\/p>","protected":false},"excerpt":{"rendered":"<p>Introduktion af HID\u00ae Signo\u2122 Express 20 X3-l\u00e6seren: din str\u00f8mlinede l\u00f8sning til sikker fysisk adgangskontrol. Den er designet med fleksibilitet og overkommelige priser i tankerne og tilbyder vigtige funktioner, der er skr\u00e6ddersyet til dine behov.<\/p>","protected":false},"featured_media":165371,"template":"","meta":{"_acf_changed":false},"product_brand":[],"product_cat":[5132],"product_tag":[],"class_list":{"0":"post-165372","1":"product","2":"type-product","3":"status-publish","4":"has-post-thumbnail","6":"product_cat-lasare-passersystem","7":"pa_brands-hid","8":"tm-no-options","10":"first","11":"outofstock","12":"sale","13":"taxable","14":"shipping-taxable","15":"purchasable","16":"product-type-simple"},"acf":[],"_links":{"self":[{"href":"https:\/\/secureus.se\/dk\/wp-json\/wp\/v2\/product\/165372","targetHints":{"allow":["GET"]}}],"collection":[{"href":"https:\/\/secureus.se\/dk\/wp-json\/wp\/v2\/product"}],"about":[{"href":"https:\/\/secureus.se\/dk\/wp-json\/wp\/v2\/types\/product"}],"wp:featuredmedia":[{"embeddable":true,"href":"https:\/\/secureus.se\/dk\/wp-json\/wp\/v2\/media\/165371"}],"wp:attachment":[{"href":"https:\/\/secureus.se\/dk\/wp-json\/wp\/v2\/media?parent=165372"}],"wp:term":[{"taxonomy":"product_brand","embeddable":true,"href":"https:\/\/secureus.se\/dk\/wp-json\/wp\/v2\/product_brand?post=165372"},{"taxonomy":"product_cat","embeddable":true,"href":"https:\/\/secureus.se\/dk\/wp-json\/wp\/v2\/product_cat?post=165372"},{"taxonomy":"product_tag","embeddable":true,"href":"https:\/\/secureus.se\/dk\/wp-json\/wp\/v2\/product_tag?post=165372"}],"curies":[{"name":"wp","href":"https:\/\/api.w.org\/{rel}","templated":true}]}}