{"id":165388,"date":"2026-05-05T14:27:25","date_gmt":"2026-05-05T12:27:25","guid":{"rendered":"https:\/\/secureus.se\/hid-signo-20-t2-high-frequency-reader-pigtail-connection\/"},"modified":"2026-05-05T17:46:45","modified_gmt":"2026-05-05T15:46:45","slug":"hid-signo-20-t2-high-frequency-reader-pigtail-connection","status":"publish","type":"product","link":"https:\/\/secureus.se\/dk\/hid-signo-20-t2-high-frequency-reader-pigtail-connection\/","title":{"rendered":"HID\u00ae Signo\u2122 20 T2 h\u00f8jfrekvensl\u00e6ser \u2013 Pigtail-forbindelse"},"content":{"rendered":"<p>HID Signo 20-l\u00e6seren er hurtig at installere p\u00e5 en plan overflade eller montere p\u00e5 en sprosse og nem at administrere centralt via HID Mobile Access\u00ae. Denne kontaktl\u00f8se l\u00e6ser er en alsidig adgangskontroll\u00f8sning til store virksomheder p\u00e5 tv\u00e6rs af f\u00f8lgende 2,4 GHz- og 13,56 MHz-frekvenser:<\/p>\n<ul>\n<li>HID iCLASS Seos\u00ae<\/li>\n<li>HID iCLASS, HID iCLASS SE\u00ae, HID CEPAS<\/li>\n<li>HID MIFARE\u2122 Classic, HID MIFARE\u2122 DESFire\u2122<\/li>\n<\/ul>\n<p>Pigtail-forbindelse<\/p>\n<p>Producentens varenummer: 20NKS-T2-000000<\/p>\n<p>\n <strong><br \/>\n Produktv\u00e6gt:<br \/>\n 0,50 kg<br \/>\n <\/strong>\n <\/p>\n<p>\n <strong>Pris fra 174,00 \u20ac<\/strong>\n <\/p>","protected":false},"excerpt":{"rendered":"<p>The HID Signo 20 Reader is quick to install on a flat surface or mullion-mounted, and simple to manage centrally through HID Mobile Access\u00ae. This contactless reader is a versatile<\/p>","protected":false},"featured_media":165383,"template":"","meta":{"_acf_changed":false},"product_brand":[],"product_cat":[5132],"product_tag":[],"class_list":{"0":"post-165388","1":"product","2":"type-product","3":"status-publish","4":"has-post-thumbnail","6":"product_cat-lasare-passersystem","7":"pa_brands-hid","8":"tm-no-options","10":"first","11":"instock","12":"sale","13":"taxable","14":"shipping-taxable","15":"purchasable","16":"product-type-simple"},"acf":[],"_links":{"self":[{"href":"https:\/\/secureus.se\/dk\/wp-json\/wp\/v2\/product\/165388","targetHints":{"allow":["GET"]}}],"collection":[{"href":"https:\/\/secureus.se\/dk\/wp-json\/wp\/v2\/product"}],"about":[{"href":"https:\/\/secureus.se\/dk\/wp-json\/wp\/v2\/types\/product"}],"wp:featuredmedia":[{"embeddable":true,"href":"https:\/\/secureus.se\/dk\/wp-json\/wp\/v2\/media\/165383"}],"wp:attachment":[{"href":"https:\/\/secureus.se\/dk\/wp-json\/wp\/v2\/media?parent=165388"}],"wp:term":[{"taxonomy":"product_brand","embeddable":true,"href":"https:\/\/secureus.se\/dk\/wp-json\/wp\/v2\/product_brand?post=165388"},{"taxonomy":"product_cat","embeddable":true,"href":"https:\/\/secureus.se\/dk\/wp-json\/wp\/v2\/product_cat?post=165388"},{"taxonomy":"product_tag","embeddable":true,"href":"https:\/\/secureus.se\/dk\/wp-json\/wp\/v2\/product_tag?post=165388"}],"curies":[{"name":"wp","href":"https:\/\/api.w.org\/{rel}","templated":true}]}}