{"id":165405,"date":"2026-05-05T14:27:23","date_gmt":"2026-05-05T12:27:23","guid":{"rendered":"https:\/\/secureus.se\/elatec-twn4-multitech-3-p-pcb-w-o-ble\/"},"modified":"2026-05-05T17:11:41","modified_gmt":"2026-05-05T15:11:41","slug":"elatec-twn4-multitech-3-p-pcb-w-o-ble","status":"publish","type":"product","link":"https:\/\/secureus.se\/dk\/elatec-twn4-multitech-3-p-pcb-w-o-ble\/","title":{"rendered":"Elatec TWN4 MultiTech 3-P PCB w\/o BLE"},"content":{"rendered":"<p>Elatec TWN4 MultiTech 3-P PCB uden BLE (Bluetooth Low Energy) integrerer RFID (125 kHz, 134,2 kHz og 13,56 MHz) og NFC-funktioner i en kompakt, men kraftfuld l\u00e6ser, ideel til applikationer, hvor en mindre st\u00f8rrelse med h\u00f8j ydeevne er afg\u00f8rende.<\/p>\n<ul>\n<li>RFID-l\u00e6ser<\/li>\n<li>En indbygget SAM-sokkel (Secure Access Module)<\/li>\n<li>kraftfuld SDK til at skrive apps, der udf\u00f8res direkte p\u00e5 l\u00e6seren<\/li>\n<\/ul>\n<p>\n <strong><br \/>\n Produktv\u00e6gt:<br \/>\n 0,25 kg<br \/>\n <\/strong>\n <\/p>","protected":false},"excerpt":{"rendered":"<p>The Elatec TWN4 MultiTech 3-P PCB without BLE (Bluetooth Low Energy)\u00a0integrates RFID (125 kHz, 134.2 kHz and 13.56 MHz) and NFC capabilities into a compact but powerful reader, ideal for<\/p>","protected":false},"featured_media":165404,"template":"","meta":{"_acf_changed":false},"product_brand":[],"product_cat":[5132],"product_tag":[],"class_list":{"0":"post-165405","1":"product","2":"type-product","3":"status-publish","4":"has-post-thumbnail","6":"product_cat-lasare-passersystem","7":"tm-no-options","9":"first","10":"outofstock","11":"sale","12":"taxable","13":"shipping-taxable","14":"purchasable","15":"product-type-simple"},"acf":[],"_links":{"self":[{"href":"https:\/\/secureus.se\/dk\/wp-json\/wp\/v2\/product\/165405","targetHints":{"allow":["GET"]}}],"collection":[{"href":"https:\/\/secureus.se\/dk\/wp-json\/wp\/v2\/product"}],"about":[{"href":"https:\/\/secureus.se\/dk\/wp-json\/wp\/v2\/types\/product"}],"wp:featuredmedia":[{"embeddable":true,"href":"https:\/\/secureus.se\/dk\/wp-json\/wp\/v2\/media\/165404"}],"wp:attachment":[{"href":"https:\/\/secureus.se\/dk\/wp-json\/wp\/v2\/media?parent=165405"}],"wp:term":[{"taxonomy":"product_brand","embeddable":true,"href":"https:\/\/secureus.se\/dk\/wp-json\/wp\/v2\/product_brand?post=165405"},{"taxonomy":"product_cat","embeddable":true,"href":"https:\/\/secureus.se\/dk\/wp-json\/wp\/v2\/product_cat?post=165405"},{"taxonomy":"product_tag","embeddable":true,"href":"https:\/\/secureus.se\/dk\/wp-json\/wp\/v2\/product_tag?post=165405"}],"curies":[{"name":"wp","href":"https:\/\/api.w.org\/{rel}","templated":true}]}}