{"id":165420,"date":"2026-05-05T14:27:25","date_gmt":"2026-05-05T12:27:25","guid":{"rendered":"https:\/\/secureus.se\/pac-20111-oneprox-gs3-lf-standard-reader\/"},"modified":"2026-05-05T17:13:05","modified_gmt":"2026-05-05T15:13:05","slug":"pac-20111-oneprox-gs3-lf-standard-reader","status":"publish","type":"product","link":"https:\/\/secureus.se\/dk\/pac-20111-oneprox-gs3-lf-standard-reader\/","title":{"rendered":"PAC 20111 OneProx GS3 LF Standard Reader"},"content":{"rendered":"<p>PAC Oneprox GS3 lavfrekvens standardl\u00e6seren tilbyder den samme funktionalitet som Oneprox GS3 LF postl\u00e6seren, men i en st\u00f8rre form. Denne l\u00e6ser er designet til at fungere i de mest kr\u00e6vende driftsmilj\u00f8er og leveres med en IP65-klassificering, hvilket g\u00f8r den vejrbestandig b\u00e5de indend\u00f8rs og udend\u00f8rs.<\/p>\n<ul>\n<li>Kompatibel med PAC-, KeyPAC- og tredjepartsloginoplysninger (via Wiegand)<\/li>\n<li>85 mm l\u00e6seomr\u00e5de<\/li>\n<li>Livstidsgaranti mod elektroniske fejl<\/li>\n<\/ul>\n<p>\n <strong><br \/>\n Produktv\u00e6gt:<br \/>\n 0,30 kg<br \/>\n <\/strong>\n <\/p>\n<p>\n <strong>Pris fra 233,40 \u20ac<\/strong>\n <\/p>","protected":false},"excerpt":{"rendered":"<p>The PAC Oneprox GS3 low-frequency standard reader provides the same functionality as the Oneprox GS3 LF mullion reader\u00a0but in a larger form. This reader is designed to work in the<\/p>","protected":false},"featured_media":165417,"template":"","meta":{"_acf_changed":false},"product_brand":[],"product_cat":[5132],"product_tag":[],"class_list":{"0":"post-165420","1":"product","2":"type-product","3":"status-publish","4":"has-post-thumbnail","6":"product_cat-lasare-passersystem","7":"tm-no-options","9":"first","10":"outofstock","11":"sale","12":"taxable","13":"shipping-taxable","14":"purchasable","15":"product-type-simple"},"acf":[],"_links":{"self":[{"href":"https:\/\/secureus.se\/dk\/wp-json\/wp\/v2\/product\/165420","targetHints":{"allow":["GET"]}}],"collection":[{"href":"https:\/\/secureus.se\/dk\/wp-json\/wp\/v2\/product"}],"about":[{"href":"https:\/\/secureus.se\/dk\/wp-json\/wp\/v2\/types\/product"}],"wp:featuredmedia":[{"embeddable":true,"href":"https:\/\/secureus.se\/dk\/wp-json\/wp\/v2\/media\/165417"}],"wp:attachment":[{"href":"https:\/\/secureus.se\/dk\/wp-json\/wp\/v2\/media?parent=165420"}],"wp:term":[{"taxonomy":"product_brand","embeddable":true,"href":"https:\/\/secureus.se\/dk\/wp-json\/wp\/v2\/product_brand?post=165420"},{"taxonomy":"product_cat","embeddable":true,"href":"https:\/\/secureus.se\/dk\/wp-json\/wp\/v2\/product_cat?post=165420"},{"taxonomy":"product_tag","embeddable":true,"href":"https:\/\/secureus.se\/dk\/wp-json\/wp\/v2\/product_tag?post=165420"}],"curies":[{"name":"wp","href":"https:\/\/api.w.org\/{rel}","templated":true}]}}