{"id":165424,"date":"2026-05-05T14:27:23","date_gmt":"2026-05-05T12:27:23","guid":{"rendered":"https:\/\/secureus.se\/hid-omnikey-5027-usb-smart-card-reader\/"},"modified":"2026-05-05T17:47:20","modified_gmt":"2026-05-05T15:47:20","slug":"hid-omnikey-5027-usb-smart-card-reader","status":"publish","type":"product","link":"https:\/\/secureus.se\/dk\/hid-omnikey-5027-usb-smart-card-reader\/","title":{"rendered":"HID Omnikey 5027 USB Smart Card-l\u00e6ser"},"content":{"rendered":"<p>\u00a0<\/p>\n<p>HID Omnikey 5027 USB Smart Card Reader er en kontaktl\u00f8s kortl\u00e6ser, der er nem at integrere og konfigurere. Denne l\u00e6ser underst\u00f8tter 13,56 MHz legitimationsoplysninger og SEO via et integreret kryptografimodul og er forudkonfigureret til almindelige legitimationsoplysninger for smart legitimationsmigrering og hurtig ops\u00e6tning.<\/p>\n<ul>\n<li>Tastatur Wedge-gr\u00e6nseflade<\/li>\n<li>Underst\u00f8tter iCLASS Seos, iCLASS SE, MIFARE, DESFire og NFC<\/li>\n<li>USB-tilslutning<\/li>\n<li>Kontaktl\u00f8s Smart Card-gr\u00e6nseflade<\/li>\n<li>Producentens varenummer: R5027001<\/li>\n<\/ul>\n<p>\n <strong><br \/>\n Produktv\u00e6gt:<br \/>\n 1.20 kg<br \/>\n <\/strong>\n <\/p>","protected":false},"excerpt":{"rendered":"<p>\u00a0 The HID Omnikey 5027 USB Smart Card Reader is an easy to integrate and set up contactless card reader. This reader supports 13.56MHz credentials and Seos through an integrated<\/p>","protected":false},"featured_media":165423,"template":"","meta":{"_acf_changed":false},"product_brand":[],"product_cat":[5132],"product_tag":[],"class_list":{"0":"post-165424","1":"product","2":"type-product","3":"status-publish","4":"has-post-thumbnail","6":"product_cat-lasare-passersystem","7":"pa_brands-hid","8":"tm-no-options","10":"first","11":"instock","12":"sale","13":"taxable","14":"shipping-taxable","15":"purchasable","16":"product-type-simple"},"acf":[],"_links":{"self":[{"href":"https:\/\/secureus.se\/dk\/wp-json\/wp\/v2\/product\/165424","targetHints":{"allow":["GET"]}}],"collection":[{"href":"https:\/\/secureus.se\/dk\/wp-json\/wp\/v2\/product"}],"about":[{"href":"https:\/\/secureus.se\/dk\/wp-json\/wp\/v2\/types\/product"}],"wp:featuredmedia":[{"embeddable":true,"href":"https:\/\/secureus.se\/dk\/wp-json\/wp\/v2\/media\/165423"}],"wp:attachment":[{"href":"https:\/\/secureus.se\/dk\/wp-json\/wp\/v2\/media?parent=165424"}],"wp:term":[{"taxonomy":"product_brand","embeddable":true,"href":"https:\/\/secureus.se\/dk\/wp-json\/wp\/v2\/product_brand?post=165424"},{"taxonomy":"product_cat","embeddable":true,"href":"https:\/\/secureus.se\/dk\/wp-json\/wp\/v2\/product_cat?post=165424"},{"taxonomy":"product_tag","embeddable":true,"href":"https:\/\/secureus.se\/dk\/wp-json\/wp\/v2\/product_tag?post=165424"}],"curies":[{"name":"wp","href":"https:\/\/api.w.org\/{rel}","templated":true}]}}