{"id":165426,"date":"2026-05-05T14:27:23","date_gmt":"2026-05-05T12:27:23","guid":{"rendered":"https:\/\/secureus.se\/wavelynx-apex-ax-25-summit-single-gang-keypad-access-reader\/"},"modified":"2026-05-05T17:19:43","modified_gmt":"2026-05-05T15:19:43","slug":"wavelynx-apex-ax-25-summit-single-gang-keypad-access-reader","status":"publish","type":"product","link":"https:\/\/secureus.se\/dk\/wavelynx-apex-ax-25-summit-single-gang-keypad-access-reader\/","title":{"rendered":"Wavelynx APEX AX-25 Summit Single Gang Keypad Access Reader"},"content":{"rendered":"<p>AX-25 Summit leverer sikker og fleksibel adgang med underst\u00f8ttelse af pinkoder, kort, mobiloplysninger og wearables \u2013 alt sammen i et elegant single-gang-design. Den er bygget til moderne og \u00e6ldre systemer og har OSDP Autodetect, st\u00e6rk kryptering, manipulationsbeskyttelse og fjernopdateringer.<\/p>\n<ul>\n<li>Summit Range underst\u00f8tter legitimationsoplysninger for HF, BLE og Prox, hvilket muligg\u00f8r migreringsprojekter med \u00e6ldre Prox-legitimationsoplysninger.<\/li>\n<li>Fungerer ved en frekvens p\u00e5 13,56 MHz<\/li>\n<li>2 tommer l\u00e6seomr\u00e5de<\/li>\n<li>LED-lysbj\u00e6lke \u00f8verst p\u00e5 l\u00e6seren<\/li>\n<\/ul>\n<p>Producentens varenummer: AC-WL-AX-25-S-ST-CWL1<\/p>\n<p>\n <strong><br \/>\n Produktv\u00e6gt:<br \/>\n 0.38 kg<br \/>\n <\/strong>\n <\/p>","protected":false},"excerpt":{"rendered":"<p>The AX-25 Summit delivers secure, flexible access with support for PINs, cards, mobile credentials, and wearables\u2014all in a sleek, single gang design. Built for modern and legacy systems, it features<\/p>","protected":false},"featured_media":165425,"template":"","meta":{"_acf_changed":false},"product_brand":[],"product_cat":[5132],"product_tag":[],"class_list":{"0":"post-165426","1":"product","2":"type-product","3":"status-publish","4":"has-post-thumbnail","6":"product_cat-lasare-passersystem","7":"tm-no-options","9":"first","10":"instock","11":"sale","12":"taxable","13":"shipping-taxable","14":"purchasable","15":"product-type-simple"},"acf":[],"_links":{"self":[{"href":"https:\/\/secureus.se\/dk\/wp-json\/wp\/v2\/product\/165426","targetHints":{"allow":["GET"]}}],"collection":[{"href":"https:\/\/secureus.se\/dk\/wp-json\/wp\/v2\/product"}],"about":[{"href":"https:\/\/secureus.se\/dk\/wp-json\/wp\/v2\/types\/product"}],"wp:featuredmedia":[{"embeddable":true,"href":"https:\/\/secureus.se\/dk\/wp-json\/wp\/v2\/media\/165425"}],"wp:attachment":[{"href":"https:\/\/secureus.se\/dk\/wp-json\/wp\/v2\/media?parent=165426"}],"wp:term":[{"taxonomy":"product_brand","embeddable":true,"href":"https:\/\/secureus.se\/dk\/wp-json\/wp\/v2\/product_brand?post=165426"},{"taxonomy":"product_cat","embeddable":true,"href":"https:\/\/secureus.se\/dk\/wp-json\/wp\/v2\/product_cat?post=165426"},{"taxonomy":"product_tag","embeddable":true,"href":"https:\/\/secureus.se\/dk\/wp-json\/wp\/v2\/product_tag?post=165426"}],"curies":[{"name":"wp","href":"https:\/\/api.w.org\/{rel}","templated":true}]}}