{"id":165441,"date":"2026-05-05T14:27:23","date_gmt":"2026-05-05T12:27:23","guid":{"rendered":"https:\/\/secureus.se\/hid-multiclass-se-rp40-reader-with-ble\/"},"modified":"2026-05-05T17:47:37","modified_gmt":"2026-05-05T15:47:37","slug":"hid-multiclass-se-rp40-reader-with-ble","status":"publish","type":"product","link":"https:\/\/secureus.se\/dk\/hid-multiclass-se-rp40-reader-with-ble\/","title":{"rendered":"HID\u00ae multiCLASS SE\u00ae RP40 Reader with BLE"},"content":{"rendered":"<p>HID multiCLASS SE RP40-l\u00e6seren med Bluetooth Low Energy (BLE) tilbyder en bred vifte af adgangskontrolfunktioner. Denne l\u00e6ser er nem at montere p\u00e5 v\u00e6gkontakten og konfigureret til HID&#039;s patenterede &quot;tap&quot; eller &quot;Twist and Go&quot; p\u00e5 Bluetooth og Seo samt f\u00f8lgende 13,56 MHz og 125 kHz programmer:<\/p>\n<ul>\n<li>iCLASS Seos\u00ae<\/li>\n<li>iCLASS, iCLASS SE\u00ae, CEPAS<\/li>\n<li>MIFARE\u2122 Classic, MIFARE\u2122 DESFire\u2122<\/li>\n<li>HID Prox\u00ae, Indala Prox\u00ae, AWID Prox\u00ae, EM Prox\u00ae<\/li>\n<\/ul>\n<p>Producentens varenummer: 920PMNNEKMA003<\/p>\n<p>\n <strong><br \/>\n Produktv\u00e6gt:<br \/>\n 0,50 kg<br \/>\n <\/strong>\n <\/p>","protected":false},"excerpt":{"rendered":"<p>The HID multiCLASS SE RP40 Reader with Bluetooth Low Energy (BLE) offers a broad range of access control capabilities. Simple to wall-switch mount, this reader is configured to HID\u2019s patented<\/p>","protected":false},"featured_media":165437,"template":"","meta":{"_acf_changed":false},"product_brand":[],"product_cat":[5132],"product_tag":[],"class_list":{"0":"post-165441","1":"product","2":"type-product","3":"status-publish","4":"has-post-thumbnail","6":"product_cat-lasare-passersystem","7":"pa_brands-hid","8":"tm-no-options","10":"first","11":"outofstock","12":"sale","13":"taxable","14":"shipping-taxable","15":"purchasable","16":"product-type-simple"},"acf":[],"_links":{"self":[{"href":"https:\/\/secureus.se\/dk\/wp-json\/wp\/v2\/product\/165441","targetHints":{"allow":["GET"]}}],"collection":[{"href":"https:\/\/secureus.se\/dk\/wp-json\/wp\/v2\/product"}],"about":[{"href":"https:\/\/secureus.se\/dk\/wp-json\/wp\/v2\/types\/product"}],"wp:featuredmedia":[{"embeddable":true,"href":"https:\/\/secureus.se\/dk\/wp-json\/wp\/v2\/media\/165437"}],"wp:attachment":[{"href":"https:\/\/secureus.se\/dk\/wp-json\/wp\/v2\/media?parent=165441"}],"wp:term":[{"taxonomy":"product_brand","embeddable":true,"href":"https:\/\/secureus.se\/dk\/wp-json\/wp\/v2\/product_brand?post=165441"},{"taxonomy":"product_cat","embeddable":true,"href":"https:\/\/secureus.se\/dk\/wp-json\/wp\/v2\/product_cat?post=165441"},{"taxonomy":"product_tag","embeddable":true,"href":"https:\/\/secureus.se\/dk\/wp-json\/wp\/v2\/product_tag?post=165441"}],"curies":[{"name":"wp","href":"https:\/\/api.w.org\/{rel}","templated":true}]}}