{"id":165445,"date":"2026-05-05T14:27:17","date_gmt":"2026-05-05T12:27:17","guid":{"rendered":"https:\/\/secureus.se\/hid-signo-20-white-reader-pigtail-connection\/"},"modified":"2026-05-05T17:19:48","modified_gmt":"2026-05-05T15:19:48","slug":"hid-signo-20-white-reader-pigtail-connection","status":"publish","type":"product","link":"https:\/\/secureus.se\/dk\/hid-signo-20-white-reader-pigtail-connection\/","title":{"rendered":"HID\u00ae Signo\u2122 20 White Reader &#8211; Pigtail Connection"},"content":{"rendered":"<p>HID Signo 20 White-l\u00e6seren er hurtig at installere p\u00e5 en plan overflade eller montere p\u00e5 en sprosse og nem at administrere centralt via HID Mobile Access\u00ae. Denne kontaktl\u00f8se l\u00e6ser er en alsidig adgangskontroll\u00f8sning til store virksomheder p\u00e5 tv\u00e6rs af f\u00f8lgende frekvenser p\u00e5 2,4 GHz, 13,56 MHz og 125 kHz:<\/p>\n<ul>\n<li>iCLASS Seos\u00ae<\/li>\n<li>iCLASS, iCLASS SE\u00ae, CEPAS<\/li>\n<li>MIFARE\u2122 Classic, MIFARE\u2122 DESFire\u2122<\/li>\n<li>HID Prox\u00ae, Indala Prox\u00ae, AWID Prox\u00ae, EM Prox\u00ae<\/li>\n<li>F\u00e5s ogs\u00e5 i sort<\/li>\n<\/ul>\n<p>Pigtail-forbindelse<\/p>\n<p>Producentens varenummer: 20NWS-00-000000<\/p>\n<p>\n <strong><br \/>\n Produktv\u00e6gt:<br \/>\n 1,00 kg<br \/>\n <\/strong>\n <\/p>\n<p>\n <strong>Pris fra 163,20 \u20ac<\/strong>\n <\/p>","protected":false},"excerpt":{"rendered":"<p>The HID Signo 20 White Reader is quick to install on a flat surface or mullion-mounted, and simple to manage centrally through HID Mobile Access\u00ae. This contactless reader is a<\/p>","protected":false},"featured_media":165442,"template":"","meta":{"_acf_changed":false},"product_brand":[],"product_cat":[5132],"product_tag":[],"class_list":{"0":"post-165445","1":"product","2":"type-product","3":"status-publish","4":"has-post-thumbnail","6":"product_cat-lasare-passersystem","7":"tm-no-options","9":"first","10":"outofstock","11":"sale","12":"taxable","13":"shipping-taxable","14":"purchasable","15":"product-type-simple"},"acf":[],"_links":{"self":[{"href":"https:\/\/secureus.se\/dk\/wp-json\/wp\/v2\/product\/165445","targetHints":{"allow":["GET"]}}],"collection":[{"href":"https:\/\/secureus.se\/dk\/wp-json\/wp\/v2\/product"}],"about":[{"href":"https:\/\/secureus.se\/dk\/wp-json\/wp\/v2\/types\/product"}],"wp:featuredmedia":[{"embeddable":true,"href":"https:\/\/secureus.se\/dk\/wp-json\/wp\/v2\/media\/165442"}],"wp:attachment":[{"href":"https:\/\/secureus.se\/dk\/wp-json\/wp\/v2\/media?parent=165445"}],"wp:term":[{"taxonomy":"product_brand","embeddable":true,"href":"https:\/\/secureus.se\/dk\/wp-json\/wp\/v2\/product_brand?post=165445"},{"taxonomy":"product_cat","embeddable":true,"href":"https:\/\/secureus.se\/dk\/wp-json\/wp\/v2\/product_cat?post=165445"},{"taxonomy":"product_tag","embeddable":true,"href":"https:\/\/secureus.se\/dk\/wp-json\/wp\/v2\/product_tag?post=165445"}],"curies":[{"name":"wp","href":"https:\/\/api.w.org\/{rel}","templated":true}]}}