{"id":165505,"date":"2026-05-05T14:27:15","date_gmt":"2026-05-05T12:27:15","guid":{"rendered":"https:\/\/secureus.se\/stid-arc-one-mullion-mifare-desfire-bluetooth-reader\/"},"modified":"2026-05-05T17:50:50","modified_gmt":"2026-05-05T15:50:50","slug":"stid-arc-one-mullion-mifare-desfire-bluetooth-reader","status":"publish","type":"product","link":"https:\/\/secureus.se\/dk\/stid-arc-one-mullion-mifare-desfire-bluetooth-reader\/","title":{"rendered":"STid Arc One Mullion MIFARE\u00ae, DESFire\u00ae &amp; Bluetooth Reader"},"content":{"rendered":"<p>Arc One Mullion-l\u00e6seren er specielt designet til at passe ind i sm\u00e5 rum s\u00e5som d\u00f8rkarme eller smalle monteringsmuligheder, og den er nem at integrere i ethvert installationsmilj\u00f8. L\u00e6seren er vejrbestandig med vandt\u00e6t elektronik og er ideel til b\u00e5de indend\u00f8rs og udend\u00f8rs milj\u00f8er. Arc One Mullion-l\u00e6seren fungerer ved en frekvens p\u00e5 13,56 MHz og er en af de mest sikre og kompakte l\u00e6sere p\u00e5 markedet.<\/p>\n<ul>\n<li>Den mest prisbel\u00f8nnede adgangskontroll\u00e6ser i verden<\/li>\n<li>Designet til sm\u00e5 rum<\/li>\n<li>L\u00e6seomr\u00e5de p\u00e5 op til 6 cm<\/li>\n<\/ul>\n<p>Producentens varenummer: ARC1-R31-B\/PH5-3i\/1<\/p>\n<p>\n <strong><br \/>\n Produktv\u00e6gt:<br \/>\n 1,00 kg<br \/>\n <\/strong>\n <\/p>","protected":false},"excerpt":{"rendered":"<p>Specifically designed to fit into small spaces such as door frames or narrow mounting, the Arc One Mullion reader is easy to incorporate into any installation environment. The reader is<\/p>","protected":false},"featured_media":165501,"template":"","meta":{"_acf_changed":false},"product_brand":[],"product_cat":[5132],"product_tag":[],"class_list":{"0":"post-165505","1":"product","2":"type-product","3":"status-publish","4":"has-post-thumbnail","6":"product_cat-lasare-passersystem","7":"pa_brands-stid","8":"tm-no-options","10":"first","11":"instock","12":"sale","13":"taxable","14":"shipping-taxable","15":"purchasable","16":"product-type-simple"},"acf":[],"_links":{"self":[{"href":"https:\/\/secureus.se\/dk\/wp-json\/wp\/v2\/product\/165505","targetHints":{"allow":["GET"]}}],"collection":[{"href":"https:\/\/secureus.se\/dk\/wp-json\/wp\/v2\/product"}],"about":[{"href":"https:\/\/secureus.se\/dk\/wp-json\/wp\/v2\/types\/product"}],"wp:featuredmedia":[{"embeddable":true,"href":"https:\/\/secureus.se\/dk\/wp-json\/wp\/v2\/media\/165501"}],"wp:attachment":[{"href":"https:\/\/secureus.se\/dk\/wp-json\/wp\/v2\/media?parent=165505"}],"wp:term":[{"taxonomy":"product_brand","embeddable":true,"href":"https:\/\/secureus.se\/dk\/wp-json\/wp\/v2\/product_brand?post=165505"},{"taxonomy":"product_cat","embeddable":true,"href":"https:\/\/secureus.se\/dk\/wp-json\/wp\/v2\/product_cat?post=165505"},{"taxonomy":"product_tag","embeddable":true,"href":"https:\/\/secureus.se\/dk\/wp-json\/wp\/v2\/product_tag?post=165505"}],"curies":[{"name":"wp","href":"https:\/\/api.w.org\/{rel}","templated":true}]}}