{"id":165507,"date":"2026-05-05T14:27:15","date_gmt":"2026-05-05T12:27:15","guid":{"rendered":"https:\/\/secureus.se\/wavelynx-apex-ax-15-summit-mullion-keypad-access-reader\/"},"modified":"2026-05-05T17:19:52","modified_gmt":"2026-05-05T15:19:52","slug":"wavelynx-apex-ax-15-summit-mullion-keypad-access-reader","status":"publish","type":"product","link":"https:\/\/secureus.se\/dk\/wavelynx-apex-ax-15-summit-mullion-keypad-access-reader\/","title":{"rendered":"Wavelynx APEX AX-15 Summit Mullion Keypad Access Reader"},"content":{"rendered":"<p>AX-15 Summit Mullion tastaturadgangsl\u00e6seren er en kompakt og sikker adgangsl\u00e6ser, der underst\u00f8tter PIN-koder, mobiloplysninger, smartkort og Bluetooth\u00ae i \u00e9n enhed.<\/p>\n<ul>\n<li>Summit Range underst\u00f8tter legitimationsoplysninger for HF, BLE og Prox, hvilket muligg\u00f8r migreringsprojekter med \u00e6ldre Prox-legitimationsoplysninger.<\/li>\n<li>Fungerer ved en frekvens p\u00e5 13,56 MHz<\/li>\n<li>2 tommer l\u00e6seomr\u00e5de<\/li>\n<li>LED-lysbj\u00e6lke \u00f8verst p\u00e5 l\u00e6seren<\/li>\n<\/ul>\n<p>Producentens varenummer: AX-15-S-ST-CWL1<\/p>\n<p>\n <strong><br \/>\n Produktv\u00e6gt:<br \/>\n 0.38 kg<br \/>\n <\/strong>\n <\/p>","protected":false},"excerpt":{"rendered":"<p>The AX-15 Summit Mullion Keypad Access Reader is a compact, secure access reader that supports PIN codes, mobile credentials, smartcards, and Bluetooth\u00ae in one device. Summit Range has credential support<\/p>","protected":false},"featured_media":165506,"template":"","meta":{"_acf_changed":false},"product_brand":[],"product_cat":[5132],"product_tag":[],"class_list":{"0":"post-165507","1":"product","2":"type-product","3":"status-publish","4":"has-post-thumbnail","6":"product_cat-lasare-passersystem","7":"tm-no-options","9":"first","10":"instock","11":"sale","12":"taxable","13":"shipping-taxable","14":"purchasable","15":"product-type-simple"},"acf":[],"_links":{"self":[{"href":"https:\/\/secureus.se\/dk\/wp-json\/wp\/v2\/product\/165507","targetHints":{"allow":["GET"]}}],"collection":[{"href":"https:\/\/secureus.se\/dk\/wp-json\/wp\/v2\/product"}],"about":[{"href":"https:\/\/secureus.se\/dk\/wp-json\/wp\/v2\/types\/product"}],"wp:featuredmedia":[{"embeddable":true,"href":"https:\/\/secureus.se\/dk\/wp-json\/wp\/v2\/media\/165506"}],"wp:attachment":[{"href":"https:\/\/secureus.se\/dk\/wp-json\/wp\/v2\/media?parent=165507"}],"wp:term":[{"taxonomy":"product_brand","embeddable":true,"href":"https:\/\/secureus.se\/dk\/wp-json\/wp\/v2\/product_brand?post=165507"},{"taxonomy":"product_cat","embeddable":true,"href":"https:\/\/secureus.se\/dk\/wp-json\/wp\/v2\/product_cat?post=165507"},{"taxonomy":"product_tag","embeddable":true,"href":"https:\/\/secureus.se\/dk\/wp-json\/wp\/v2\/product_tag?post=165507"}],"curies":[{"name":"wp","href":"https:\/\/api.w.org\/{rel}","templated":true}]}}