{"id":165513,"date":"2026-05-05T14:27:14","date_gmt":"2026-05-05T12:27:14","guid":{"rendered":"https:\/\/secureus.se\/msr900-magnetic-swipe-card-reader\/"},"modified":"2026-05-05T17:51:10","modified_gmt":"2026-05-05T15:51:10","slug":"msr900-magnetic-swipe-card-reader","status":"publish","type":"product","link":"https:\/\/secureus.se\/dk\/msr900-magnetic-swipe-card-reader\/","title":{"rendered":"MSR900 Magnetic Swipe Card Reader"},"content":{"rendered":"<p>Vores alsidige MSR900 magnetiske kortl\u00e6ser l\u00e6ser og skriver til alle tre spor. Den skriver og verificerer data p\u00e5 enkelt-, dobbelt- eller alle tre spor med \u00e9t swipe.<\/p>\n<ul>\n<li>Leveres med standard USB-gr\u00e6nseflade.<\/li>\n<li>Hi-Co\/Lo-Co konfigurerbar.<\/li>\n<li>Kan bruges til forskellige magnetiske swipe-kortapplikationer.<\/li>\n<\/ul>\n<p>\n <strong><br \/>\n Produktv\u00e6gt:<br \/>\n 0.90 kg<br \/>\n <\/strong>\n <\/p>","protected":false},"excerpt":{"rendered":"<p>Our versatile MSR900 Magnetic Swipe Card Reader reads and writes to all three tracks. It writes and verifies data on single, dual or all three tracks in one swipe. Comes<\/p>","protected":false},"featured_media":165512,"template":"","meta":{"_acf_changed":false},"product_brand":[],"product_cat":[5132],"product_tag":[],"class_list":{"0":"post-165513","1":"product","2":"type-product","3":"status-publish","4":"has-post-thumbnail","6":"product_cat-lasare-passersystem","7":"pa_brands-msr","8":"tm-no-options","10":"first","11":"outofstock","12":"sale","13":"taxable","14":"shipping-taxable","15":"purchasable","16":"product-type-simple"},"acf":[],"_links":{"self":[{"href":"https:\/\/secureus.se\/dk\/wp-json\/wp\/v2\/product\/165513","targetHints":{"allow":["GET"]}}],"collection":[{"href":"https:\/\/secureus.se\/dk\/wp-json\/wp\/v2\/product"}],"about":[{"href":"https:\/\/secureus.se\/dk\/wp-json\/wp\/v2\/types\/product"}],"wp:featuredmedia":[{"embeddable":true,"href":"https:\/\/secureus.se\/dk\/wp-json\/wp\/v2\/media\/165512"}],"wp:attachment":[{"href":"https:\/\/secureus.se\/dk\/wp-json\/wp\/v2\/media?parent=165513"}],"wp:term":[{"taxonomy":"product_brand","embeddable":true,"href":"https:\/\/secureus.se\/dk\/wp-json\/wp\/v2\/product_brand?post=165513"},{"taxonomy":"product_cat","embeddable":true,"href":"https:\/\/secureus.se\/dk\/wp-json\/wp\/v2\/product_cat?post=165513"},{"taxonomy":"product_tag","embeddable":true,"href":"https:\/\/secureus.se\/dk\/wp-json\/wp\/v2\/product_tag?post=165513"}],"curies":[{"name":"wp","href":"https:\/\/api.w.org\/{rel}","templated":true}]}}