{"id":41464,"date":"2022-07-14T16:25:59","date_gmt":"2022-07-14T14:25:59","guid":{"rendered":"https:\/\/secureus.se\/produkt\/tagg-nyckelbricka-merkurius-em4200\/"},"modified":"2026-01-06T20:50:11","modified_gmt":"2026-01-06T19:50:11","slug":"tagg-nyckelbricka-merkurius-em4200","status":"publish","type":"product","link":"https:\/\/secureus.se\/dk\/tagg-nyckelbricka-merkurius-em4200\/","title":{"rendered":"Tag\/n\u00f8glebrik Merkurius EM4200"},"content":{"rendered":"<p>&quot;Merkurius&quot; RFID tag er et fleksibelt og lille tag med m\u00e5lene 31x40x4,4 mm. Den er lavet i h\u00e5rdt ABS materiale med en flot overflade, der er perfekt til b\u00e5de gravering og farvelogoer.<\/p>\n<p>Vi tilstr\u00e6ber hurtige leveringer og er m\u00e6rkerne p\u00e5 lager, kan vi levere dem indenfor 1-3 dage. Hvis tags skal tilpasses unikt til din ordre, vil leveringstiden v\u00e6re cirka 2 uger. Vi \u00f8nsker at sikre, at hvert tag opfylder dine specifikke behov og krav, og derfor tager vi os tid til at skabe en skr\u00e6ddersyet l\u00f8sning til dig.<\/p>\n<p>Kontakt os i dag for at diskutere dine projektideer og f\u00e5 en RFID-tag-l\u00f8sning, der passer til dine behov. Med &quot;Merkurius&quot; RFID-tagget tager du din sikkerhed og identifikation til n\u00e6ste niveau. Bestil nu og oplev fordelene ved vores p\u00e5lidelige produkt designet til at opfylde dine specifikke behov.<\/p>\n<p>&quot;Merkurius&quot; RFID-tagget kan enten forsynes med en hvid &quot;ring&quot; p\u00e5 den ene side til fx logo eller nummer, eller det kan v\u00e6re helt i samme farve, men ogs\u00e5 her med mulighed for print af logo og nummer .<\/p>\n<p>Vi tilstr\u00e6ber hurtige leveringer og er m\u00e6rkerne p\u00e5 lager, kan vi levere dem indenfor 1-3 dage. Hvis tags skal tilpasses unikt til din ordre, vil leveringstiden v\u00e6re cirka 2 uger. Vi \u00f8nsker at sikre, at hvert tag opfylder dine specifikke behov og krav, og derfor tager vi os tid til at skabe en skr\u00e6ddersyet l\u00f8sning til dig.<\/p>\n<p>Kontakt os i dag for at diskutere dine projektideer og f\u00e5 en RFID-tag-l\u00f8sning, der passer til dine behov. Med &quot;Merkurius&quot; RFID-tagget tager du din sikkerhed og identifikation til n\u00e6ste niveau. Bestil nu og oplev fordelene ved vores p\u00e5lidelige produkt designet til at opfylde dine specifikke behov.<\/p>\n<p>RFID-tags kan bruges til:<br \/>\nPass system<br \/>\nBes\u00f8gssystem<br \/>\nT\u00f8jvask booking<br \/>\nAlarm og sikkerhed<\/p>\n<p>Fordele ved &quot;Merkurius&quot; RFID-tags:<br \/>\nFuldst\u00e6ndig valgfrit design og gratis korrektur, indtil du er tilfreds<br \/>\nMulighed for at gravere standardnummer eller inkludere logo<br \/>\nLille fleksibelt m\u00e6rke, der er p\u00e5lideligt og har eksisteret i lang tid.<br \/>\nStort udvalg af chipvarianter, der passer til forskellige behov og altid p\u00e5 lager.<\/p>","protected":false},"excerpt":{"rendered":"<p>&quot;Merkurius&quot; RFID-tagget er et fleksibelt og lille tag med m\u00e5lene 31x40x4,4 mm. Den er lavet i h\u00e5rdt ABS materiale med en flot overflade, der er perfekt til b\u00e5de gravering og<\/p>","protected":false},"featured_media":141864,"template":"","meta":{"_acf_changed":false},"product_brand":[],"product_cat":[1324,2354],"product_tag":[2958],"class_list":{"0":"post-41464","1":"product","2":"type-product","3":"status-publish","4":"has-post-thumbnail","6":"product_cat-outlet","7":"product_cat-rfid-taggar","8":"product_tag-stonehouse-produkt","9":"product_shipping_class-postnord-varubrev","10":"pa_brands-stonehouse-security","11":"pa_chip-teknik-em4200","12":"pa_farg-bla","13":"tm-no-options","15":"first","16":"outofstock","17":"sale","18":"featured","19":"taxable","20":"shipping-taxable","21":"purchasable","22":"product-type-simple"},"acf":[],"_links":{"self":[{"href":"https:\/\/secureus.se\/dk\/wp-json\/wp\/v2\/product\/41464","targetHints":{"allow":["GET"]}}],"collection":[{"href":"https:\/\/secureus.se\/dk\/wp-json\/wp\/v2\/product"}],"about":[{"href":"https:\/\/secureus.se\/dk\/wp-json\/wp\/v2\/types\/product"}],"wp:featuredmedia":[{"embeddable":true,"href":"https:\/\/secureus.se\/dk\/wp-json\/wp\/v2\/media\/141864"}],"wp:attachment":[{"href":"https:\/\/secureus.se\/dk\/wp-json\/wp\/v2\/media?parent=41464"}],"wp:term":[{"taxonomy":"product_brand","embeddable":true,"href":"https:\/\/secureus.se\/dk\/wp-json\/wp\/v2\/product_brand?post=41464"},{"taxonomy":"product_cat","embeddable":true,"href":"https:\/\/secureus.se\/dk\/wp-json\/wp\/v2\/product_cat?post=41464"},{"taxonomy":"product_tag","embeddable":true,"href":"https:\/\/secureus.se\/dk\/wp-json\/wp\/v2\/product_tag?post=41464"}],"curies":[{"name":"wp","href":"https:\/\/api.w.org\/{rel}","templated":true}]}}