{"id":41489,"date":"2022-07-12T11:34:21","date_gmt":"2022-07-12T09:34:21","guid":{"rendered":"https:\/\/secureus.se\/produkt\/epoxy-em4200-mifare4k-std-nr\/"},"modified":"2025-12-31T21:38:12","modified_gmt":"2025-12-31T20:38:12","slug":"rfid-tagg-epoxy-em4200-mifare4k-std-nr","status":"publish","type":"product","link":"https:\/\/secureus.se\/dk\/rfid-tagg-epoxy-em4200-mifare4k-std-nr\/","title":{"rendered":"M\u00e6rk Epoxy+ EM4200\/Mifare4k med valgfri numre"},"content":{"rendered":"<h1>M\u00e6rk Epoxy+ EM4200\/Mifare4k med valgfri numre<\/h1>\n<h3><strong>Unikt og elegant design<\/strong><\/h3>\n<p>Vores specialfremstillede &quot;Epoxy&quot; RFID tag er skr\u00e6ddersyet udelukkende til dig som kunde og har en fremstillingstid p\u00e5 cirka 3 uger. Tagets grundmateriale er PVC, som vi forsyner med et lag epoxylim, som giver den en holdbar og p\u00e5lidelig konstruktion. Med den imponerende fotolignende printteknologi kan du sammenligne printet med et kreditkort\/medlemskort, og det ravagtige udseende takket v\u00e6re den h\u00e5rde epoxylim vil dit RFID-tag v\u00e6re unikt og elegant.<\/p>\n<p><span style=\"text-decoration: underline\"><strong>Opfyld dine behov for sikkerhed og identifikation<\/strong><\/span><\/p>\n<p>Dette brugerdefinerede &quot;Epoxy&quot; RFID-tag er perfekt til at opfylde dine sikkerheds- og identifikationsbehov. Hvad enten det drejer sig om adgangssystemer, bes\u00f8gsstyring, vaskeribooking, alarmer eller andre applikationer, er vores tag en p\u00e5lidelig l\u00f8sning.<\/p>\n<p><span style=\"text-decoration: underline\"><strong>Fremstilling af h\u00f8j kvalitet for kvalitet og funktionalitet<\/strong><\/span><\/p>\n<p>Vi forst\u00e5r vigtigheden af at levere produkter af h\u00f8j kvalitet, der lever op til dine forventninger. Derfor bestr\u00e6ber vi os p\u00e5 at fremstille m\u00e6rket med omhu og pr\u00e6cision for at sikre dets kvalitet og funktionalitet.<\/p>\n<p><span style=\"text-decoration: underline\"><strong>Produktionstid: Cirka 3 uger<\/strong><\/span><\/p>\n<p>Bem\u00e6rk venligst, at p\u00e5 grund af den unikke fremstillingsproces for hver kunde, kan vores &quot;Epoxy&quot; RFID-tag ikke sendes hurtigt. Vi \u00f8nsker at tilbyde dig det bedst mulige produkt, og derfor tager det omkring 3 uger at fremstille dit brugerdefinerede tag.<\/p>\n<p><span style=\"text-decoration: underline\"><strong>Inkluderet i prisen: Tilpasning og gravering<\/strong><\/span><\/p>\n<p>Du sender os et foto, logo eller tekst og vi laver en digital rettelse indtil du er tilfreds, derefter indgraverer vi dine systemnumre til adgangssystemer, alarmer eller serienumre efter dine \u00f8nsker - Alt inkluderet i prisen.<\/p>\n<h3>Som altid fra os, original chip fra<a href=\"https:\/\/www.nxp.com\/\" rel=\"noopener\"> NXP<\/a> og <a href=\"https:\/\/www.emmicroelectronic.com\/\" rel=\"noopener\">EM mikroelektronik.<\/a><\/h3>\n<p><strong>Velegnet til alt og alle!<\/strong><\/p>\n<ul>\n<li>Pass system<\/li>\n<li>Bes\u00f8gssystem<\/li>\n<li>T\u00f8jvask booking<\/li>\n<li>Alarm og sikkerhedssystem<\/li>\n<\/ul>\n<p>&nbsp;<\/p>\n<p><strong>Kontakt os for en skr\u00e6ddersyet l\u00f8sning<\/strong><\/p>\n<p>Kontakt os i dag for at diskutere dine projektideer og f\u00e5 en skr\u00e6ddersyet RFID-tag-l\u00f8sning, der passer til dine specifikke behov. Vi ser frem til at skabe et unikt og elegant RFID-tag til dig.<\/p>\n<p><strong>RFID-tags til forskellige applikationer<\/strong><\/p>\n<p><strong>Pass system<\/strong> - Vores &quot;Epoxy&quot; RFID-tag er perfekt til brug i adgangskontrolsystemer for at sikre j\u00e6vn og sikker adgangskontrol.<\/p>\n<p><strong>Bes\u00f8gssystem<\/strong> - Med vores RFID-tag kan du effektivt administrere bes\u00f8gende og sikre en smidig registreringsproces.<\/p>\n<p><strong>T\u00f8jvask booking<\/strong> - Brug vores RFID-tag til enkel og bekvem booking af vaskefaciliteter.<\/p>\n<p><strong>Alarm og sikkerhed<\/strong> - Forbedre sikkerheden i dit hjem eller din virksomhed med vores p\u00e5lidelige RFID-tag, der kan integreres med alarm- og sikkerhedssystemer.<\/p>\n<p><strong>Fordele ved &quot;Epoxy&quot; RFID-tags<\/strong><\/p>\n<p><strong>Fuldst\u00e6ndig valgfrit design og gratis korrektur, indtil du er tilfreds<\/strong> - Vi tilbyder dig muligheden for at skabe et unikt design til dit RFID-tag og giver dig mulighed for at gennemg\u00e5 og godkende beviset inden fremstilling.<\/p>\n<p><strong>Mulighed for at gravere standardnummer eller inkludere logo<\/strong> - Vi kan indgravere standardnumre eller inkludere dit logo p\u00e5 RFID-tagget for at give det et personligt og professionelt udseende.<\/p>\n<p><strong>Stort udvalg af chipvarianter til forskellige behov og altid p\u00e5 lager<\/strong> - Vi tilbyder en bred vifte af chipvarianter for at im\u00f8dekomme forskellige sikkerheds- og identifikationsbehov. Derudover har vi altid vores RFID-tags p\u00e5 lager for hurtig levering.<\/p>\n<p>Vi er dedikerede til at give dig p\u00e5lidelige RFID-tags af h\u00f8j kvalitet, der opfylder dine behov. Vores team af eksperter st\u00e5r til r\u00e5dighed for at give dig den bedst mulige service og support. Kontakt os i dag for at begynde at skabe dit brugerdefinerede &quot;Epoxy&quot; RFID-tag og oplev fordelene ved sikkerhed og identifikation p\u00e5 et nyt niveau.<\/p>","protected":false},"excerpt":{"rendered":"<p>Med dette tag kan du v\u00e6lge et hvilket som helst look, du kan lide, fx logo eller hvorfor ikke et billede p\u00e5 den ene side og et nummer eller logo p\u00e5 den anden side.<\/p>\n<p>Kontakt os og vi producerer gratis digitale billeder af dit valgte look.<\/p>\n<p>Vores mest luksuri\u00f8se tag, der er meget popul\u00e6rt.<\/p>\n<p>Den er fremstillet unikt til dig og har derfor en minimum ordrem\u00e6ngde p\u00e5 500 enheder.<\/p>","protected":false},"featured_media":110564,"template":"","meta":{"_acf_changed":false},"product_brand":[],"product_cat":[2354],"product_tag":[2642,2074,2958,2991],"class_list":{"0":"post-41489","1":"product","2":"type-product","3":"status-publish","4":"has-post-thumbnail","6":"product_cat-rfid-taggar","7":"product_tag-500-moq-design-pvc","8":"product_tag-ej-lagerfraga","9":"product_tag-stonehouse-produkt","10":"product_tag-std-nr-taggar","11":"product_shipping_class-postnord-varubrev","12":"pa_brands-stonehouse-security","13":"pa_chip-teknik-kombi-em4200mifare4k","14":"pa_epoxy-med-eller-utan-ring-tagg-epoxy","15":"tm-has-options","17":"first","18":"instock","19":"sale","20":"featured","21":"taxable","22":"shipping-taxable","23":"purchasable","24":"product-type-simple"},"acf":[],"_links":{"self":[{"href":"https:\/\/secureus.se\/dk\/wp-json\/wp\/v2\/product\/41489","targetHints":{"allow":["GET"]}}],"collection":[{"href":"https:\/\/secureus.se\/dk\/wp-json\/wp\/v2\/product"}],"about":[{"href":"https:\/\/secureus.se\/dk\/wp-json\/wp\/v2\/types\/product"}],"wp:featuredmedia":[{"embeddable":true,"href":"https:\/\/secureus.se\/dk\/wp-json\/wp\/v2\/media\/110564"}],"wp:attachment":[{"href":"https:\/\/secureus.se\/dk\/wp-json\/wp\/v2\/media?parent=41489"}],"wp:term":[{"taxonomy":"product_brand","embeddable":true,"href":"https:\/\/secureus.se\/dk\/wp-json\/wp\/v2\/product_brand?post=41489"},{"taxonomy":"product_cat","embeddable":true,"href":"https:\/\/secureus.se\/dk\/wp-json\/wp\/v2\/product_cat?post=41489"},{"taxonomy":"product_tag","embeddable":true,"href":"https:\/\/secureus.se\/dk\/wp-json\/wp\/v2\/product_tag?post=41489"}],"curies":[{"name":"wp","href":"https:\/\/api.w.org\/{rel}","templated":true}]}}