{"id":41554,"date":"2022-07-12T11:16:05","date_gmt":"2022-07-12T09:16:05","guid":{"rendered":"https:\/\/secureus.se\/produkt\/tagg-kombi-abs-pro-em4200-mifare4k-std-nr\/"},"modified":"2026-03-27T14:28:36","modified_gmt":"2026-03-27T13:28:36","slug":"kombitagg-4k-std-svart-pro","status":"publish","type":"product","link":"https:\/\/secureus.se\/dk\/kombitagg-4k-std-svart-pro\/","title":{"rendered":"Kombinationsm\u00e6rke EM4200 + Mifare4k\u00ae \u2013 Alarm Adgangskontrolsystem Sort \u2013 Pro"},"content":{"rendered":"<h1>Kombinationsm\u00e6rke ABS Pro EM4200\/Mifare4k<\/h1>\n<h3><strong>Alarmpaskontrol - Booking - Bes\u00f8g<\/strong><\/h3>\n<p><strong>Her har vi indgraveret standardnumre p\u00e5 kombinationsm\u00e6rket for:<\/strong><\/p>\n<p><strong><span style=\"text-decoration: underline;\">For EM4200:<\/span><\/strong><\/p>\n<p><strong><span style=\"text-decoration: underline;\">RCO Security (R), , Axema VAKA (V), Bewator\/Vanderbilt (B), ASSA ARX (S)<\/span><\/strong><\/p>\n<p><strong><span style=\"text-decoration: underline;\">Til Mifare:<\/span><\/strong><\/p>\n<p><strong><span style=\"text-decoration: underline;\">RCO (MFR), Axema VAKA (MFV), ASSA, Aptus, Bewator,<\/span><\/strong><\/p>\n<p><strong><span style=\"text-decoration: underline;\">Axema, Axema VAKA, Vanderbilt og andre (MFD)<\/span><\/strong><\/p>\n<p>Dette tag virker i alle systemer, der bruger EM og Mifare teknologi, inklusive RCO, Bewator\/Vanderbilt, Aptus, ASSA ARX og andre typer systemer,<\/p>\n<p>fx bes\u00f8gssystem eller login p\u00e5 computere\/printere.<\/p>\n<p>Vores &quot;ABS Pro&quot; er skabt til at opfylde de mest kr\u00e6vende behov inden for sikkerhed og identifikation.<\/p>\n<p>Med sin robuste konstruktion i ABS-materiale og tynde profil p\u00e5 kun 2,9 mm giver den en perfekt balance mellem holdbarhed og elegance.<\/p>\n<p>Dens slanke finish g\u00f8r den ideel til gravering med standardnumre eller inklusive dit logo, enten gennem graveret eller farvet finish.<\/p>\n<p>Uanset om du har brug for et p\u00e5lideligt produkt til adgangssystemer, bes\u00f8gssystemer, booking, alarmer, bilopladere, lagerstyring eller andre applikationer,<\/p>\n<p>s\u00e5 er vores &quot;ABS Pro&quot; det perfekte valg.<\/p>\n<p>Den f\u00e5s i mange varianter og vi kan ogs\u00e5 fremstille den med dit eget valg af chip.<\/p>\n<p>Standard i dag for adgangsm\u00e6rker er: EM4200, Mifare1k, kombinationen af Mifare1k og EM4200, Mifare4k, kombinationen af Mifare4k og EM4200, samt DESFire,<\/p>\n<p>du kan skr\u00e6ddersy din l\u00f8sning til dine specifikke behov.<\/p>\n<p>Vi forst\u00e5r vigtigheden af at levere RFID-tags af h\u00f8j kvalitet, der opfylder nutidens krav og forventninger.<\/p>\n<p>Det er derfor, vi str\u00e6ber efter at tilbyde den bedste teknologi og kompatibilitet for at forbedre sikkerheden og effektiviteten af dine systemer.<\/p>\n<h3><strong>Tilpasset til unikke projekter - Kombi tag<\/strong><\/h3>\n<p>Fordelene ved vores RFID-tags inkluderer kompatibilitet med forskellige systemer\/teknologier samt muligheden for at skr\u00e6ddersy taggene til at passe til unikke projekter.<\/p>\n<p>Vi kan programmere og integrere forskellige chips for at opfylde specifikke applikationskrav og skabe skr\u00e6ddersyede l\u00f8sninger.<\/p>\n<p>Kontakt os i dag for at diskutere dine projektideer og f\u00e5 en skr\u00e6ddersyet RFID-tag-l\u00f8sning til dine behov.<\/p>\n<h5><strong>Hurtig levering og altid p\u00e5 lager<\/strong><\/h5>\n<p>&quot;ABS Pro&quot; RFID n\u00f8glebrik er altid p\u00e5 lager med over 80.000 enheder i 6 farver (r\u00f8d, bl\u00e5, hvid, sort, gr\u00f8n, gul) og med forskellige chips.<\/p>\n<p>Ved hj\u00e6lp af vores lasermaskiner og software kan du v\u00e6lge logo &amp; unikt nummer til gravering med levering indenfor 1-3 dage.<\/p>\n<h3>Som altid! Kombinationsm\u00e6rke med Original chip fra<a href=\"https:\/\/www.nxp.com\/\" rel=\"noopener\"> NXP<\/a> og <a href=\"https:\/\/www.emmicroelectronic.com\/\" rel=\"noopener\">EM mikroelektronik.<\/a><\/h3>\n<p><strong>Velegnet til alt og alle!<\/strong><\/p>\n<ul>\n<li>Pass system<\/li>\n<li>Bes\u00f8gssystem<\/li>\n<li>Reservation<\/li>\n<li>Alarm og sikkerhedssystem<\/li>\n<\/ul>\n<p><strong>Fordele ved &quot;ABS Pro&quot;<\/strong><\/p>\n<ul>\n<li>Robust konstruktion i ABS-materiale<\/li>\n<li>Tynd profil p\u00e5 kun 2,9 mm<\/li>\n<li>Mulighed for at gravere standardnummer eller inkludere logo<\/li>\n<li>Stort udvalg af chipvarianter, der passer til forskellige behov og altid p\u00e5 lager.<\/li>\n<\/ul>","protected":false},"excerpt":{"rendered":"<p>Vores mest popul\u00e6re RFID-tag &quot;ABS Pro&quot; - den perfekte l\u00f8sning til sikkerheds- og identifikationssystemer. Her med dobbelt chip i combo tag: EM4200+Mifare4k chip. Med indgraverede numre til adgangssystem. Tagget er kun 2,9 mm tykt, lavet af h\u00e5rdt ABS-materiale med en elegant overflade, der passer overalt. Dette produkt har certificeret chip fra NXP\u00ae, en global teknologivirksomhed med hovedkontor i Holland. NXP\u00ae er specialiseret i RFID og NFC og tilbyder en r\u00e6kke produkter inden for sikkerhed, tilslutningsmuligheder og indlejrede l\u00f8sninger<\/p>","protected":false},"featured_media":146244,"template":"","meta":{"_acf_changed":false},"product_brand":[],"product_cat":[1340,4787,2354],"product_tag":[2074,4146,2405,2958,2991,2966],"class_list":{"0":"post-41554","1":"product","2":"type-product","3":"status-publish","4":"has-post-thumbnail","6":"product_cat-rfid-tagg-abs-pro","7":"product_cat-mifare4kem4200-tagg","8":"product_cat-rfid-taggar","9":"product_tag-ej-lagerfraga","10":"product_tag-nxp","11":"product_tag-rel-rfid","12":"product_tag-stonehouse-produkt","13":"product_tag-std-nr-taggar","14":"product_tag-utvalda-taggar-kombitaggar-med-dubbla-chip","15":"product_shipping_class-postnord-varubrev","16":"pa_brands-stonehouse-security","17":"pa_chip-teknik-kombi-em4200mifare4k","18":"pa_farg-svart","19":"tm-has-options","21":"first","22":"instock","23":"sale","24":"featured","25":"taxable","26":"shipping-taxable","27":"purchasable","28":"product-type-simple"},"acf":[],"_links":{"self":[{"href":"https:\/\/secureus.se\/dk\/wp-json\/wp\/v2\/product\/41554","targetHints":{"allow":["GET"]}}],"collection":[{"href":"https:\/\/secureus.se\/dk\/wp-json\/wp\/v2\/product"}],"about":[{"href":"https:\/\/secureus.se\/dk\/wp-json\/wp\/v2\/types\/product"}],"wp:featuredmedia":[{"embeddable":true,"href":"https:\/\/secureus.se\/dk\/wp-json\/wp\/v2\/media\/146244"}],"wp:attachment":[{"href":"https:\/\/secureus.se\/dk\/wp-json\/wp\/v2\/media?parent=41554"}],"wp:term":[{"taxonomy":"product_brand","embeddable":true,"href":"https:\/\/secureus.se\/dk\/wp-json\/wp\/v2\/product_brand?post=41554"},{"taxonomy":"product_cat","embeddable":true,"href":"https:\/\/secureus.se\/dk\/wp-json\/wp\/v2\/product_cat?post=41554"},{"taxonomy":"product_tag","embeddable":true,"href":"https:\/\/secureus.se\/dk\/wp-json\/wp\/v2\/product_tag?post=41554"}],"curies":[{"name":"wp","href":"https:\/\/api.w.org\/{rel}","templated":true}]}}