{"id":41574,"date":"2022-07-12T10:33:21","date_gmt":"2022-07-12T08:33:21","guid":{"rendered":"https:\/\/secureus.se\/produkt\/kombi-abs-hd-em4200-mifare1k-std-nr\/"},"modified":"2026-03-09T14:45:25","modified_gmt":"2026-03-09T13:45:25","slug":"rfid-tagg-kombi-glasfiber-hd-std-nr-2","status":"publish","type":"product","link":"https:\/\/secureus.se\/dk\/rfid-tagg-kombi-glasfiber-hd-std-nr-2\/","title":{"rendered":"Tag Combi EM4200 + Mifare4k\u00ae \u2013 Alarm Access System Sort \u2013 Glasfiber HD Vandalsikker"},"content":{"rendered":"<h1>Tag Combi EM4200\/Mifare4k Glasfiber HD<\/h1>\n<h3>Tag for Alarm\/Passer system og booking.<\/h3>\n<p><span style=\"text-decoration: underline\"><strong>Her med standardnumre indgraveret p\u00e5 m\u00e6rket til stort set alle sikkerhedssystemer.<\/strong><\/span><\/p>\n<div>\n<p><span style=\"text-decoration: underline\"><strong>RCO (MFR), Axema VAKA (MFV)<\/strong><\/span><\/p>\n<p><span style=\"text-decoration: underline\"><strong>(MFD) ASSA, Aptus, Bewator, Axema, Axema VAKA, Vanderbilt<\/strong><\/span><\/p>\n<p><span style=\"text-decoration: underline\"><strong>A = Aptus, R=RCO, AX=Axema, S=ASSA<\/strong><\/span><\/p>\n<p><span style=\"text-decoration: underline\"><strong>V=Axema VAKA og B= Bewator\/Vanderbilt.<\/strong><\/span><\/p>\n<\/div>\n<p>Vores &quot;Tagg Fiberglass HD&quot; er ikke kun teknisk avanceret, den er ogs\u00e5 ekstremt holdbar og p\u00e5lidelig.<\/p>\n<p>Fremstillet af ekstra forst\u00e6rket glasfiber\/epoxymateriale og kun 1,6 mm tynd, kan den modst\u00e5 barske milj\u00f8er og belastninger uden at g\u00e5 p\u00e5 kompromis med ydeevnen.<\/p>\n<p>Derudover er tagget vandt\u00e6t, hvilket giver beskyttelse mod fugt og fugt og g\u00f8r det velegnet til b\u00e5de indend\u00f8rs og udend\u00f8rs brug.<\/p>\n<p>Denne innovative n\u00f8glebrik er specielt designet til at opfylde dine behov for sikkerhed og identifikationssystem.<\/p>\n<p>Med sin robuste konstruktion og imponerende funktionalitet giver RFID-tagget &quot;Glasfiber HD&quot; en p\u00e5lidelig og effektiv l\u00f8sning til forskellige applikationer.<\/p>\n<p>Vi tilbyder flere varianter af &quot;Fiberglass HD&quot; for at opfylde dine specifikke krav.<\/p>\n<p>Der er flere produkter, du kan v\u00e6lge mellem EM4200, Mifare1k, kombinationen af Mifare1k og EM4200, Mifare4k, og kombinationen af Mifare4k og EM4200.<\/p>\n<p>Hver variant har sine egne unikke egenskaber og funktioner, hvilket giver dig fleksibilitet og alsidighed.<\/p>\n<p>For yderligere at tilpasse n\u00f8glebrikken tilbyder vi muligheden for at gravere numre s\u00e5som serienumre,<\/p>\n<p>eller numre fra dine adgangssystemer (RCO, Vanderbilt, Bewator, Axema Aptus ASSA osv.).<\/p>\n<p>Dette letter identifikation og styring af dine tags, sparer tid og \u00f8ger effektiviteten af dit workflow.<\/p>\n<h3>Som altid fra os, original chip fra<a href=\"https:\/\/www.nxp.com\/\" rel=\"noopener\"> NXP<\/a> og <a href=\"https:\/\/www.emmicroelectronic.com\/\" rel=\"noopener\">EM mikroelektronik.<\/a><\/h3>\n<p><strong>Velegnet til alt og alle!<\/strong><\/p>\n<ul>\n<li>Pass system<\/li>\n<li>Bes\u00f8gssystem<\/li>\n<li>T\u00f8jvask booking<\/li>\n<li>Alarm og sikkerhedssystem<\/li>\n<\/ul>\n<p>&nbsp;<\/p>","protected":false},"excerpt":{"rendered":"<p>Tagg Glasfiber HD \u2013 Vandalsikker og vandt\u00e6t \u2013 den perfekte l\u00f8sning til sikkerheds- og identifikationssystemer.<br \/>\nCombi EM4200\/Mifare4k chip med f\u00e6rdige numre til adgangssystem indgraveret p\u00e5 taggen Dette produkt har certificeret chip fra NXP\u00ae, som er en global teknologivirksomhed med hovedkontor i Holland. NXP\u00ae er specialiseret i RFID og NFC og tilbyder en r\u00e6kke produkter inden for sikkerhed, tilslutningsmuligheder og indlejrede l\u00f8sninger<\/p>","protected":false},"featured_media":133942,"template":"","meta":{"_acf_changed":false},"product_brand":[],"product_cat":[1349,4787],"product_tag":[2436,2074,4146,2958],"class_list":{"0":"post-41574","1":"product","2":"type-product","3":"status-publish","4":"has-post-thumbnail","6":"product_cat-rfid-tag-glasfiber","7":"product_cat-mifare4kem4200-tagg","8":"product_tag-250-moq-hd","9":"product_tag-ej-lagerfraga","10":"product_tag-nxp","11":"product_tag-stonehouse-produkt","12":"product_shipping_class-postnord-varubrev","13":"pa_brands-stonehouse-security","14":"pa_chip-teknik-kombi-em4200mifare1k","15":"pa_farg-svart","16":"pa_tagg-glasfiber-tagg-glasfiber-hd","17":"tm-has-options","19":"first","20":"instock","21":"sale","22":"featured","23":"taxable","24":"shipping-taxable","25":"purchasable","26":"product-type-simple"},"acf":[],"_links":{"self":[{"href":"https:\/\/secureus.se\/dk\/wp-json\/wp\/v2\/product\/41574","targetHints":{"allow":["GET"]}}],"collection":[{"href":"https:\/\/secureus.se\/dk\/wp-json\/wp\/v2\/product"}],"about":[{"href":"https:\/\/secureus.se\/dk\/wp-json\/wp\/v2\/types\/product"}],"wp:featuredmedia":[{"embeddable":true,"href":"https:\/\/secureus.se\/dk\/wp-json\/wp\/v2\/media\/133942"}],"wp:attachment":[{"href":"https:\/\/secureus.se\/dk\/wp-json\/wp\/v2\/media?parent=41574"}],"wp:term":[{"taxonomy":"product_brand","embeddable":true,"href":"https:\/\/secureus.se\/dk\/wp-json\/wp\/v2\/product_brand?post=41574"},{"taxonomy":"product_cat","embeddable":true,"href":"https:\/\/secureus.se\/dk\/wp-json\/wp\/v2\/product_cat?post=41574"},{"taxonomy":"product_tag","embeddable":true,"href":"https:\/\/secureus.se\/dk\/wp-json\/wp\/v2\/product_tag?post=41574"}],"curies":[{"name":"wp","href":"https:\/\/api.w.org\/{rel}","templated":true}]}}