{"id":52131,"date":"2022-06-29T12:48:50","date_gmt":"2022-06-29T10:48:50","guid":{"rendered":"https:\/\/secureus.se\/produkt\/plintsignering\/"},"modified":"2026-03-26T11:47:57","modified_gmt":"2026-03-26T10:47:57","slug":"plintsignering","status":"publish","type":"product","link":"https:\/\/secureus.se\/dk\/plintsignering\/","title":{"rendered":"Terminal signatur"},"content":{"rendered":"<p>Signeringsterminalen bruges til dokumentation og identifikation. Forbliver p\u00e5 soklen n\u00e5r l\u00e5get p\u00e5 boksen l\u00f8ftes. F\u00e5s ogs\u00e5 som v\u00e6gskilt, se 3132.01 (Enr. 5015560)<\/p>","protected":false},"excerpt":{"rendered":"<p>Signeringsterminalen bruges til dokumentation og identifikation. Forbliver p\u00e5 soklen n\u00e5r l\u00e5get p\u00e5 boksen l\u00f8ftes. F\u00e5s ogs\u00e5 som v\u00e6gskilt, se 3132.01 (Enr. 5015560)<\/p>","protected":false},"featured_media":142445,"template":"","meta":{"_acf_changed":false},"product_brand":[],"product_cat":[1547],"product_tag":[2211],"class_list":{"0":"post-52131","1":"product","2":"type-product","3":"status-publish","4":"has-post-thumbnail","6":"product_cat-plint-larm-telebox","7":"product_tag-box-tillbehor","8":"product_shipping_class-postnord-varubrev","9":"pa_brands-alarmtech","10":"tm-no-options","12":"first","13":"instock","14":"sale","15":"taxable","16":"shipping-taxable","17":"purchasable","18":"product-type-simple"},"acf":[],"_links":{"self":[{"href":"https:\/\/secureus.se\/dk\/wp-json\/wp\/v2\/product\/52131","targetHints":{"allow":["GET"]}}],"collection":[{"href":"https:\/\/secureus.se\/dk\/wp-json\/wp\/v2\/product"}],"about":[{"href":"https:\/\/secureus.se\/dk\/wp-json\/wp\/v2\/types\/product"}],"wp:featuredmedia":[{"embeddable":true,"href":"https:\/\/secureus.se\/dk\/wp-json\/wp\/v2\/media\/142445"}],"wp:attachment":[{"href":"https:\/\/secureus.se\/dk\/wp-json\/wp\/v2\/media?parent=52131"}],"wp:term":[{"taxonomy":"product_brand","embeddable":true,"href":"https:\/\/secureus.se\/dk\/wp-json\/wp\/v2\/product_brand?post=52131"},{"taxonomy":"product_cat","embeddable":true,"href":"https:\/\/secureus.se\/dk\/wp-json\/wp\/v2\/product_cat?post=52131"},{"taxonomy":"product_tag","embeddable":true,"href":"https:\/\/secureus.se\/dk\/wp-json\/wp\/v2\/product_tag?post=52131"}],"curies":[{"name":"wp","href":"https:\/\/api.w.org\/{rel}","templated":true}]}}