{"id":52152,"date":"2022-06-29T13:09:19","date_gmt":"2022-06-29T11:09:19","guid":{"rendered":"https:\/\/secureus.se\/produkt\/aterstallningsbox-infalld\/"},"modified":"2026-04-08T16:57:06","modified_gmt":"2026-04-08T14:57:06","slug":"aterstallningsbox-infalld","status":"publish","type":"product","link":"https:\/\/secureus.se\/dk\/aterstallningsbox-infalld\/","title":{"rendered":"Genopretningsboks Fors\u00e6nket"},"content":{"rendered":"<p>Kontakten afbryder banen mellem tilslutning 02 og 12, n\u00e5r den trykkes ned, f.eks. nulstilling af rel\u00e6glasdetektorer. Med LED og Buzzer. Polforbundet skrueterminal med l\u00f8ftefunktion til 0,14-1mm2 ledning. F\u00e5s ogs\u00e5 som p\u00e5bygningsboks, se art.nr. Leveres med d\u00e6ksel, hvid 86x86mm.<\/p>","protected":false},"excerpt":{"rendered":"<p>Kontakten afbryder banen mellem tilslutning 02 og 12, n\u00e5r den trykkes ned, f.eks. nulstilling af rel\u00e6glasdetektorer. Med LED og Buzzer. Polforbundet skrueterminal med l\u00f8ftefunktion til 0,14-1mm2 ledning. F\u00e5s ogs\u00e5 som overflademonteret<\/p>","protected":false},"featured_media":142507,"template":"","meta":{"_acf_changed":false},"product_brand":[],"product_cat":[1545],"product_tag":[2218],"class_list":{"0":"post-52152","1":"product","2":"type-product","3":"status-publish","4":"has-post-thumbnail","6":"product_cat-kopplingsdosa-larmdosa","7":"product_tag-dosa-glaskross","8":"product_shipping_class-postnord-varubrev","9":"pa_brands-alarmtech","10":"pa_farg-vit","11":"tm-no-options","13":"first","14":"outofstock","15":"sale","16":"taxable","17":"shipping-taxable","18":"purchasable","19":"product-type-simple"},"acf":[],"_links":{"self":[{"href":"https:\/\/secureus.se\/dk\/wp-json\/wp\/v2\/product\/52152","targetHints":{"allow":["GET"]}}],"collection":[{"href":"https:\/\/secureus.se\/dk\/wp-json\/wp\/v2\/product"}],"about":[{"href":"https:\/\/secureus.se\/dk\/wp-json\/wp\/v2\/types\/product"}],"wp:featuredmedia":[{"embeddable":true,"href":"https:\/\/secureus.se\/dk\/wp-json\/wp\/v2\/media\/142507"}],"wp:attachment":[{"href":"https:\/\/secureus.se\/dk\/wp-json\/wp\/v2\/media?parent=52152"}],"wp:term":[{"taxonomy":"product_brand","embeddable":true,"href":"https:\/\/secureus.se\/dk\/wp-json\/wp\/v2\/product_brand?post=52152"},{"taxonomy":"product_cat","embeddable":true,"href":"https:\/\/secureus.se\/dk\/wp-json\/wp\/v2\/product_cat?post=52152"},{"taxonomy":"product_tag","embeddable":true,"href":"https:\/\/secureus.se\/dk\/wp-json\/wp\/v2\/product_tag?post=52152"}],"curies":[{"name":"wp","href":"https:\/\/api.w.org\/{rel}","templated":true}]}}