{"id":52160,"date":"2022-06-29T13:06:43","date_gmt":"2022-06-29T11:06:43","guid":{"rendered":"https:\/\/secureus.se\/produkt\/bussplint-3x-1-3-par-avsak\/"},"modified":"2026-03-26T11:40:31","modified_gmt":"2026-03-26T10:40:31","slug":"bussplint-3x-1-3-par-avsak","status":"publish","type":"product","link":"https:\/\/secureus.se\/dk\/bussplint-3x-1-3-par-avsak\/","title":{"rendered":"Busklemmeblok 3X 1-3 Par sek"},"content":{"rendered":"<p>Busklemme 6-polet: 3\u00d71 par indg\u00e5ende kabel, der er fordelt p\u00e5 3 x 3 par ud. Det tredje par er sikret to steder, hvor de sidste to udg\u00e5ende par (08+09) er sikret. Slotterminaler (LSA) til 0,4-0,7 mm tr\u00e5ddiameter (areal 0,12-0,4 mm2). Separat terminal til sk\u00e6rmtilslutning. Komplet med signeringsterminal 3131.01 (Enr. 5015386). Soklen passer ind i Fatums plast- og pladeprogram.<\/p>","protected":false},"excerpt":{"rendered":"<p>Busklemme 6-polet: 3\u00d71 par indg\u00e5ende kabel, der er fordelt p\u00e5 3 x 3 par ud. Det tredje par er sikret to steder, hvor de sidste to udg\u00e5ende par (08+09)<\/p>","protected":false},"featured_media":142514,"template":"","meta":{"_acf_changed":false},"product_brand":[],"product_cat":[1547],"product_tag":[2212],"class_list":{"0":"post-52160","1":"product","2":"type-product","3":"status-publish","4":"has-post-thumbnail","6":"product_cat-plint-larm-telebox","7":"product_tag-box-bygling-buss","8":"product_shipping_class-postnord-varubrev","9":"pa_brands-alarmtech","10":"tm-no-options","12":"first","13":"outofstock","14":"sale","15":"taxable","16":"shipping-taxable","17":"purchasable","18":"product-type-simple"},"acf":[],"_links":{"self":[{"href":"https:\/\/secureus.se\/dk\/wp-json\/wp\/v2\/product\/52160","targetHints":{"allow":["GET"]}}],"collection":[{"href":"https:\/\/secureus.se\/dk\/wp-json\/wp\/v2\/product"}],"about":[{"href":"https:\/\/secureus.se\/dk\/wp-json\/wp\/v2\/types\/product"}],"wp:featuredmedia":[{"embeddable":true,"href":"https:\/\/secureus.se\/dk\/wp-json\/wp\/v2\/media\/142514"}],"wp:attachment":[{"href":"https:\/\/secureus.se\/dk\/wp-json\/wp\/v2\/media?parent=52160"}],"wp:term":[{"taxonomy":"product_brand","embeddable":true,"href":"https:\/\/secureus.se\/dk\/wp-json\/wp\/v2\/product_brand?post=52160"},{"taxonomy":"product_cat","embeddable":true,"href":"https:\/\/secureus.se\/dk\/wp-json\/wp\/v2\/product_cat?post=52160"},{"taxonomy":"product_tag","embeddable":true,"href":"https:\/\/secureus.se\/dk\/wp-json\/wp\/v2\/product_tag?post=52160"}],"curies":[{"name":"wp","href":"https:\/\/api.w.org\/{rel}","templated":true}]}}