{"id":52180,"date":"2022-06-29T13:00:43","date_gmt":"2022-06-29T11:00:43","guid":{"rendered":"https:\/\/secureus.se\/produkt\/kk-lada-for-20-plint\/"},"modified":"2026-04-23T10:45:36","modified_gmt":"2026-04-23T08:45:36","slug":"kk-lada-for-20-plint","status":"publish","type":"product","link":"https:\/\/secureus.se\/dk\/kk-lada-for-20-plint\/","title":{"rendered":"Kk Box til 20 terminaler"},"content":{"rendered":"<p>Robust boks i galvaniseret plade med lakeret hvidt l\u00e5g og forstansede kabeludtag bekl\u00e6dt med plastikstik. M\u00e5l 422x528x38mm. Passer til alle modulterminaler i Fatum programmet og er forberedt til 20 moduler. Suppleres med skilteplade til v\u00e6g 3132.01 (5015560), ekstra stik 0905.18 (5015540) og v\u00e6gafstandsstykker 2590.04 (5015360) eller skilteterminal art.nr.<\/p>","protected":false},"excerpt":{"rendered":"<p>Robust kasse i galvaniseret plade med lakeret hvidt l\u00e5g og forstansede kabeludtag bekl\u00e6dt med plastikstik. M\u00e5l 422x528x38mm. Passer til alle Fatum programmets modulterminaler og er forberedt til 20 moduler. Komplet med signaturplade<\/p>","protected":false},"featured_media":142934,"template":"","meta":{"_acf_changed":false},"product_brand":[],"product_cat":[1547],"product_tag":[],"class_list":{"0":"post-52180","1":"product","2":"type-product","3":"status-publish","4":"has-post-thumbnail","6":"product_cat-plint-larm-telebox","7":"product_shipping_class-postnord-varubrev","8":"pa_brands-alarmtech","9":"tm-no-options","11":"first","12":"outofstock","13":"sale","14":"taxable","15":"shipping-taxable","16":"purchasable","17":"product-type-simple"},"acf":[],"_links":{"self":[{"href":"https:\/\/secureus.se\/dk\/wp-json\/wp\/v2\/product\/52180","targetHints":{"allow":["GET"]}}],"collection":[{"href":"https:\/\/secureus.se\/dk\/wp-json\/wp\/v2\/product"}],"about":[{"href":"https:\/\/secureus.se\/dk\/wp-json\/wp\/v2\/types\/product"}],"wp:featuredmedia":[{"embeddable":true,"href":"https:\/\/secureus.se\/dk\/wp-json\/wp\/v2\/media\/142934"}],"wp:attachment":[{"href":"https:\/\/secureus.se\/dk\/wp-json\/wp\/v2\/media?parent=52180"}],"wp:term":[{"taxonomy":"product_brand","embeddable":true,"href":"https:\/\/secureus.se\/dk\/wp-json\/wp\/v2\/product_brand?post=52180"},{"taxonomy":"product_cat","embeddable":true,"href":"https:\/\/secureus.se\/dk\/wp-json\/wp\/v2\/product_cat?post=52180"},{"taxonomy":"product_tag","embeddable":true,"href":"https:\/\/secureus.se\/dk\/wp-json\/wp\/v2\/product_tag?post=52180"}],"curies":[{"name":"wp","href":"https:\/\/api.w.org\/{rel}","templated":true}]}}