{"id":52199,"date":"2022-06-29T12:55:28","date_gmt":"2022-06-29T10:55:28","guid":{"rendered":"https:\/\/secureus.se\/produkt\/karmoverforing-28401-250cm\/"},"modified":"2026-04-23T10:46:10","modified_gmt":"2026-04-23T08:46:10","slug":"karmoverforing-28401-250cm","status":"publish","type":"product","link":"https:\/\/secureus.se\/dk\/karmoverforing-28401-250cm\/","title":{"rendered":"Rammeoverf\u00f8rsel 28401-250Cm"},"content":{"rendered":"<p>Bokse i Mini format (28401.03) med henholdsvis RJ45 tilslutning og 10 skrueforbindelser, hvoraf to er til sabotagekontakt\/\u00e5bningsbeskyttelse. Spiralkabel i l\u00e6ngden 2500mm, hvilket svarer til den anbefalede forl\u00e6ngede l\u00e6ngde. I hvileposition er spiralkablet ca 750mm. 8 farvede tr\u00e5de<\/p>","protected":false},"excerpt":{"rendered":"<p>Bokse i Mini format (28401.03) med henholdsvis RJ45 tilslutning og 10 skrueforbindelser, hvoraf to er til sabotagekontakt\/\u00e5bningsbeskyttelse. Spiralkabel i l\u00e6ngden 2500mm, hvilket svarer til den anbefalede forl\u00e6ngede l\u00e6ngde. I hvileposition er spiralkablet ca 750mm. 8 farvet<\/p>","protected":false},"featured_media":156729,"template":"","meta":{"_acf_changed":false},"product_brand":[],"product_cat":[1546],"product_tag":[],"class_list":{"0":"post-52199","1":"product","2":"type-product","3":"status-publish","4":"has-post-thumbnail","6":"product_cat-kabeloverforing","7":"product_shipping_class-postnord-varubrev","8":"tm-no-options","10":"first","11":"instock","12":"sale","13":"taxable","14":"shipping-taxable","15":"purchasable","16":"product-type-simple"},"acf":[],"_links":{"self":[{"href":"https:\/\/secureus.se\/dk\/wp-json\/wp\/v2\/product\/52199","targetHints":{"allow":["GET"]}}],"collection":[{"href":"https:\/\/secureus.se\/dk\/wp-json\/wp\/v2\/product"}],"about":[{"href":"https:\/\/secureus.se\/dk\/wp-json\/wp\/v2\/types\/product"}],"wp:featuredmedia":[{"embeddable":true,"href":"https:\/\/secureus.se\/dk\/wp-json\/wp\/v2\/media\/156729"}],"wp:attachment":[{"href":"https:\/\/secureus.se\/dk\/wp-json\/wp\/v2\/media?parent=52199"}],"wp:term":[{"taxonomy":"product_brand","embeddable":true,"href":"https:\/\/secureus.se\/dk\/wp-json\/wp\/v2\/product_brand?post=52199"},{"taxonomy":"product_cat","embeddable":true,"href":"https:\/\/secureus.se\/dk\/wp-json\/wp\/v2\/product_cat?post=52199"},{"taxonomy":"product_tag","embeddable":true,"href":"https:\/\/secureus.se\/dk\/wp-json\/wp\/v2\/product_tag?post=52199"}],"curies":[{"name":"wp","href":"https:\/\/api.w.org\/{rel}","templated":true}]}}