{"id":52200,"date":"2022-06-29T12:55:13","date_gmt":"2022-06-29T10:55:13","guid":{"rendered":"https:\/\/secureus.se\/produkt\/larmbox-mini-10-pol-skruv\/"},"modified":"2026-04-08T16:51:24","modified_gmt":"2026-04-08T14:51:24","slug":"larmbox-mini-10-pol-skruv","status":"publish","type":"product","link":"https:\/\/secureus.se\/dk\/larmbox-mini-10-pol-skruv\/","title":{"rendered":"Alarmboks Mini 10 Polet Skrue"},"content":{"rendered":"<p>Skrueterminal med elevatorfunktion og til 0,14-1mm2 ledning. Komplet produkt i en lille hvid \u00e6ske af UL94-V0 plast (flammesikker og halogenfri) i stabil tykkelse. Forgreningsboksen kan suppleres med stabelbare v\u00e6gafstandsstykker i 6mm eller 13mm lange, se 2581.06, Enr 5015236 eller 2581.13 Enr 5015238, samt lille v\u00e6gskilteplade se 3132.01 Enr 5015560.<\/p>","protected":false},"excerpt":{"rendered":"<p>Skrueterminal med elevatorfunktion og til 0,14-1mm2 ledning. Komplet produkt i en lille hvid \u00e6ske af UL94-V0 plast (flammesikker og halogenfri) i stabil tykkelse. Forgreningsboksen kan suppleres med stabelbare v\u00e6gafstandsstykker, dvs<\/p>","protected":false},"featured_media":142962,"template":"","meta":{"_acf_changed":false},"product_brand":[],"product_cat":[1545],"product_tag":[2219],"class_list":{"0":"post-52200","1":"product","2":"type-product","3":"status-publish","4":"has-post-thumbnail","6":"product_cat-kopplingsdosa-larmdosa","7":"product_tag-dosa-10-polig","8":"product_shipping_class-postnord-varubrev","9":"pa_brands-alarmtech","10":"pa_farg-vit","11":"tm-no-options","13":"first","14":"instock","15":"sale","16":"taxable","17":"shipping-taxable","18":"purchasable","19":"product-type-simple"},"acf":[],"_links":{"self":[{"href":"https:\/\/secureus.se\/dk\/wp-json\/wp\/v2\/product\/52200","targetHints":{"allow":["GET"]}}],"collection":[{"href":"https:\/\/secureus.se\/dk\/wp-json\/wp\/v2\/product"}],"about":[{"href":"https:\/\/secureus.se\/dk\/wp-json\/wp\/v2\/types\/product"}],"wp:featuredmedia":[{"embeddable":true,"href":"https:\/\/secureus.se\/dk\/wp-json\/wp\/v2\/media\/142962"}],"wp:attachment":[{"href":"https:\/\/secureus.se\/dk\/wp-json\/wp\/v2\/media?parent=52200"}],"wp:term":[{"taxonomy":"product_brand","embeddable":true,"href":"https:\/\/secureus.se\/dk\/wp-json\/wp\/v2\/product_brand?post=52200"},{"taxonomy":"product_cat","embeddable":true,"href":"https:\/\/secureus.se\/dk\/wp-json\/wp\/v2\/product_cat?post=52200"},{"taxonomy":"product_tag","embeddable":true,"href":"https:\/\/secureus.se\/dk\/wp-json\/wp\/v2\/product_tag?post=52200"}],"curies":[{"name":"wp","href":"https:\/\/api.w.org\/{rel}","templated":true}]}}