{"id":52206,"date":"2022-06-29T12:53:04","date_gmt":"2022-06-29T10:53:04","guid":{"rendered":"https:\/\/secureus.se\/produkt\/sabotageplint-2-pol\/"},"modified":"2026-04-23T11:07:30","modified_gmt":"2026-04-23T09:07:30","slug":"sabotageplint-2-pol","status":"publish","type":"product","link":"https:\/\/secureus.se\/dk\/sabotageplint-2-pol\/","title":{"rendered":"Sabotageterminal 2 polet"},"content":{"rendered":"<p>Lille mikroklemmeblok med to skrueterminaler med elevatorfunktion. Installeres som supplement i tilf\u00e6lde, hvor der mangler en sabotagekontakt eller frakoblingsbeskyttelse i installationen. Fastg\u00f8res direkte p\u00e5 afstand med en 6 mm skrue eller alternativt oven p\u00e5 en eksisterende terminal (f.eks. i stedet for en signeringsterminal). Pakket med skrue og m\u00f8trik og en ca. 12 mm lang fjeder. St\u00f8rrelse 15x29x10mm.<\/p>","protected":false},"excerpt":{"rendered":"<p>Lille mikroklemmeblok med to skrueterminaler med elevatorfunktion. Installeres som supplement i tilf\u00e6lde, hvor der mangler en sabotagekontakt eller frakoblingsbeskyttelse i installationen. Fastg\u00f8res direkte p\u00e5 afstand med en 6 mm skrue eller alternativt oven p\u00e5 en eksisterende<\/p>","protected":false},"featured_media":142124,"template":"","meta":{"_acf_changed":false},"product_brand":[],"product_cat":[1545],"product_tag":[2225],"class_list":{"0":"post-52206","1":"product","2":"type-product","3":"status-publish","4":"has-post-thumbnail","6":"product_cat-kopplingsdosa-larmdosa","7":"product_tag-sabplint-utomhus-ovr","8":"product_shipping_class-postnord-varubrev","9":"pa_brands-alarmtech","10":"pa_farg-vit","11":"tm-no-options","13":"first","14":"instock","15":"sale","16":"taxable","17":"shipping-taxable","18":"purchasable","19":"product-type-simple"},"acf":[],"_links":{"self":[{"href":"https:\/\/secureus.se\/dk\/wp-json\/wp\/v2\/product\/52206","targetHints":{"allow":["GET"]}}],"collection":[{"href":"https:\/\/secureus.se\/dk\/wp-json\/wp\/v2\/product"}],"about":[{"href":"https:\/\/secureus.se\/dk\/wp-json\/wp\/v2\/types\/product"}],"wp:featuredmedia":[{"embeddable":true,"href":"https:\/\/secureus.se\/dk\/wp-json\/wp\/v2\/media\/142124"}],"wp:attachment":[{"href":"https:\/\/secureus.se\/dk\/wp-json\/wp\/v2\/media?parent=52206"}],"wp:term":[{"taxonomy":"product_brand","embeddable":true,"href":"https:\/\/secureus.se\/dk\/wp-json\/wp\/v2\/product_brand?post=52206"},{"taxonomy":"product_cat","embeddable":true,"href":"https:\/\/secureus.se\/dk\/wp-json\/wp\/v2\/product_cat?post=52206"},{"taxonomy":"product_tag","embeddable":true,"href":"https:\/\/secureus.se\/dk\/wp-json\/wp\/v2\/product_tag?post=52206"}],"curies":[{"name":"wp","href":"https:\/\/api.w.org\/{rel}","templated":true}]}}