{"id":52208,"date":"2022-06-29T12:52:41","date_gmt":"2022-06-29T10:52:41","guid":{"rendered":"https:\/\/secureus.se\/produkt\/sak-box-10-30v-dc-ac-skruv\/"},"modified":"2026-04-08T16:41:16","modified_gmt":"2026-04-08T14:41:16","slug":"sak-box-10-30v-dc-ac-skruv","status":"publish","type":"product","link":"https:\/\/secureus.se\/dk\/sak-box-10-30v-dc-ac-skruv\/","title":{"rendered":"Sikkerhedsboks 10-30V Dc\/Ac Skrue"},"content":{"rendered":"<p>Til spredning af str\u00f8mforsyning 10A til 5 sektioner. 2-polet sikring med max 2A. Rel\u00e6 i serie med LED for indikation af fuld sikring, g\u00e6lder b\u00e5de + og -. Total alarm for lukning eller brud. L\u00e5get har en signatur\u00e5bning (signaturterminal er inkluderet i produktet). Boksen kan suppleres med stabelbare v\u00e6gafstandsstykker 6mm eller 13mm lange 2581.06 (5015236), 2581.13 (5015238) og ogs\u00e5 v\u00e6gskilteplade\/markeringsplade 3132.01 (5015560).<\/p>","protected":false},"excerpt":{"rendered":"<p>Til spredning af str\u00f8mforsyning 10A til 5 sektioner. 2-polet sikring med max 2A. Rel\u00e6 i serie med LED for indikation af fuld sikring, g\u00e6lder b\u00e5de + og -. Total alarm slukket<\/p>","protected":false},"featured_media":142488,"template":"","meta":{"_acf_changed":false},"product_brand":[],"product_cat":[1545],"product_tag":[2223],"class_list":{"0":"post-52208","1":"product","2":"type-product","3":"status-publish","4":"has-post-thumbnail","6":"product_cat-kopplingsdosa-larmdosa","7":"product_tag-dosa-med-rela-sokring","8":"product_shipping_class-postnord-varubrev","9":"pa_brands-alarmtech","10":"pa_farg-vit","11":"tm-no-options","13":"first","14":"instock","15":"sale","16":"taxable","17":"shipping-taxable","18":"purchasable","19":"product-type-simple"},"acf":[],"_links":{"self":[{"href":"https:\/\/secureus.se\/dk\/wp-json\/wp\/v2\/product\/52208","targetHints":{"allow":["GET"]}}],"collection":[{"href":"https:\/\/secureus.se\/dk\/wp-json\/wp\/v2\/product"}],"about":[{"href":"https:\/\/secureus.se\/dk\/wp-json\/wp\/v2\/types\/product"}],"wp:featuredmedia":[{"embeddable":true,"href":"https:\/\/secureus.se\/dk\/wp-json\/wp\/v2\/media\/142488"}],"wp:attachment":[{"href":"https:\/\/secureus.se\/dk\/wp-json\/wp\/v2\/media?parent=52208"}],"wp:term":[{"taxonomy":"product_brand","embeddable":true,"href":"https:\/\/secureus.se\/dk\/wp-json\/wp\/v2\/product_brand?post=52208"},{"taxonomy":"product_cat","embeddable":true,"href":"https:\/\/secureus.se\/dk\/wp-json\/wp\/v2\/product_cat?post=52208"},{"taxonomy":"product_tag","embeddable":true,"href":"https:\/\/secureus.se\/dk\/wp-json\/wp\/v2\/product_tag?post=52208"}],"curies":[{"name":"wp","href":"https:\/\/api.w.org\/{rel}","templated":true}]}}