{"id":52230,"date":"2022-06-29T12:47:26","date_gmt":"2022-06-29T10:47:26","guid":{"rendered":"https:\/\/secureus.se\/produkt\/relakort-rc-1\/"},"modified":"2026-04-09T10:17:46","modified_gmt":"2026-04-09T08:17:46","slug":"relakort-rc-1","status":"publish","type":"product","link":"https:\/\/secureus.se\/dk\/relakort-rc-1\/","title":{"rendered":"Rel\u00e6kort Rc 1 \u2013 Alarmtech"},"content":{"rendered":"<p>En meget lille universal rel\u00e6plade med selvkl\u00e6bende pude til nem montering overalt. Tilslutning sker via skrueklemmer. Styresignal og str\u00f8mforsyning tilsluttes via 15 cm kabel. 1A rel\u00e6et styres via en transistor, hvilket betyder, at der kr\u00e6ves et meget lavt styresignal (1mA). LED indikerer, n\u00e5r rel\u00e6et er aktiveret.<\/p>","protected":false},"excerpt":{"rendered":"<p>REL\u00c6KORT 1 X \u00c6NDRING M ANSL<\/p>","protected":false},"featured_media":142320,"template":"","meta":{"_acf_changed":false},"product_brand":[],"product_cat":[1548],"product_tag":[2234],"class_list":{"0":"post-52230","1":"product","2":"type-product","3":"status-publish","4":"has-post-thumbnail","6":"product_cat-relaer-elektronik","7":"product_tag-rela-12-24v","8":"product_shipping_class-postnord-varubrev","9":"pa_farg-ovrigt","10":"tm-no-options","12":"first","13":"instock","14":"sale","15":"taxable","16":"shipping-taxable","17":"purchasable","18":"product-type-simple"},"acf":[],"_links":{"self":[{"href":"https:\/\/secureus.se\/dk\/wp-json\/wp\/v2\/product\/52230","targetHints":{"allow":["GET"]}}],"collection":[{"href":"https:\/\/secureus.se\/dk\/wp-json\/wp\/v2\/product"}],"about":[{"href":"https:\/\/secureus.se\/dk\/wp-json\/wp\/v2\/types\/product"}],"wp:featuredmedia":[{"embeddable":true,"href":"https:\/\/secureus.se\/dk\/wp-json\/wp\/v2\/media\/142320"}],"wp:attachment":[{"href":"https:\/\/secureus.se\/dk\/wp-json\/wp\/v2\/media?parent=52230"}],"wp:term":[{"taxonomy":"product_brand","embeddable":true,"href":"https:\/\/secureus.se\/dk\/wp-json\/wp\/v2\/product_brand?post=52230"},{"taxonomy":"product_cat","embeddable":true,"href":"https:\/\/secureus.se\/dk\/wp-json\/wp\/v2\/product_cat?post=52230"},{"taxonomy":"product_tag","embeddable":true,"href":"https:\/\/secureus.se\/dk\/wp-json\/wp\/v2\/product_tag?post=52230"}],"curies":[{"name":"wp","href":"https:\/\/api.w.org\/{rel}","templated":true}]}}