{"id":52235,"date":"2022-06-29T12:46:40","date_gmt":"2022-06-29T10:46:40","guid":{"rendered":"https:\/\/secureus.se\/produkt\/larmbox-16-pol-par-skr-sk\/"},"modified":"2026-04-08T16:52:02","modified_gmt":"2026-04-08T14:52:02","slug":"larmbox-16-pol-par-skr-sk","status":"publish","type":"product","link":"https:\/\/secureus.se\/dk\/larmbox-16-pol-par-skr-sk\/","title":{"rendered":"Alarmboks 16 Pole-Par Skr\/Sk"},"content":{"rendered":"<p>Lederforbindelse til 0,14-1mm2 ledning (skrue). Separat klemr\u00e6kke til indg\u00e5ende og udg\u00e5ende kabler. Komplet produkt i en lille hvid \u00e6ske af UL94-V0 plast (flammesikker og halogenfri) i stabil tykkelse. Forgreningsboksen kan suppleres med stabelbare v\u00e6gafstandsstykker i 6mm eller 13mm lange, se 2581.06 (Enr. 5015236) eller 2581.13 (Enr. 5015238) og lille v\u00e6gskilteplade se 3132.01 (Enr. 5015560).<\/p>","protected":false},"excerpt":{"rendered":"<p>Lederforbindelse til 0,14-1mm2 ledning (skrue). Separat klemr\u00e6kke til indg\u00e5ende og udg\u00e5ende kabler. Komplet produkt i en lille hvid \u00e6ske af UL94-V0 plast (flammesikker og halogenfri) i stabil tykkelse. Forgreningsboksen kan<\/p>","protected":false},"featured_media":142480,"template":"","meta":{"_acf_changed":false},"product_brand":[],"product_cat":[1545],"product_tag":[2216],"class_list":{"0":"post-52235","1":"product","2":"type-product","3":"status-publish","4":"has-post-thumbnail","6":"product_cat-kopplingsdosa-larmdosa","7":"product_tag-dosa-16-polig","8":"product_shipping_class-postnord-varubrev","9":"pa_brands-alarmtech","10":"pa_farg-vit","11":"tm-no-options","13":"first","14":"instock","15":"sale","16":"taxable","17":"shipping-taxable","18":"purchasable","19":"product-type-simple"},"acf":[],"_links":{"self":[{"href":"https:\/\/secureus.se\/dk\/wp-json\/wp\/v2\/product\/52235","targetHints":{"allow":["GET"]}}],"collection":[{"href":"https:\/\/secureus.se\/dk\/wp-json\/wp\/v2\/product"}],"about":[{"href":"https:\/\/secureus.se\/dk\/wp-json\/wp\/v2\/types\/product"}],"wp:featuredmedia":[{"embeddable":true,"href":"https:\/\/secureus.se\/dk\/wp-json\/wp\/v2\/media\/142480"}],"wp:attachment":[{"href":"https:\/\/secureus.se\/dk\/wp-json\/wp\/v2\/media?parent=52235"}],"wp:term":[{"taxonomy":"product_brand","embeddable":true,"href":"https:\/\/secureus.se\/dk\/wp-json\/wp\/v2\/product_brand?post=52235"},{"taxonomy":"product_cat","embeddable":true,"href":"https:\/\/secureus.se\/dk\/wp-json\/wp\/v2\/product_cat?post=52235"},{"taxonomy":"product_tag","embeddable":true,"href":"https:\/\/secureus.se\/dk\/wp-json\/wp\/v2\/product_tag?post=52235"}],"curies":[{"name":"wp","href":"https:\/\/api.w.org\/{rel}","templated":true}]}}