{"id":52241,"date":"2022-06-29T12:45:44","date_gmt":"2022-06-29T10:45:44","guid":{"rendered":"https:\/\/secureus.se\/produkt\/relakort-rel-2-12-24v-2-pol\/"},"modified":"2026-03-26T11:50:04","modified_gmt":"2026-03-26T10:50:04","slug":"relakort-rel-2-12-24v-2-pol","status":"publish","type":"product","link":"https:\/\/secureus.se\/dk\/relakort-rel-2-12-24v-2-pol\/","title":{"rendered":"Rel\u00e6kort Rel-2 12\/24V 2-Pol"},"content":{"rendered":"<p>\u2022 Ekstremt lavt str\u00f8mforbrug<br \/>\n\u2022 Stort sp\u00e6ndingsomr\u00e5de<br \/>\n\u2022 LED indikerer trukket rel\u00e6<br \/>\n\u2022 Kan styres med positiv eller negativ sp\u00e6nding<br \/>\n\u2022 To frit udskiftelige kontakter<br \/>\n\u2022 Lille format<\/p>\n<p>Data:<br \/>\nNormal sp\u00e6nding 12-24VDC (gr\u00e6nsesp\u00e6nding 10-35VDC)<br \/>\nForbrug. 10mA (12V)<br \/>\nKontaktdata. 2 x 1A (2A)<br \/>\nTemperaturomr\u00e5de: -25 til +65 C<\/p>\n<p>Rel\u00e6kort REL-2 bruges overalt, hvor du vil, f.eks. skifte polaritet, \u00f8ge et str\u00f8mudtag, skifte NC\/NO p\u00e5 en udgang osv. Ekstremt lavt str\u00f8mforbrug. Stort sp\u00e6ndingsomr\u00e5de. LED indikerer trukket rel\u00e6. Kan styres med positiv og negativ sp\u00e6nding. To frit udskiftelige kontakter. Lille format. Drivsp\u00e6nding: 11-28VDC. Forbrug: 10ma (12VDC). Kontaktdata: 2 x 1A (30VDC). Temperaturomr\u00e5de: -40 til +70 C.<\/p>","protected":false},"excerpt":{"rendered":"<p>Installat\u00f8rens bedste ven.<\/p>\n<p>Bruges overalt hvor du vil, f.eks. skifte polaritet, \u00f8ge en stikkontakt, skifte NC\/NO p\u00e5 en udgang osv.<\/p>","protected":false},"featured_media":142658,"template":"","meta":{"_acf_changed":false},"product_brand":[],"product_cat":[4151,1548],"product_tag":[2234],"class_list":{"0":"post-52241","1":"product","2":"type-product","3":"status-publish","4":"has-post-thumbnail","6":"product_cat-rela-12-volt","7":"product_cat-relaer-elektronik","8":"product_tag-rela-12-24v","9":"product_shipping_class-postnord-varubrev","10":"tm-no-options","12":"first","13":"instock","14":"sale","15":"taxable","16":"shipping-taxable","17":"purchasable","18":"product-type-simple"},"acf":[],"_links":{"self":[{"href":"https:\/\/secureus.se\/dk\/wp-json\/wp\/v2\/product\/52241","targetHints":{"allow":["GET"]}}],"collection":[{"href":"https:\/\/secureus.se\/dk\/wp-json\/wp\/v2\/product"}],"about":[{"href":"https:\/\/secureus.se\/dk\/wp-json\/wp\/v2\/types\/product"}],"wp:featuredmedia":[{"embeddable":true,"href":"https:\/\/secureus.se\/dk\/wp-json\/wp\/v2\/media\/142658"}],"wp:attachment":[{"href":"https:\/\/secureus.se\/dk\/wp-json\/wp\/v2\/media?parent=52241"}],"wp:term":[{"taxonomy":"product_brand","embeddable":true,"href":"https:\/\/secureus.se\/dk\/wp-json\/wp\/v2\/product_brand?post=52241"},{"taxonomy":"product_cat","embeddable":true,"href":"https:\/\/secureus.se\/dk\/wp-json\/wp\/v2\/product_cat?post=52241"},{"taxonomy":"product_tag","embeddable":true,"href":"https:\/\/secureus.se\/dk\/wp-json\/wp\/v2\/product_tag?post=52241"}],"curies":[{"name":"wp","href":"https:\/\/api.w.org\/{rel}","templated":true}]}}