{"id":52289,"date":"2022-06-28T13:16:11","date_gmt":"2022-06-28T11:16:11","guid":{"rendered":"https:\/\/secureus.se\/produkt\/skylt-branddorr-150x150-mm\/"},"modified":"2026-03-26T11:55:03","modified_gmt":"2026-03-26T10:55:03","slug":"skylt-branddorr-150x150-mm","status":"publish","type":"product","link":"https:\/\/secureus.se\/dk\/skylt-branddorr-150x150-mm\/","title":{"rendered":"Skilt Brandd\u00f8r 150X150 Mm"},"content":{"rendered":"<p>Skilt 150\u00d7150 mm trykt enkeltsidet p\u00e5 PET. Tekst: BRANDD\u00d8R Skal holdes lukket.<\/p>","protected":false},"excerpt":{"rendered":"<p>Skilt 150\u00d7150 mm trykt enkeltsidet p\u00e5 PET. Tekst: BRANDD\u00d8R Skal holdes lukket.<\/p>","protected":false},"featured_media":142404,"template":"","meta":{"_acf_changed":false},"product_brand":[],"product_cat":[1559],"product_tag":[],"class_list":{"0":"post-52289","1":"product","2":"type-product","3":"status-publish","4":"has-post-thumbnail","6":"product_cat-anvisningsskyltar-brandskydd","7":"product_shipping_class-tunga-paket","8":"tm-no-options","10":"first","11":"instock","12":"sale","13":"taxable","14":"shipping-taxable","15":"purchasable","16":"product-type-simple"},"acf":[],"_links":{"self":[{"href":"https:\/\/secureus.se\/dk\/wp-json\/wp\/v2\/product\/52289","targetHints":{"allow":["GET"]}}],"collection":[{"href":"https:\/\/secureus.se\/dk\/wp-json\/wp\/v2\/product"}],"about":[{"href":"https:\/\/secureus.se\/dk\/wp-json\/wp\/v2\/types\/product"}],"wp:featuredmedia":[{"embeddable":true,"href":"https:\/\/secureus.se\/dk\/wp-json\/wp\/v2\/media\/142404"}],"wp:attachment":[{"href":"https:\/\/secureus.se\/dk\/wp-json\/wp\/v2\/media?parent=52289"}],"wp:term":[{"taxonomy":"product_brand","embeddable":true,"href":"https:\/\/secureus.se\/dk\/wp-json\/wp\/v2\/product_brand?post=52289"},{"taxonomy":"product_cat","embeddable":true,"href":"https:\/\/secureus.se\/dk\/wp-json\/wp\/v2\/product_cat?post=52289"},{"taxonomy":"product_tag","embeddable":true,"href":"https:\/\/secureus.se\/dk\/wp-json\/wp\/v2\/product_tag?post=52289"}],"curies":[{"name":"wp","href":"https:\/\/api.w.org\/{rel}","templated":true}]}}