{"id":52291,"date":"2022-06-28T13:16:04","date_gmt":"2022-06-28T11:16:04","guid":{"rendered":"https:\/\/secureus.se\/produkt\/skylt-utrymning-pil-hoger\/"},"modified":"2026-03-26T11:55:11","modified_gmt":"2026-03-26T10:55:11","slug":"skylt-utrymning-pil-hoger","status":"publish","type":"product","link":"https:\/\/secureus.se\/dk\/skylt-utrymning-pil-hoger\/","title":{"rendered":"Skilt Evakuering Pil h\u00f8jre"},"content":{"rendered":"<p>Skilt 150\u00d7300 mm frigang pil h\u00f8jre trykt p\u00e5 aluminium enkeltsidet i reflekterende &quot;E-light&quot;<\/p>","protected":false},"excerpt":{"rendered":"<p>Skilt 150\u00d7300 mm frigang pil h\u00f8jre trykt p\u00e5 aluminium enkeltsidet i reflekterende &quot;E-light&quot;<\/p>","protected":false},"featured_media":142521,"template":"","meta":{"_acf_changed":false},"product_brand":[],"product_cat":[1559,1332],"product_tag":[],"class_list":{"0":"post-52291","1":"product","2":"type-product","3":"status-publish","4":"has-post-thumbnail","6":"product_cat-anvisningsskyltar-brandskydd","7":"product_cat-utrymning-tillbehor","8":"product_shipping_class-tunga-paket","9":"tm-no-options","11":"first","12":"instock","13":"sale","14":"taxable","15":"shipping-taxable","16":"purchasable","17":"product-type-simple"},"acf":[],"_links":{"self":[{"href":"https:\/\/secureus.se\/dk\/wp-json\/wp\/v2\/product\/52291","targetHints":{"allow":["GET"]}}],"collection":[{"href":"https:\/\/secureus.se\/dk\/wp-json\/wp\/v2\/product"}],"about":[{"href":"https:\/\/secureus.se\/dk\/wp-json\/wp\/v2\/types\/product"}],"wp:featuredmedia":[{"embeddable":true,"href":"https:\/\/secureus.se\/dk\/wp-json\/wp\/v2\/media\/142521"}],"wp:attachment":[{"href":"https:\/\/secureus.se\/dk\/wp-json\/wp\/v2\/media?parent=52291"}],"wp:term":[{"taxonomy":"product_brand","embeddable":true,"href":"https:\/\/secureus.se\/dk\/wp-json\/wp\/v2\/product_brand?post=52291"},{"taxonomy":"product_cat","embeddable":true,"href":"https:\/\/secureus.se\/dk\/wp-json\/wp\/v2\/product_cat?post=52291"},{"taxonomy":"product_tag","embeddable":true,"href":"https:\/\/secureus.se\/dk\/wp-json\/wp\/v2\/product_tag?post=52291"}],"curies":[{"name":"wp","href":"https:\/\/api.w.org\/{rel}","templated":true}]}}