{"id":52490,"date":"2022-06-28T13:16:47","date_gmt":"2022-06-28T11:16:47","guid":{"rendered":"https:\/\/secureus.se\/produkt\/dorrmagnet-cq-komp-24v-490n\/"},"modified":"2026-04-08T16:37:22","modified_gmt":"2026-04-08T14:37:22","slug":"dorrmagnet-cq-komp-24v-490n","status":"publish","type":"product","link":"https:\/\/secureus.se\/dk\/dorrmagnet-cq-komp-24v-490n\/","title":{"rendered":"D\u00f8rmagnet Cq Komp. 24V\/490N"},"content":{"rendered":"<p>CQ D\u00f8rmagnet komplet 24VDC, 490N med M8 centerhul inkl. fleksibel ankerbundplade leveres i pakke adskilt fra magnet. D\u00f8rmagnet godkendt til brandd\u00f8re i henhold til harmoniseret EU-standard EN1155. Integrerede dioder til h\u00e5ndtering af str\u00f8mspidser. Midterstift med afst\u00f8dningsfjeder forhindrer d\u00f8ren i at forblive i den oprejste position p\u00e5 grund af restmagnetisme. 490N, 24V, 62mA. Dimensioner magnet mm: 50\u00d730. Plastkabelhus har &quot;knockouts&quot; p\u00e5 begge sider for kabelindf\u00f8ring fra siden. Ved brug af CQ-vinkelbeslaget (E6300008) skal du bruge M8-skruerne, der f\u00f8lger med CQ Komplett og CQ M8, da det maksimale gevind i magneten er 8 mm. CQ Komplett leveres med fleksibelt anker, d\u00f8rmagnet med M8 centerhul, M8 skrue, bundplade separat og 3 skruer for mulighed for at fastg\u00f8re bundpladen til magneten evt.<\/p>","protected":false},"excerpt":{"rendered":"<p>CQ D\u00f8rmagnet komplet 24VDC, 490N med M8 centerhul inkl. fleksibel ankerbundplade leveres i pakke adskilt fra magnet. D\u00f8rmagnet godkendt til brandd\u00f8re i henhold til harmoniseret EU-standard EN1155. Integrerede dioder<\/p>","protected":false},"featured_media":142382,"template":"","meta":{"_acf_changed":false},"product_brand":[],"product_cat":[1560],"product_tag":[],"class_list":{"0":"post-52490","1":"product","2":"type-product","3":"status-publish","4":"has-post-thumbnail","6":"product_cat-branddorrstangning","7":"product_shipping_class-tunga-paket","8":"tm-no-options","10":"first","11":"outofstock","12":"sale","13":"taxable","14":"shipping-taxable","15":"purchasable","16":"product-type-simple"},"acf":[],"_links":{"self":[{"href":"https:\/\/secureus.se\/dk\/wp-json\/wp\/v2\/product\/52490","targetHints":{"allow":["GET"]}}],"collection":[{"href":"https:\/\/secureus.se\/dk\/wp-json\/wp\/v2\/product"}],"about":[{"href":"https:\/\/secureus.se\/dk\/wp-json\/wp\/v2\/types\/product"}],"wp:featuredmedia":[{"embeddable":true,"href":"https:\/\/secureus.se\/dk\/wp-json\/wp\/v2\/media\/142382"}],"wp:attachment":[{"href":"https:\/\/secureus.se\/dk\/wp-json\/wp\/v2\/media?parent=52490"}],"wp:term":[{"taxonomy":"product_brand","embeddable":true,"href":"https:\/\/secureus.se\/dk\/wp-json\/wp\/v2\/product_brand?post=52490"},{"taxonomy":"product_cat","embeddable":true,"href":"https:\/\/secureus.se\/dk\/wp-json\/wp\/v2\/product_cat?post=52490"},{"taxonomy":"product_tag","embeddable":true,"href":"https:\/\/secureus.se\/dk\/wp-json\/wp\/v2\/product_tag?post=52490"}],"curies":[{"name":"wp","href":"https:\/\/api.w.org\/{rel}","templated":true}]}}