{"id":52500,"date":"2022-06-28T13:15:28","date_gmt":"2022-06-28T11:15:28","guid":{"rendered":"https:\/\/secureus.se\/produkt\/brandfilt-silikon-120x180cm\/"},"modified":"2026-04-23T11:15:32","modified_gmt":"2026-04-23T09:15:32","slug":"brandfilt-silikon-120x180cm","status":"publish","type":"product","link":"https:\/\/secureus.se\/dk\/brandfilt-silikon-120x180cm\/","title":{"rendered":"Brandt\u00e6ppe Silikone 120X180Cm"},"content":{"rendered":"<h1>Brandt\u00e6ppe Silikone 120X180Cm<\/h1>\n<p>Silikone brandt\u00e6ppe 120 x 180 cm.<\/p>\n<p>Et silikonebelagt brandt\u00e6ppe kv\u00e6ler ilden hurtigere og reducerer risikoen for genant\u00e6ndelse markant.<\/p>\n<p>Brandt\u00e6ppet modst\u00e5r gasindtr\u00e6ngning og kan modst\u00e5 temperaturer op til 500 grader og slukker hurtigt mindre brande i for eksempel t\u00f8j eller kogegryder.<\/p>\n<p>Et brandt\u00e6ppe anbefales som supplement til en 6 kg ildslukker.<\/p>\n<p>Placer brandt\u00e6ppet synligt, hvor der kan v\u00e6re brandfare, fx i k\u00f8kkenet, garagen eller ved siden af en pejs.<\/p>\n<p>Kassem\u00e5l (BxH): 200 x 330 mm.<\/p>\n<p>Minimalt oprydningsarbejde efter slukning.<\/p>\n<p>Hurtigere slukning, mindre risiko for genant\u00e6ndelse.<\/p>\n<p>Opfylder kravene i EN 1869:2019.<\/p>","protected":false},"excerpt":{"rendered":"<p>Brandfilt Silikon 120X180Cm Brandfilt silikon 120 x 180 cm. En silikonbelagd brandfilt kv\u00e4ver branden snabbare och minskar avsev\u00e4rt risken f\u00f6r \u00e5terant\u00e4ndning. Brandfilten st\u00e5r emot gasgenomtr\u00e4ngning och t\u00e5l temperaturer upp till<\/p>","protected":false},"featured_media":142540,"template":"","meta":{"_acf_changed":false},"product_brand":[],"product_cat":[1533],"product_tag":[],"class_list":{"0":"post-52500","1":"product","2":"type-product","3":"status-publish","4":"has-post-thumbnail","6":"product_cat-brandslackare","7":"product_shipping_class-tunga-paket","8":"tm-no-options","10":"first","11":"outofstock","12":"sale","13":"taxable","14":"shipping-taxable","15":"purchasable","16":"product-type-simple"},"acf":[],"_links":{"self":[{"href":"https:\/\/secureus.se\/dk\/wp-json\/wp\/v2\/product\/52500","targetHints":{"allow":["GET"]}}],"collection":[{"href":"https:\/\/secureus.se\/dk\/wp-json\/wp\/v2\/product"}],"about":[{"href":"https:\/\/secureus.se\/dk\/wp-json\/wp\/v2\/types\/product"}],"wp:featuredmedia":[{"embeddable":true,"href":"https:\/\/secureus.se\/dk\/wp-json\/wp\/v2\/media\/142540"}],"wp:attachment":[{"href":"https:\/\/secureus.se\/dk\/wp-json\/wp\/v2\/media?parent=52500"}],"wp:term":[{"taxonomy":"product_brand","embeddable":true,"href":"https:\/\/secureus.se\/dk\/wp-json\/wp\/v2\/product_brand?post=52500"},{"taxonomy":"product_cat","embeddable":true,"href":"https:\/\/secureus.se\/dk\/wp-json\/wp\/v2\/product_cat?post=52500"},{"taxonomy":"product_tag","embeddable":true,"href":"https:\/\/secureus.se\/dk\/wp-json\/wp\/v2\/product_tag?post=52500"}],"curies":[{"name":"wp","href":"https:\/\/api.w.org\/{rel}","templated":true}]}}