{"id":52502,"date":"2022-06-28T13:15:09","date_gmt":"2022-06-28T11:15:09","guid":{"rendered":"https:\/\/secureus.se\/produkt\/pulverslackare-6-kg-55a-rod\/"},"modified":"2026-04-08T16:44:39","modified_gmt":"2026-04-08T14:44:39","slug":"pulverslackare-6-kg-55a-rod","status":"publish","type":"product","link":"https:\/\/secureus.se\/dk\/pulverslackare-6-kg-55a-rod\/","title":{"rendered":"Pulverslukker 6 Kg 55A R\u00f8d"},"content":{"rendered":"<p>Velegnet til kontoret, i v\u00e6rksteder, lokaler, villaen, lejligheden osv. Effektklasse 55A 233B C (h\u00f8jeste klasse). Genopfyldes af autoriseret servicetekniker. Fodring Trykladet pulverslukker, t\u00f8rt kemisk pulver. V\u00e6gt, fyldt: 17,5 kg. Slukningsmidler: ABC-pulver. Drivgas: Nitrogen (N2). Arbejdstryk: 14 bar ved +20\u00b0C. Funktionel mellem -30\u00b0C og +60\u00b0C. Sikkerhedsafstand: 1 meter. T\u00f8mmetid: 31 sek. Brandslukkeren er typegodkendt iht. SS-EN3-7. Tekst p\u00e5 svensk\/norsk Inkluderet i Pro Select<\/p>","protected":false},"excerpt":{"rendered":"<p>Velegnet til kontoret, i v\u00e6rksteder, lokaler, villaen, lejligheden osv. Effektklasse 55A 233B C (h\u00f8jeste klasse). Genopfyldes af autoriseret servicetekniker. Fodring Trykladet pulverslukker, t\u00f8rt kemisk pulver. V\u00e6gt, fyldt: 17,5 kg. Slukningsmidler:<\/p>","protected":false},"featured_media":142550,"template":"","meta":{"_acf_changed":false},"product_brand":[],"product_cat":[1533],"product_tag":[],"class_list":{"0":"post-52502","1":"product","2":"type-product","3":"status-publish","4":"has-post-thumbnail","6":"product_cat-brandslackare","7":"product_shipping_class-tunga-paket","8":"tm-no-options","10":"first","11":"instock","12":"sale","13":"taxable","14":"shipping-taxable","15":"purchasable","16":"product-type-simple"},"acf":[],"_links":{"self":[{"href":"https:\/\/secureus.se\/dk\/wp-json\/wp\/v2\/product\/52502","targetHints":{"allow":["GET"]}}],"collection":[{"href":"https:\/\/secureus.se\/dk\/wp-json\/wp\/v2\/product"}],"about":[{"href":"https:\/\/secureus.se\/dk\/wp-json\/wp\/v2\/types\/product"}],"wp:featuredmedia":[{"embeddable":true,"href":"https:\/\/secureus.se\/dk\/wp-json\/wp\/v2\/media\/142550"}],"wp:attachment":[{"href":"https:\/\/secureus.se\/dk\/wp-json\/wp\/v2\/media?parent=52502"}],"wp:term":[{"taxonomy":"product_brand","embeddable":true,"href":"https:\/\/secureus.se\/dk\/wp-json\/wp\/v2\/product_brand?post=52502"},{"taxonomy":"product_cat","embeddable":true,"href":"https:\/\/secureus.se\/dk\/wp-json\/wp\/v2\/product_cat?post=52502"},{"taxonomy":"product_tag","embeddable":true,"href":"https:\/\/secureus.se\/dk\/wp-json\/wp\/v2\/product_tag?post=52502"}],"curies":[{"name":"wp","href":"https:\/\/api.w.org\/{rel}","templated":true}]}}