{"id":52503,"date":"2022-06-28T13:14:57","date_gmt":"2022-06-28T11:14:57","guid":{"rendered":"https:\/\/secureus.se\/produkt\/brandslackare-6-kg-palmblad\/"},"modified":"2026-04-27T12:54:08","modified_gmt":"2026-04-27T10:54:08","slug":"brandslackare-6-kg-palmblad","status":"publish","type":"product","link":"https:\/\/secureus.se\/dk\/brandslackare-6-kg-palmblad\/","title":{"rendered":"Ildslukker 6 Kg Palmeblade - Stilfuldt design"},"content":{"rendered":"<p>Nexa ildslukker velegnet til villaen, lejligheden, sommerhuset, campingvognen, autocamperen, b\u00e5den osv. Virkningsgrad 43A 233B C. Trykladet pulverslukker, t\u00f8rt kemisk pulver. Kontroller manometeret regelm\u00e6ssigt mindst en gang om \u00e5ret. Slukningsmidler: ABC-pulver. Drivgas: Nitrogen (N2). Arbejdstryk: 14 bar ved +20\u00b0. Funktionel mellem -30\u00b0 og +60\u00b0. Sikkerhedsafstand 1 m V\u00e6gbeslag medf\u00f8lger.<\/p>","protected":false},"excerpt":{"rendered":"<p>Nexa ildslukker velegnet til villaen, lejligheden, sommerhuset, campingvognen, autocamperen, b\u00e5den osv. Virkningsgrad 43A 233B C. Trykladet pulverslukker, t\u00f8rt kemisk pulver. Kontroller manometeret regelm\u00e6ssigt mindst en gang om \u00e5ret. Slukningsmidler: ABC-pulver. Drivgas: Nitrogen<\/p>","protected":false},"featured_media":142887,"template":"","meta":{"_acf_changed":false},"product_brand":[],"product_cat":[1533],"product_tag":[],"class_list":{"0":"post-52503","1":"product","2":"type-product","3":"status-publish","4":"has-post-thumbnail","6":"product_cat-brandslackare","7":"product_shipping_class-tunga-paket","8":"pa_brands-nexa","9":"tm-no-options","11":"first","12":"instock","13":"sale","14":"taxable","15":"shipping-taxable","16":"purchasable","17":"product-type-simple"},"acf":[],"_links":{"self":[{"href":"https:\/\/secureus.se\/dk\/wp-json\/wp\/v2\/product\/52503","targetHints":{"allow":["GET"]}}],"collection":[{"href":"https:\/\/secureus.se\/dk\/wp-json\/wp\/v2\/product"}],"about":[{"href":"https:\/\/secureus.se\/dk\/wp-json\/wp\/v2\/types\/product"}],"wp:featuredmedia":[{"embeddable":true,"href":"https:\/\/secureus.se\/dk\/wp-json\/wp\/v2\/media\/142887"}],"wp:attachment":[{"href":"https:\/\/secureus.se\/dk\/wp-json\/wp\/v2\/media?parent=52503"}],"wp:term":[{"taxonomy":"product_brand","embeddable":true,"href":"https:\/\/secureus.se\/dk\/wp-json\/wp\/v2\/product_brand?post=52503"},{"taxonomy":"product_cat","embeddable":true,"href":"https:\/\/secureus.se\/dk\/wp-json\/wp\/v2\/product_cat?post=52503"},{"taxonomy":"product_tag","embeddable":true,"href":"https:\/\/secureus.se\/dk\/wp-json\/wp\/v2\/product_tag?post=52503"}],"curies":[{"name":"wp","href":"https:\/\/api.w.org\/{rel}","templated":true}]}}