{"id":53405,"date":"2022-06-23T15:27:16","date_gmt":"2022-06-23T13:27:16","guid":{"rendered":"https:\/\/secureus.se\/produkt\/rwc-nodsignalskn-drag-s-1-vit\/"},"modified":"2026-04-08T16:44:31","modified_gmt":"2026-04-08T14:44:31","slug":"rwc-nodsignalskn-drag-s-1-vit","status":"publish","type":"product","link":"https:\/\/secureus.se\/dk\/rwc-nodsignalskn-drag-s-1-vit\/","title":{"rendered":"Rwc N\u00f8dsignal skn Tr\u00e6k S.1 Hvid"},"content":{"rendered":"<p>N\u00f8dsignalknap med tr\u00e6ksnor, med ramme, tr\u00e6ksnorl\u00e6ngde 2 meter, v\u00e6g\/montage, skrueforbindelse, 24V, Serie berker S.1, Hvid.<\/p>","protected":false},"excerpt":{"rendered":"<p>N\u00f8dsignalknap med tr\u00e6ksnor, med ramme, tr\u00e6ksnorl\u00e6ngde 2 meter, v\u00e6g\/montage, skrueforbindelse, 24V, Serie berker S.1, Hvid.<\/p>","protected":false},"featured_media":143376,"template":"","meta":{"_acf_changed":false},"product_brand":[],"product_cat":[1605],"product_tag":[],"class_list":{"0":"post-53405","1":"product","2":"type-product","3":"status-publish","4":"has-post-thumbnail","6":"product_cat-komponenter-till-rwc-larm","7":"product_shipping_class-tunga-paket","8":"pa_farg-vit","9":"tm-no-options","11":"first","12":"outofstock","13":"sale","14":"taxable","15":"shipping-taxable","16":"purchasable","17":"product-type-simple"},"acf":[],"_links":{"self":[{"href":"https:\/\/secureus.se\/dk\/wp-json\/wp\/v2\/product\/53405","targetHints":{"allow":["GET"]}}],"collection":[{"href":"https:\/\/secureus.se\/dk\/wp-json\/wp\/v2\/product"}],"about":[{"href":"https:\/\/secureus.se\/dk\/wp-json\/wp\/v2\/types\/product"}],"wp:featuredmedia":[{"embeddable":true,"href":"https:\/\/secureus.se\/dk\/wp-json\/wp\/v2\/media\/143376"}],"wp:attachment":[{"href":"https:\/\/secureus.se\/dk\/wp-json\/wp\/v2\/media?parent=53405"}],"wp:term":[{"taxonomy":"product_brand","embeddable":true,"href":"https:\/\/secureus.se\/dk\/wp-json\/wp\/v2\/product_brand?post=53405"},{"taxonomy":"product_cat","embeddable":true,"href":"https:\/\/secureus.se\/dk\/wp-json\/wp\/v2\/product_cat?post=53405"},{"taxonomy":"product_tag","embeddable":true,"href":"https:\/\/secureus.se\/dk\/wp-json\/wp\/v2\/product_tag?post=53405"}],"curies":[{"name":"wp","href":"https:\/\/api.w.org\/{rel}","templated":true}]}}