{"id":53407,"date":"2022-06-23T15:26:53","date_gmt":"2022-06-23T13:26:53","guid":{"rendered":"https:\/\/secureus.se\/produkt\/rwc-nodsignalknapp-s-1-vit\/"},"modified":"2026-04-08T16:43:14","modified_gmt":"2026-04-08T14:43:14","slug":"rwc-nodsignalknapp-s-1-vit","status":"publish","type":"product","link":"https:\/\/secureus.se\/dk\/rwc-nodsignalknapp-s-1-vit\/","title":{"rendered":"Rwc N\u00f8dsignalknap S.1 Hvid"},"content":{"rendered":"<p>N\u00f8dsignalknap med ramme, med r\u00f8d alarmknap med linse til indikatorlys, -5 -+40\u00b0C, 24 V, Serie berker S.1, Hvid.<\/p>","protected":false},"excerpt":{"rendered":"<p>N\u00f8dsignalknap med ramme, med r\u00f8d alarmknap med linse til indikatorlys, -5 -+40\u00b0C, 24 V, Serie berker S.1, Hvid.<\/p>","protected":false},"featured_media":144168,"template":"","meta":{"_acf_changed":false},"product_brand":[],"product_cat":[1605],"product_tag":[],"class_list":{"0":"post-53407","1":"product","2":"type-product","3":"status-publish","4":"has-post-thumbnail","6":"product_cat-komponenter-till-rwc-larm","7":"product_shipping_class-tunga-paket","8":"pa_farg-vit","9":"tm-no-options","11":"first","12":"outofstock","13":"sale","14":"taxable","15":"shipping-taxable","16":"purchasable","17":"product-type-simple"},"acf":[],"_links":{"self":[{"href":"https:\/\/secureus.se\/dk\/wp-json\/wp\/v2\/product\/53407","targetHints":{"allow":["GET"]}}],"collection":[{"href":"https:\/\/secureus.se\/dk\/wp-json\/wp\/v2\/product"}],"about":[{"href":"https:\/\/secureus.se\/dk\/wp-json\/wp\/v2\/types\/product"}],"wp:featuredmedia":[{"embeddable":true,"href":"https:\/\/secureus.se\/dk\/wp-json\/wp\/v2\/media\/144168"}],"wp:attachment":[{"href":"https:\/\/secureus.se\/dk\/wp-json\/wp\/v2\/media?parent=53407"}],"wp:term":[{"taxonomy":"product_brand","embeddable":true,"href":"https:\/\/secureus.se\/dk\/wp-json\/wp\/v2\/product_brand?post=53407"},{"taxonomy":"product_cat","embeddable":true,"href":"https:\/\/secureus.se\/dk\/wp-json\/wp\/v2\/product_cat?post=53407"},{"taxonomy":"product_tag","embeddable":true,"href":"https:\/\/secureus.se\/dk\/wp-json\/wp\/v2\/product_tag?post=53407"}],"curies":[{"name":"wp","href":"https:\/\/api.w.org\/{rel}","templated":true}]}}