{"id":53418,"date":"2022-06-23T15:11:42","date_gmt":"2022-06-23T13:11:42","guid":{"rendered":"https:\/\/secureus.se\/produkt\/signaluttag\/"},"modified":"2026-04-23T11:58:33","modified_gmt":"2026-04-23T09:58:33","slug":"signaluttag","status":"publish","type":"product","link":"https:\/\/secureus.se\/dk\/signaluttag\/","title":{"rendered":"Signaludtag"},"content":{"rendered":"<p>Signalstikket er et v\u00e6gstik til 6,3 mm Jack-tilslutning (stereo). Den kan bruges i signal- og n\u00f8dopkaldsanl\u00e6g som udtag til betjeningsknappens tilslutningskabel, samt som udtag til h\u00f8retelefoner eller h\u00f8jttalere. M\u00e6rkningsmulighed i navneskiltet.<\/p>","protected":false},"excerpt":{"rendered":"<p>Signalstikket er et v\u00e6gstik til 6,3 mm Jack-tilslutning (stereo). Den kan bruges i signal- og n\u00f8dopkaldsanl\u00e6g som udtag til betjeningsknappens tilslutningskabel, samt som udtag til h\u00f8retelefoner eller h\u00f8jttalere. M\u00e6rkningsmulighed i navneskiltet.<\/p>","protected":false},"featured_media":144259,"template":"","meta":{"_acf_changed":false},"product_brand":[],"product_cat":[1608],"product_tag":[],"class_list":{"0":"post-53418","1":"product","2":"type-product","3":"status-publish","4":"has-post-thumbnail","6":"product_cat-larmknappar","7":"product_shipping_class-tunga-paket","8":"pa_farg-vit","9":"tm-no-options","11":"first","12":"outofstock","13":"sale","14":"taxable","15":"shipping-taxable","16":"purchasable","17":"product-type-simple"},"acf":[],"_links":{"self":[{"href":"https:\/\/secureus.se\/dk\/wp-json\/wp\/v2\/product\/53418","targetHints":{"allow":["GET"]}}],"collection":[{"href":"https:\/\/secureus.se\/dk\/wp-json\/wp\/v2\/product"}],"about":[{"href":"https:\/\/secureus.se\/dk\/wp-json\/wp\/v2\/types\/product"}],"wp:featuredmedia":[{"embeddable":true,"href":"https:\/\/secureus.se\/dk\/wp-json\/wp\/v2\/media\/144259"}],"wp:attachment":[{"href":"https:\/\/secureus.se\/dk\/wp-json\/wp\/v2\/media?parent=53418"}],"wp:term":[{"taxonomy":"product_brand","embeddable":true,"href":"https:\/\/secureus.se\/dk\/wp-json\/wp\/v2\/product_brand?post=53418"},{"taxonomy":"product_cat","embeddable":true,"href":"https:\/\/secureus.se\/dk\/wp-json\/wp\/v2\/product_cat?post=53418"},{"taxonomy":"product_tag","embeddable":true,"href":"https:\/\/secureus.se\/dk\/wp-json\/wp\/v2\/product_tag?post=53418"}],"curies":[{"name":"wp","href":"https:\/\/api.w.org\/{rel}","templated":true}]}}