{"id":53421,"date":"2022-06-23T15:28:26","date_gmt":"2022-06-23T13:28:26","guid":{"rendered":"https:\/\/secureus.se\/produkt\/trafo-infalld-230-12vac-6va\/"},"modified":"2026-04-23T11:58:22","modified_gmt":"2026-04-23T09:58:22","slug":"trafo-infalld-230-12vac-6va","status":"publish","type":"product","link":"https:\/\/secureus.se\/dk\/trafo-infalld-230-12vac-6va\/","title":{"rendered":"Transformer fors\u00e6nket 230\/12Vac 6Va"},"content":{"rendered":"<p>Transformator til fors\u00e6nket montering i rund enhedsboks c\/c 60mm eller overflademonteret i v\u00e6gramme 5020012 (h\u00f8jde 26mm). Sikret via indbygget termosikring p\u00e5 sekund\u00e6rsiden. Tryk p\u00e5 l\u00e5get: &quot;Transformer&quot; og &quot;230VAC\/12VAC&quot;. Tilslutning sker p\u00e5 en skrueterminal med ledningsbeskyttelse. D\u00e6kh\u00e6tte til skruefastg\u00f8relse af hvid termoplast.<\/p>","protected":false},"excerpt":{"rendered":"<p>Transformator til fors\u00e6nket montering i rund enhedsboks c\/c 60mm eller overflademonteret i v\u00e6gramme 5020012 (h\u00f8jde 26mm). Sikret via indbygget termosikring p\u00e5 sekund\u00e6rsiden. Tryk p\u00e5 l\u00e5get: &quot;Transformer&quot; og &quot;230VAC\/12VAC&quot;. Tilslutning finder sted<\/p>","protected":false},"featured_media":143503,"template":"","meta":{"_acf_changed":false},"product_brand":[],"product_cat":[1604],"product_tag":[],"class_list":{"0":"post-53421","1":"product","2":"type-product","3":"status-publish","4":"has-post-thumbnail","6":"product_cat-stromforsorjning-till-rwc-larm","7":"product_shipping_class-tunga-paket","8":"pa_brands-tjeders","9":"pa_farg-vit","10":"tm-no-options","12":"first","13":"instock","14":"sale","15":"taxable","16":"shipping-taxable","17":"purchasable","18":"product-type-simple"},"acf":[],"_links":{"self":[{"href":"https:\/\/secureus.se\/dk\/wp-json\/wp\/v2\/product\/53421","targetHints":{"allow":["GET"]}}],"collection":[{"href":"https:\/\/secureus.se\/dk\/wp-json\/wp\/v2\/product"}],"about":[{"href":"https:\/\/secureus.se\/dk\/wp-json\/wp\/v2\/types\/product"}],"wp:featuredmedia":[{"embeddable":true,"href":"https:\/\/secureus.se\/dk\/wp-json\/wp\/v2\/media\/143503"}],"wp:attachment":[{"href":"https:\/\/secureus.se\/dk\/wp-json\/wp\/v2\/media?parent=53421"}],"wp:term":[{"taxonomy":"product_brand","embeddable":true,"href":"https:\/\/secureus.se\/dk\/wp-json\/wp\/v2\/product_brand?post=53421"},{"taxonomy":"product_cat","embeddable":true,"href":"https:\/\/secureus.se\/dk\/wp-json\/wp\/v2\/product_cat?post=53421"},{"taxonomy":"product_tag","embeddable":true,"href":"https:\/\/secureus.se\/dk\/wp-json\/wp\/v2\/product_tag?post=53421"}],"curies":[{"name":"wp","href":"https:\/\/api.w.org\/{rel}","templated":true}]}}