{"id":53423,"date":"2022-06-23T15:27:55","date_gmt":"2022-06-23T13:27:55","guid":{"rendered":"https:\/\/secureus.se\/produkt\/anropsapp-drag-nodsignal\/"},"modified":"2026-04-23T11:58:49","modified_gmt":"2026-04-23T09:58:49","slug":"anropsapp-drag-nodsignal","status":"publish","type":"product","link":"https:\/\/secureus.se\/dk\/anropsapp-drag-nodsignal\/","title":{"rendered":"Ring til app Tr\u00e6k &quot;N\u00f8dsignal&quot;"},"content":{"rendered":"<p>Enheden indeholder en 2 meter lang tr\u00e6ksnor og en r\u00f8d kvitteringsdiode under en 2 mm lysleder i l\u00e5get. Tryk p\u00e5 l\u00e5get: &quot;N\u00f8dsignal&quot;. Tilslutning sker p\u00e5 en jackbar skrueterminal med ledningsbeskyttelse. Til fors\u00e6nket montering i en rund enhedsboks c\/c 60mm eller overflademonteret i v\u00e6gramme 5020012 (h\u00f8jde 16mm). D\u00e6kh\u00e6tte til skruefastg\u00f8relse af hvid termoplast.<\/p>","protected":false},"excerpt":{"rendered":"<p>Enheden indeholder en 2 meter lang tr\u00e6ksnor og en r\u00f8d kvitteringsdiode under en 2 mm lysleder i l\u00e5get. Tryk p\u00e5 l\u00e5get: &quot;N\u00f8dsignal&quot;. Tilslutning sker p\u00e5 en jackbar skrueterminal med ledningsbeskyttelse. Til fors\u00e6nket montering i rund<\/p>","protected":false},"featured_media":143735,"template":"","meta":{"_acf_changed":false},"product_brand":[],"product_cat":[1605],"product_tag":[],"class_list":{"0":"post-53423","1":"product","2":"type-product","3":"status-publish","4":"has-post-thumbnail","6":"product_cat-komponenter-till-rwc-larm","7":"product_shipping_class-tunga-paket","8":"pa_farg-vit","9":"tm-no-options","11":"first","12":"outofstock","13":"sale","14":"taxable","15":"shipping-taxable","16":"purchasable","17":"product-type-simple"},"acf":[],"_links":{"self":[{"href":"https:\/\/secureus.se\/dk\/wp-json\/wp\/v2\/product\/53423","targetHints":{"allow":["GET"]}}],"collection":[{"href":"https:\/\/secureus.se\/dk\/wp-json\/wp\/v2\/product"}],"about":[{"href":"https:\/\/secureus.se\/dk\/wp-json\/wp\/v2\/types\/product"}],"wp:featuredmedia":[{"embeddable":true,"href":"https:\/\/secureus.se\/dk\/wp-json\/wp\/v2\/media\/143735"}],"wp:attachment":[{"href":"https:\/\/secureus.se\/dk\/wp-json\/wp\/v2\/media?parent=53423"}],"wp:term":[{"taxonomy":"product_brand","embeddable":true,"href":"https:\/\/secureus.se\/dk\/wp-json\/wp\/v2\/product_brand?post=53423"},{"taxonomy":"product_cat","embeddable":true,"href":"https:\/\/secureus.se\/dk\/wp-json\/wp\/v2\/product_cat?post=53423"},{"taxonomy":"product_tag","embeddable":true,"href":"https:\/\/secureus.se\/dk\/wp-json\/wp\/v2\/product_tag?post=53423"}],"curies":[{"name":"wp","href":"https:\/\/api.w.org\/{rel}","templated":true}]}}