{"id":53439,"date":"2022-06-23T15:19:56","date_gmt":"2022-06-23T13:19:56","guid":{"rendered":"https:\/\/secureus.se\/produkt\/anropsapp-aterstalln-evaq-2-kn\/"},"modified":"2026-03-26T12:16:26","modified_gmt":"2026-03-26T11:16:26","slug":"anropsapp-aterstalln-evaq-2-kn","status":"publish","type":"product","link":"https:\/\/secureus.se\/dk\/anropsapp-aterstalln-evaq-2-kn\/","title":{"rendered":"Tjeders EVAQ 2 Kn Opkaldsenhed \/ Nulstil enhed"},"content":{"rendered":"<p>Enheden indeholder et display med 8 r\u00f8de\/gr\u00f8nne alfanumeriske tegn (tegnh\u00f8jde 12 mm), 1 r\u00f8d og 1 gr\u00f8n funktionsknap. R\u00f8d kvitteringsdiode og gr\u00f8n driftsindikation under en 2 mm lysleder i l\u00e5get. Buzzer med justerbar lydstyrke og alarm input\/output. Tryk p\u00e5 l\u00e5get: &quot;N\u00f8dsignal&quot; og &quot;Nulstil&quot;. Tilslutning sker p\u00e5 en skrueterminal med ledningsbeskyttelse placeret p\u00e5 en jackbar terminalplade. Husk at udfylde programmeringsskabelonen ved bestilling, da styreenheden er programmeret inden levering.<\/p>\n<p>E-mail nr. 5500531<\/p>\n<div id=\"section-c18\" class=\"section row section-1-cells entity-selectable\">\n<div class=\"cells wide\">\n<div id=\"c20\" class=\"cell column is-light twelve span-12 entity-selectable\">\n<div class=\"content\">\n<div class=\"widget html-widget\">\n<div class=\"tinymce\">\n<h2 id=\"ic_toc_link_1\"><strong>Ring til App\/Nulstil Evaq 2 Kn C<\/strong><\/h2>\n<\/div>\n<\/div>\n<\/div>\n<\/div>\n<\/div>\n<\/div>\n<div id=\"section-c28\" class=\"section row section-2-cells entity-selectable\">\n<div class=\"cells wide\">\n<div id=\"c34\" class=\"cell column is-light four span-4 entity-selectable\">\n<div class=\"content\">\n<div class=\"widget html-widget\">\n<div class=\"tinymce\">\n<p>Ring og nulstil enhed Evaq med display, r\u00f8d og gr\u00f8n funktionsknap. Tekst &quot;N\u00f8dsignal&quot; og &quot;Recovery&quot;.<\/p>\n<\/div>\n<\/div>\n<\/div>\n<\/div>\n<\/div>\n<\/div>\n<h3 class=\"action-buttons\"><strong>Funktionsbeskrivelse<\/strong><\/h3>\n<div id=\"section-c48\" class=\"section row section-2-cells entity-selectable\">\n<div class=\"cells wide\">\n<div id=\"c50\" class=\"cell column is-light six span-6 entity-selectable\">\n<div class=\"content\">\n<div class=\"widget html-widget\">\n<div class=\"tinymce\">\n<p>Enheden indeholder et display med 8 r\u00f8de\/gr\u00f8nne alfanumeriske tegn (tegnh\u00f8jde 12 mm), 1 r\u00f8d og 1 gr\u00f8n funktionsknap.<\/p>\n<p>R\u00f8d kvitteringsdiode og gr\u00f8n driftsindikation under en 2 mm lysleder i l\u00e5get. Buzzer med justerbar lydstyrke og input\/output til alarmer. Tryk p\u00e5 l\u00e5get: &quot;N\u00f8dsignal&quot; og &quot;Nulstil&quot;. Tilslutning sker p\u00e5 en skrueterminal med ledningsbeskyttelse placeret p\u00e5 en jackbar terminalplade.<\/p>\n<p>Til fors\u00e6nket montering i rund hvidevareboks c\/c 60mm eller overflademonteret i v\u00e6gramme 11060068 (E-nr. 5020012) (h\u00f8jde 26mm). D\u00e6kh\u00e6tte til skruefastg\u00f8relse af hvid termoplast.<\/p>\n<ul>\n<li><strong>Alarm input<\/strong><br \/>\nAktivering af indgangen (lukkekontakt) genererer en alarm p\u00e5 enheden.<\/li>\n<li><strong>Alarmudgang 1<\/strong><br \/>\nUdgang aktiveres i tilf\u00e6lde af alarm p\u00e5 enheden og deaktiveres, n\u00e5r alarmen nulstilles.<\/li>\n<li><strong>Alarmudgang 2<\/strong><br \/>\nUdgang aktiveres ved alarm p\u00e5 enheden og deaktiveres, n\u00e5r alarmen er blevet kvitteret.<\/li>\n<\/ul>\n<\/div>\n<\/div>\n<\/div>\n<\/div>\n<div id=\"c54\" class=\"cell column is-light six span-6 entity-selectable\">\n<div class=\"content\">\n<div class=\"widget html-widget callout-widget left\">\n<div class=\"content-toolbar\"><\/div>\n<div class=\"tinymce callout\">\n<h3 id=\"ic_toc_link_4\"><strong>Teknisk specifikation<\/strong><\/h3>\n<table class=\"procydoTable\" border=\"1\">\n<tbody>\n<tr>\n<td>V\u00e6gt<\/td>\n<td>133 g<\/td>\n<\/tr>\n<tr>\n<td>Leveringstid<\/td>\n<td>10 dage<\/td>\n<\/tr>\n<tr>\n<td>Driftssp\u00e6nding<\/td>\n<td>12-24 VDC +\/-15%<\/td>\n<\/tr>\n<tr>\n<td>Indgang til signalkontakt<\/td>\n<td>Lukning\/Brydning<\/td>\n<\/tr>\n<tr>\n<td>Dimensioner (enhed, ikke pakket) (H*B*Dj, mm)<\/td>\n<td>90x90x29<\/td>\n<\/tr>\n<tr>\n<td>Dimensioner (Enhed, pakket i en \u00e6ske) (H*B*Dj, mm)<\/td>\n<td>93x93x40<\/td>\n<\/tr>\n<tr>\n<td>Transistorudgang, \u00e5ben kollektortype (GND)<\/td>\n<td>Konklusion<\/td>\n<\/tr>\n<tr>\n<td>Output, Max Voltage (VDC)<\/td>\n<td>50<\/td>\n<\/tr>\n<tr>\n<td>Udgang, maks. str\u00f8m (mA)<\/td>\n<td>500<\/td>\n<\/tr>\n<tr>\n<td>V\u00e6gt (gram)<\/td>\n<td>133<\/td>\n<\/tr>\n<tr>\n<td>Maks. str\u00f8mforbrug ved 12 VDC (, mA)<\/td>\n<td>130<\/td>\n<\/tr>\n<tr>\n<td>Maks. str\u00f8mforbrug ved 24 VDC (, mA)<\/td>\n<td>70<\/td>\n<\/tr>\n<\/tbody>\n<\/table>\n<\/div>\n<div class=\"pointer-container\"><\/div>\n<\/div>\n<\/div>\n<\/div>\n<\/div>\n<\/div>\n<div id=\"section-c68\" class=\"section row section-2-cells entity-selectable\">\n<div class=\"cells wide\">\n<div id=\"c74\" class=\"cell column is-light eight span-8 entity-selectable\">\n<div class=\"content\">\n<div class=\"widget html-widget\">\n<div class=\"tinymce\">\n<h4 id=\"ic_toc_link_5\"><strong>Installation \/ Tilslutning<\/strong><\/h4>\n<p>Apparatet monteres fors\u00e6nket i en rund apparatboks c\/c 60mm eller udvendigt i en v\u00e6gramme.<\/p>\n<p>Der findes en r\u00e6kke tilbeh\u00f8r til montering i forskellige milj\u00f8er.<\/p>\n<p>Tilslutning sker p\u00e5 skrueklemmer med ledningsbeskyttelse.<br \/>\nTilslutning af alarmindgange og alarmudgange sker efter principdiagrammet.<\/p>\n<p><strong>Str\u00f8mforsyning<\/strong><\/p>\n<p>Enheden forsynes med 12 \u2013 24 VDC. Enhedens indgangssp\u00e6ndingsomr\u00e5de kan h\u00e5ndtere +\/- 15%.<\/p>\n<\/div>\n<\/div>\n<\/div>\n<\/div>\n<\/div>\n<\/div>\n<div id=\"section-c80\" class=\"section row section-1-cells entity-selectable\">\n<div class=\"cells wide\">\n<div id=\"c82\" class=\"cell column is-light twelve span-12 entity-selectable\">\n<div class=\"content\">\n<div class=\"widget html-widget\">\n<div class=\"tinymce\">\n<div class=\"image-cell\"><img decoding=\"async\" src=\"https:\/\/tjeders.infocaption.com\/media\/20210128\/247\/image_3.png\" alt=\"\" \/><\/div>\n<\/div>\n<\/div>\n<\/div>\n<\/div>\n<\/div>\n<\/div>\n<div id=\"section-c88\" class=\"section row section-1-cells entity-selectable\">\n<div class=\"section-sibling\"><\/div>\n<\/div>\n<div id=\"section-c96\" class=\"section row section-2-cells entity-selectable\">\n<div class=\"cells wide\">\n<div id=\"c102\" class=\"cell column is-light eight span-8 entity-selectable\">\n<div class=\"content\">\n<div class=\"widget html-widget\">\n<div class=\"tinymce\">\n<h4 id=\"ic_toc_link_6\"><strong>Montering \/ placering<\/strong><\/h4>\n<p>Til fors\u00e6nket montering i rund hvidevareboks c\/c 60mm eller overflademonteret i v\u00e6gramme 11060068 (E-nr. 5020012) (h\u00f8jde 26mm). D\u00e6kh\u00e6tte til skruefastg\u00f8relse af hvid termoplast.<\/p>\n<p>Enheden kan placeres p\u00e5 enhver position i l\u00f8kken.<\/p>\n<\/div>\n<\/div>\n<\/div>\n<\/div>\n<\/div>\n<\/div>\n<div id=\"section-c116\" class=\"section row section-2-cells entity-selectable\">\n<div class=\"cells wide\">\n<div id=\"c122\" class=\"cell column is-light eight span-8 entity-selectable\">\n<div class=\"content\">\n<div class=\"widget html-widget\">\n<div class=\"content-toolbar\"><\/div>\n<div class=\"tinymce\">\n<h4 id=\"ic_toc_link_7\"><strong>Programmering \/ Adressering \/ Indstillinger<\/strong><\/h4>\n<p>Enhedsadressen indstilles i henhold til specifik anl\u00e6gsdokumentation. Hver adresse har sin egen unikke tekst til alarmvisning i centralenheder.<\/p>\n<p>Alle Call App\/Restore-enheder skal adresseres i r\u00e6kkef\u00f8lge fra adresse 1 op til maksimalt 50.<\/p>\n<\/div>\n<\/div>\n<\/div>\n<\/div>\n<\/div>\n<\/div>\n<div id=\"section-c128\" class=\"section row section-2-cells entity-selectable\">\n<div class=\"cells wide\">\n<div id=\"c130\" class=\"cell column is-light six span-6 entity-selectable\">\n<div class=\"content\">\n<div class=\"widget html-widget\">\n<div class=\"tinymce\">\n<div class=\"image-cell\"><img decoding=\"async\" src=\"https:\/\/tjeders.infocaption.com\/media\/20210128\/247\/image_1.png\" alt=\"\" \/><\/div>\n<\/div>\n<\/div>\n<\/div>\n<\/div>\n<div id=\"c134\" class=\"cell column is-light six span-6 entity-selectable\">\n<div class=\"action-buttons\"><\/div>\n<div class=\"content-toolbar\"><\/div>\n<div class=\"content\">\n<div class=\"widget html-widget\">\n<div class=\"content-toolbar\"><\/div>\n<div class=\"tinymce\">\n<div class=\"image-cell\"><img decoding=\"async\" src=\"https:\/\/tjeders.infocaption.com\/media\/20210128\/247\/image_2.png\" alt=\"\" \/><\/div>\n<\/div>\n<\/div>\n<\/div>\n<\/div>\n<\/div>\n<\/div>","protected":false},"excerpt":{"rendered":"<p>Enheden indeholder et display med 8 r\u00f8de\/gr\u00f8nne alfanumeriske tegn (tegnh\u00f8jde 12 mm), 1 r\u00f8d og 1 gr\u00f8n funktionsknap. R\u00f8d kvitteringsdiode og gr\u00f8n driftsindikation under en 2 mm lysleder i l\u00e5get. Buzzer med justerbar lydstyrke<\/p>","protected":false},"featured_media":143774,"template":"","meta":{"_acf_changed":false},"product_brand":[],"product_cat":[1609],"product_tag":[],"class_list":{"0":"post-53439","1":"product","2":"type-product","3":"status-publish","4":"has-post-thumbnail","6":"product_cat-nod-evakueringslarm","7":"product_shipping_class-tunga-paket","8":"pa_brands-tjeders","9":"pa_farg-vit","10":"tm-no-options","12":"first","13":"instock","14":"sale","15":"taxable","16":"shipping-taxable","17":"purchasable","18":"product-type-simple"},"acf":[],"_links":{"self":[{"href":"https:\/\/secureus.se\/dk\/wp-json\/wp\/v2\/product\/53439","targetHints":{"allow":["GET"]}}],"collection":[{"href":"https:\/\/secureus.se\/dk\/wp-json\/wp\/v2\/product"}],"about":[{"href":"https:\/\/secureus.se\/dk\/wp-json\/wp\/v2\/types\/product"}],"wp:featuredmedia":[{"embeddable":true,"href":"https:\/\/secureus.se\/dk\/wp-json\/wp\/v2\/media\/143774"}],"wp:attachment":[{"href":"https:\/\/secureus.se\/dk\/wp-json\/wp\/v2\/media?parent=53439"}],"wp:term":[{"taxonomy":"product_brand","embeddable":true,"href":"https:\/\/secureus.se\/dk\/wp-json\/wp\/v2\/product_brand?post=53439"},{"taxonomy":"product_cat","embeddable":true,"href":"https:\/\/secureus.se\/dk\/wp-json\/wp\/v2\/product_cat?post=53439"},{"taxonomy":"product_tag","embeddable":true,"href":"https:\/\/secureus.se\/dk\/wp-json\/wp\/v2\/product_tag?post=53439"}],"curies":[{"name":"wp","href":"https:\/\/api.w.org\/{rel}","templated":true}]}}