{"id":53440,"date":"2022-06-23T15:19:47","date_gmt":"2022-06-23T13:19:47","guid":{"rendered":"https:\/\/secureus.se\/produkt\/centralenhet-evaq-2-kn\/"},"modified":"2026-04-23T12:00:56","modified_gmt":"2026-04-23T10:00:56","slug":"centralenhet-evaq-2-kn","status":"publish","type":"product","link":"https:\/\/secureus.se\/dk\/centralenhet-evaq-2-kn\/","title":{"rendered":"Central enhed Evaq 2 Kn"},"content":{"rendered":"<p>Centralenheden kan h\u00e5ndtere op til 50 alarmpunkter. Enheden indeholder et display med 8 r\u00f8de\/gr\u00f8nne alfanumeriske tegn (tegnh\u00f8jde 12 mm) og 2 gr\u00f8nne funktionsknapper. R\u00f8d kvitteringsdiode og gr\u00f8n driftsindikation under en 2 mm lysleder i l\u00e5get. Buzzer med justerbar lydstyrke og indgang til kontrolfunktion (aktivering af &quot;Kvittering&quot;). Udgange for summer, totalalarm og fejlalarm Tryk p\u00e5 l\u00e5get: &quot;Kvittering sker p\u00e5 en skrueklemme med ledningsbeskyttelse placeret p\u00e5 en stikbar klemplade.<\/p>","protected":false},"excerpt":{"rendered":"<p>Centralenheden kan h\u00e5ndtere op til 50 alarmpunkter. Enheden indeholder et display med 8 r\u00f8de\/gr\u00f8nne alfanumeriske tegn (tegnh\u00f8jde 12 mm) og 2 gr\u00f8nne funktionsknapper. R\u00f8d kvitteringsdiode og gr\u00f8n driftsindikation under en 2 mm lysguide<\/p>","protected":false},"featured_media":143425,"template":"","meta":{"_acf_changed":false},"product_brand":[],"product_cat":[1609],"product_tag":[],"class_list":{"0":"post-53440","1":"product","2":"type-product","3":"status-publish","4":"has-post-thumbnail","6":"product_cat-nod-evakueringslarm","7":"product_shipping_class-tunga-paket","8":"tm-no-options","10":"first","11":"outofstock","12":"sale","13":"taxable","14":"shipping-taxable","15":"purchasable","16":"product-type-simple"},"acf":[],"_links":{"self":[{"href":"https:\/\/secureus.se\/dk\/wp-json\/wp\/v2\/product\/53440","targetHints":{"allow":["GET"]}}],"collection":[{"href":"https:\/\/secureus.se\/dk\/wp-json\/wp\/v2\/product"}],"about":[{"href":"https:\/\/secureus.se\/dk\/wp-json\/wp\/v2\/types\/product"}],"wp:featuredmedia":[{"embeddable":true,"href":"https:\/\/secureus.se\/dk\/wp-json\/wp\/v2\/media\/143425"}],"wp:attachment":[{"href":"https:\/\/secureus.se\/dk\/wp-json\/wp\/v2\/media?parent=53440"}],"wp:term":[{"taxonomy":"product_brand","embeddable":true,"href":"https:\/\/secureus.se\/dk\/wp-json\/wp\/v2\/product_brand?post=53440"},{"taxonomy":"product_cat","embeddable":true,"href":"https:\/\/secureus.se\/dk\/wp-json\/wp\/v2\/product_cat?post=53440"},{"taxonomy":"product_tag","embeddable":true,"href":"https:\/\/secureus.se\/dk\/wp-json\/wp\/v2\/product_tag?post=53440"}],"curies":[{"name":"wp","href":"https:\/\/api.w.org\/{rel}","templated":true}]}}